{"id":83,"date":"2019-12-25T11:13:39","date_gmt":"2019-12-25T08:13:39","guid":{"rendered":"http:\/\/shtheme.org\/demosd\/enexus\/?page_id=83"},"modified":"2022-04-19T14:32:37","modified_gmt":"2022-04-19T11:32:37","slug":"tum-projeler","status":"publish","type":"page","link":"https:\/\/ikamid.org\/?page_id=83","title":{"rendered":"T\u00fcm Projeler"},"content":{"rendered":"\t\t<div data-elementor-type=\"wp-post\" data-elementor-id=\"83\" class=\"elementor elementor-83\" data-elementor-post-type=\"page\">\n\t\t\t\t\t\t<section class=\"elementor-section elementor-top-section elementor-element elementor-element-a945527 elementor-section-full_width elementor-section-height-default elementor-section-height-default\" data-id=\"a945527\" data-element_type=\"section\" data-e-type=\"section\">\n\t\t\t\t\t\t<div class=\"elementor-container elementor-column-gap-no\">\n\t\t\t\t\t<div class=\"elementor-column elementor-col-100 elementor-top-column elementor-element elementor-element-b445343\" data-id=\"b445343\" data-element_type=\"column\" data-e-type=\"column\">\n\t\t\t<div class=\"elementor-widget-wrap elementor-element-populated\">\n\t\t\t\t\t\t<div class=\"elementor-element elementor-element-934d2f1 elementor-align-center elementor-widget elementor-widget-bdevs-header\" data-id=\"934d2f1\" data-element_type=\"widget\" data-e-type=\"widget\" data-widget_type=\"bdevs-header.default\">\n\t\t\t\t<div class=\"elementor-widget-container\">\n\t\t\t\t\t\t\t\n\n\t\t<section class=\"page-title-section\">\n\t\t\t<div class=\"container\">\n\t\t\t\t<div class=\"row\">\n\t\t\t\t\t<div class=\"col-xl-12 text-center\">\n\t\t\t\t\t\t\t\t\t\t\t\t<h2 class=\"text-uppercase text-white mrb-10\">Projeler<\/h2>\n\t\t\t\t\t\t\t\t\t\t\t\t<ul class=\"mb-0 justify-content-center\">\n\t\t\t\t\t\t\t\t\t\t\t\t\t\t<li class=\"breadcrumb-item\"><a href=\"https:\/\/ikamid.org\/\" class=\"text-white\">Anasayfa<\/a><\/li>\n\t\t\t\t\t\t\t\t\t\t\t\t\t\t\t\t\t\t\t\t\t<li class=\"breadcrumb-item text-primary-color\">Projeler<\/li>\n\t\t\t\t\t\t\t\t\t\t\t\t\t<\/ul>\n\t\t\t\t\t<\/div>\n\t\t\t\t<\/div>\n\t\t\t<\/div>\n\t\t<\/section>\n\t\t\t\t\t<\/div>\n\t\t\t\t<\/div>\n\t\t\t\t\t<\/div>\n\t\t<\/div>\n\t\t\t\t\t<\/div>\n\t\t<\/section>\n\t\t\t\t<section class=\"elementor-section elementor-top-section elementor-element elementor-element-baf9b9a elementor-section-boxed elementor-section-height-default elementor-section-height-default\" data-id=\"baf9b9a\" data-element_type=\"section\" data-e-type=\"section\">\n\t\t\t\t\t\t<div class=\"elementor-container elementor-column-gap-default\">\n\t\t\t\t\t<div class=\"elementor-column elementor-col-100 elementor-top-column elementor-element elementor-element-7d9ad89\" data-id=\"7d9ad89\" data-element_type=\"column\" data-e-type=\"column\">\n\t\t\t<div class=\"elementor-widget-wrap elementor-element-populated\">\n\t\t\t\t\t\t<div class=\"elementor-element elementor-element-c2f1f40 elementor-widget elementor-widget-spacer\" data-id=\"c2f1f40\" data-element_type=\"widget\" data-e-type=\"widget\" data-widget_type=\"spacer.default\">\n\t\t\t\t<div class=\"elementor-widget-container\">\n\t\t\t\t\t\t\t<div class=\"elementor-spacer\">\n\t\t\t<div class=\"elementor-spacer-inner\"><\/div>\n\t\t<\/div>\n\t\t\t\t\t\t<\/div>\n\t\t\t\t<\/div>\n\t\t\t\t<div class=\"elementor-element elementor-element-0ab4720 elementor-widget elementor-widget-upk-alex-grid\" data-id=\"0ab4720\" data-element_type=\"widget\" data-e-type=\"widget\" data-widget_type=\"upk-alex-grid.default\">\n\t\t\t\t<div class=\"elementor-widget-container\">\n\t\t\t\t\t\n\t\t<div class=\"upk-alex-grid\">\n\t\t\t<div class=\"upk-alex-wrap upk-content-right upk-style-1\">\n\n\t\t\t\t\n\t\t\t\t\t\t\t<div class=\"upk-item\">\n\t\t\t<div class=\"upk-image-wrap\">\n\t\t\t\t\t\t<img decoding=\"async\" class=\"upk-img\" src=\"https:\/\/ikamid.org\/wp-content\/uploads\/2020\/02\/ik.webp\" alt=\"\u0130nsan Kaynaklar\u0131 Y\u00f6netimi Sertifika Program\u0131 3\">\n\t\t\n\t\t\t\t\t\t\n\t\n\t\t\t\t<div class=\"upk-content-wrap\">\n\n\t\t\t\t\t<div class=\"upk-content\">\n\t\t\t\t\t\t\t\t\t\t\t\t\t\t<h3 class=\"upk-title\">\n\t\t\t<a href=\"https:\/\/ikamid.org\/?project=insan-kaynaklari-yonetimi-sertifika-programi-3\" class=\"title-animation-\" title=\"\u0130nsan Kaynaklar\u0131 Y\u00f6netimi Sertifika Program\u0131 3\">\n\t\t\t\t\u0130nsan Kaynaklar\u0131 Y\u00f6netimi Sertifika Program\u0131 3\t\t\t<\/a>\n\t\t<\/h3>\n\t\t\t\t\t\t\t<\/div>\n\n\t\t\t\t\t\t\t<div class=\"upk-button-wrap\">\n\t\t\t<a href=\"https:\/\/ikamid.org\/?project=insan-kaynaklari-yonetimi-sertifika-programi-3\" class=\"upk-readmore\">\n\t\t\t\t<span class=\"upk-readmore-icon\"><span><\/span><\/span>\n\t\t\t<\/a>\n\t\t<\/div>\n\t\n\t\t\t\t<\/div>\n\t\t\t<\/div>\n\t\t<\/div>\n\t\n\t\t\t\t\n\t\t\t\t\t\t\t<div class=\"upk-item\">\n\t\t\t<div class=\"upk-image-wrap\">\n\t\t\t\t\t\t<img decoding=\"async\" class=\"upk-img\" src=\"https:\/\/ikamid.org\/wp-content\/uploads\/2022\/05\/hr-.webp\" alt=\"\u0130kamid &#038; Und \u0130nsan Kaynaklar\u0131 Sertifika Program\u0131\">\n\t\t\n\t\t\t\t\t\t\n\t\n\t\t\t\t<div class=\"upk-content-wrap\">\n\n\t\t\t\t\t<div class=\"upk-content\">\n\t\t\t\t\t\t\t\t\t\t\t\t\t\t<h3 class=\"upk-title\">\n\t\t\t<a href=\"https:\/\/ikamid.org\/?project=ikamid-und-insan-kaynaklari-sertifika-programi\" class=\"title-animation-\" title=\"\u0130kamid &#038; Und \u0130nsan Kaynaklar\u0131 Sertifika Program\u0131\">\n\t\t\t\t\u0130kamid &#038; Und \u0130nsan Kaynaklar\u0131 Sertifika Program\u0131\t\t\t<\/a>\n\t\t<\/h3>\n\t\t\t\t\t\t\t<\/div>\n\n\t\t\t\t\t\t\t<div class=\"upk-button-wrap\">\n\t\t\t<a href=\"https:\/\/ikamid.org\/?project=ikamid-und-insan-kaynaklari-sertifika-programi\" class=\"upk-readmore\">\n\t\t\t\t<span class=\"upk-readmore-icon\"><span><\/span><\/span>\n\t\t\t<\/a>\n\t\t<\/div>\n\t\n\t\t\t\t<\/div>\n\t\t\t<\/div>\n\t\t<\/div>\n\t\n\t\t\t\t\n\t\t\t\t\t\t\t<div class=\"upk-item\">\n\t\t\t<div class=\"upk-image-wrap\">\n\t\t\t\t\t\t<img decoding=\"async\" class=\"upk-img\" src=\"https:\/\/ikamid.org\/wp-content\/uploads\/2020\/02\/ik2.webp\" alt=\"Ko\u00e7un Benim\">\n\t\t\n\t\t\t\t\t\t\n\t\n\t\t\t\t<div class=\"upk-content-wrap\">\n\n\t\t\t\t\t<div class=\"upk-content\">\n\t\t\t\t\t\t\t\t\t\t\t\t\t\t<h3 class=\"upk-title\">\n\t\t\t<a href=\"https:\/\/ikamid.org\/?project=kocun-benim\" class=\"title-animation-\" title=\"Ko\u00e7un Benim\">\n\t\t\t\tKo\u00e7un Benim\t\t\t<\/a>\n\t\t<\/h3>\n\t\t\t\t\t\t\t<\/div>\n\n\t\t\t\t\t\t\t<div class=\"upk-button-wrap\">\n\t\t\t<a href=\"https:\/\/ikamid.org\/?project=kocun-benim\" class=\"upk-readmore\">\n\t\t\t\t<span class=\"upk-readmore-icon\"><span><\/span><\/span>\n\t\t\t<\/a>\n\t\t<\/div>\n\t\n\t\t\t\t<\/div>\n\t\t\t<\/div>\n\t\t<\/div>\n\t\n\t\t\t\t\n\t\t\t<\/div>\n\t\t<\/div>\n\n\t\t\t\t\t\t<\/div>\n\t\t\t\t<\/div>\n\t\t\t\t\t<\/div>\n\t\t<\/div>\n\t\t\t\t\t<\/div>\n\t\t<\/section>\n\t\t\t\t<section class=\"elementor-section elementor-top-section elementor-element elementor-element-0f86533 elementor-section-boxed elementor-section-height-default elementor-section-height-default\" data-id=\"0f86533\" data-element_type=\"section\" data-e-type=\"section\">\n\t\t\t\t\t\t<div class=\"elementor-container elementor-column-gap-default\">\n\t\t\t\t\t<div class=\"elementor-column elementor-col-100 elementor-top-column elementor-element elementor-element-a4b103f\" data-id=\"a4b103f\" data-element_type=\"column\" data-e-type=\"column\">\n\t\t\t<div class=\"elementor-widget-wrap elementor-element-populated\">\n\t\t\t\t\t\t<div class=\"elementor-element elementor-element-430febd elementor-widget elementor-widget-spacer\" data-id=\"430febd\" data-element_type=\"widget\" data-e-type=\"widget\" data-widget_type=\"spacer.default\">\n\t\t\t\t<div class=\"elementor-widget-container\">\n\t\t\t\t\t\t\t<div class=\"elementor-spacer\">\n\t\t\t<div class=\"elementor-spacer-inner\"><\/div>\n\t\t<\/div>\n\t\t\t\t\t\t<\/div>\n\t\t\t\t<\/div>\n\t\t\t\t\t<\/div>\n\t\t<\/div>\n\t\t\t\t\t<\/div>\n\t\t<\/section>\n\t\t\t\t<\/div>\n\t\t","protected":false},"excerpt":{"rendered":"<p>Projeler Anasayfa Projeler \u0130nsan Kaynaklar\u0131 Y\u00f6netimi Sertifika Program\u0131 Ko\u00e7um Benim<\/p>\n","protected":false},"author":1,"featured_media":0,"parent":0,"menu_order":0,"comment_status":"closed","ping_status":"closed","template":"page-templates\/home2.php","meta":{"footnotes":""},"class_list":["post-83","page","type-page","status-publish","hentry"],"_links":{"self":[{"href":"https:\/\/ikamid.org\/index.php?rest_route=\/wp\/v2\/pages\/83","targetHints":{"allow":["GET"]}}],"collection":[{"href":"https:\/\/ikamid.org\/index.php?rest_route=\/wp\/v2\/pages"}],"about":[{"href":"https:\/\/ikamid.org\/index.php?rest_route=\/wp\/v2\/types\/page"}],"author":[{"embeddable":true,"href":"https:\/\/ikamid.org\/index.php?rest_route=\/wp\/v2\/users\/1"}],"replies":[{"embeddable":true,"href":"https:\/\/ikamid.org\/index.php?rest_route=%2Fwp%2Fv2%2Fcomments&post=83"}],"version-history":[{"count":8,"href":"https:\/\/ikamid.org\/index.php?rest_route=\/wp\/v2\/pages\/83\/revisions"}],"predecessor-version":[{"id":953,"href":"https:\/\/ikamid.org\/index.php?rest_route=\/wp\/v2\/pages\/83\/revisions\/953"}],"wp:attachment":[{"href":"https:\/\/ikamid.org\/index.php?rest_route=%2Fwp%2Fv2%2Fmedia&parent=83"}],"curies":[{"name":"wp","href":"https:\/\/api.w.org\/{rel}","templated":true}]}}