{"id":754,"date":"2022-03-18T16:22:32","date_gmt":"2022-03-18T13:22:32","guid":{"rendered":"http:\/\/fikirisleri.com\/ikamid\/?page_id=754"},"modified":"2026-02-11T18:12:45","modified_gmt":"2026-02-11T15:12:45","slug":"dernek-uyeligi","status":"publish","type":"page","link":"https:\/\/ikamid.org\/?page_id=754","title":{"rendered":"Dernek \u00dcyeli\u011fi"},"content":{"rendered":"\t\t<div data-elementor-type=\"wp-page\" data-elementor-id=\"754\" class=\"elementor elementor-754\" data-elementor-post-type=\"page\">\n\t\t\t\t\t\t<section class=\"elementor-section elementor-top-section elementor-element elementor-element-bbf8a04 elementor-section-full_width elementor-section-height-default elementor-section-height-default\" data-id=\"bbf8a04\" data-element_type=\"section\" data-e-type=\"section\">\n\t\t\t\t\t\t<div class=\"elementor-container elementor-column-gap-no\">\n\t\t\t\t\t<div class=\"elementor-column elementor-col-100 elementor-top-column elementor-element elementor-element-f9cd05b\" data-id=\"f9cd05b\" data-element_type=\"column\" data-e-type=\"column\">\n\t\t\t<div class=\"elementor-widget-wrap elementor-element-populated\">\n\t\t\t\t\t\t<div class=\"elementor-element elementor-element-0c0ad69 elementor-align-left elementor-widget elementor-widget-bdevs-header\" data-id=\"0c0ad69\" data-element_type=\"widget\" data-e-type=\"widget\" data-widget_type=\"bdevs-header.default\">\n\t\t\t\t<div class=\"elementor-widget-container\">\n\t\t\t\t\t\t\t\n\n\t\t<section class=\"page-title-section\">\n\t\t\t<div class=\"container\">\n\t\t\t\t<div class=\"row\">\n\t\t\t\t\t<div class=\"col-xl-12 text-center\">\n\t\t\t\t\t\t\t\t\t\t\t\t<h2 class=\"text-uppercase text-white mrb-10\">Dernek \u00dcyeli\u011fi<\/h2>\n\t\t\t\t\t\t\t\t\t\t\t\t<ul class=\"mb-0 justify-content-center\">\n\t\t\t\t\t\t\t\t\t\t\t\t\t\t<li class=\"breadcrumb-item\"><a href=\"https:\/\/ikamid.org\/\" class=\"text-white\">Anasayfa<\/a><\/li>\n\t\t\t\t\t\t\t\t\t\t\t\t\t\t\t\t\t\t\t\t\t<li class=\"breadcrumb-item text-primary-color\">Dernek \u00dcyeli\u011fi<\/li>\n\t\t\t\t\t\t\t\t\t\t\t\t\t<\/ul>\n\t\t\t\t\t<\/div>\n\t\t\t\t<\/div>\n\t\t\t<\/div>\n\t\t<\/section>\n\t\t\t\t\t<\/div>\n\t\t\t\t<\/div>\n\t\t\t\t\t<\/div>\n\t\t<\/div>\n\t\t\t\t\t<\/div>\n\t\t<\/section>\n\t\t\t\t<section class=\"elementor-section elementor-top-section elementor-element elementor-element-11b7fd7 elementor-section-boxed elementor-section-height-default elementor-section-height-default\" data-id=\"11b7fd7\" data-element_type=\"section\" data-e-type=\"section\">\n\t\t\t\t\t\t<div class=\"elementor-container elementor-column-gap-default\">\n\t\t\t\t\t<div class=\"elementor-column elementor-col-100 elementor-top-column elementor-element elementor-element-eca0947\" data-id=\"eca0947\" data-element_type=\"column\" data-e-type=\"column\">\n\t\t\t<div class=\"elementor-widget-wrap elementor-element-populated\">\n\t\t\t\t\t\t<div class=\"elementor-element elementor-element-1ac4370 elementor-widget elementor-widget-spacer\" data-id=\"1ac4370\" data-element_type=\"widget\" data-e-type=\"widget\" data-widget_type=\"spacer.default\">\n\t\t\t\t<div class=\"elementor-widget-container\">\n\t\t\t\t\t\t\t<div class=\"elementor-spacer\">\n\t\t\t<div class=\"elementor-spacer-inner\"><\/div>\n\t\t<\/div>\n\t\t\t\t\t\t<\/div>\n\t\t\t\t<\/div>\n\t\t\t\t\t<\/div>\n\t\t<\/div>\n\t\t\t\t\t<\/div>\n\t\t<\/section>\n\t\t\t\t<section class=\"elementor-section elementor-top-section elementor-element elementor-element-c60f592 elementor-section-boxed elementor-section-height-default elementor-section-height-default\" data-id=\"c60f592\" data-element_type=\"section\" data-e-type=\"section\">\n\t\t\t\t\t\t<div class=\"elementor-container elementor-column-gap-default\">\n\t\t\t\t\t<div class=\"elementor-column elementor-col-100 elementor-top-column elementor-element elementor-element-7f60002\" data-id=\"7f60002\" data-element_type=\"column\" data-e-type=\"column\">\n\t\t\t<div class=\"elementor-widget-wrap elementor-element-populated\">\n\t\t\t\t\t\t<div class=\"elementor-element elementor-element-edac3e9 elementor-widget__width-initial elementor-cta--skin-classic elementor-animated-content elementor-bg-transform elementor-bg-transform-zoom-in elementor-widget elementor-widget-call-to-action\" data-id=\"edac3e9\" data-element_type=\"widget\" data-e-type=\"widget\" data-widget_type=\"call-to-action.default\">\n\t\t\t\t<div class=\"elementor-widget-container\">\n\t\t\t\t\t\t\t<div class=\"elementor-cta\">\n\t\t\t\t\t\t\t<div class=\"elementor-cta__content\">\n\t\t\t\t\n\t\t\t\t\t\t\t\t\t<h2 class=\"elementor-cta__title elementor-cta__content-item elementor-content-item\">\n\t\t\t\t\t\t\u00dcyelik Ba\u015fvuru Formu \u0130\u00e7in T\u0131klay\u0131n\u0131z.\t\t\t\t\t<\/h2>\n\t\t\t\t\n\t\t\t\t\t\t\t\t\t<div class=\"elementor-cta__description elementor-cta__content-item elementor-content-item\">\n\t\t\t\t\t\t\u00dcyelik formunu doldururken sormak veya dan\u0131\u015fmak istedi\u011finiz konular i\u00e7in, mesai saatleri i\u00e7erisinde <br>+90 530 939 11 42 numaray\u0131 arayabilirsiniz.\t\t\t\t\t<\/div>\n\t\t\t\t\n\t\t\t\t\t\t\t\t\t<div class=\"elementor-cta__button-wrapper elementor-cta__content-item elementor-content-item \">\n\t\t\t\t\t<a class=\"elementor-cta__button elementor-button elementor-size-\" href=\"https:\/\/forms.gle\/ZydRxuqehNWpAS828\">\n\t\t\t\t\t\t\u00dcye Ol\t\t\t\t\t<\/a>\n\t\t\t\t\t<\/div>\n\t\t\t\t\t\t\t<\/div>\n\t\t\t\t\t\t<\/div>\n\t\t\t\t\t\t<\/div>\n\t\t\t\t<\/div>\n\t\t\t\t\t<\/div>\n\t\t<\/div>\n\t\t\t\t\t<\/div>\n\t\t<\/section>\n\t\t\t\t<section class=\"elementor-section elementor-top-section elementor-element elementor-element-499e96d elementor-section-boxed elementor-section-height-default elementor-section-height-default\" data-id=\"499e96d\" data-element_type=\"section\" data-e-type=\"section\">\n\t\t\t\t\t\t<div class=\"elementor-container elementor-column-gap-default\">\n\t\t\t\t\t<div class=\"elementor-column elementor-col-50 elementor-top-column elementor-element elementor-element-9f02a13\" data-id=\"9f02a13\" data-element_type=\"column\" data-e-type=\"column\">\n\t\t\t<div class=\"elementor-widget-wrap elementor-element-populated\">\n\t\t\t\t\t\t<div class=\"elementor-element elementor-element-2d3dec6 elementor-widget elementor-widget-text-editor\" data-id=\"2d3dec6\" data-element_type=\"widget\" data-e-type=\"widget\" data-widget_type=\"text-editor.default\">\n\t\t\t\t<div class=\"elementor-widget-container\">\n\t\t\t\t\t\t\t\t\t<p class=\"p1\"><b>\u0130KAM\u0130D Bireysel \u00dcyelik Ba\u015fvuru Kriterleri<\/b><\/p><p class=\"p3\">\u0130nsan Kaynaklar\u0131 Mesleki \u0130\u015f Birli\u011fi Derne\u011fi (\u0130KAM\u0130D), yaln\u0131zca <b>insan kaynaklar\u0131 mesle\u011fiyle do\u011frudan veya dolayl\u0131 ili\u015fkisi bulunan profesyonellerin ve kurumlar\u0131n<\/b> \u00fcyeli\u011fini kabul eden, mesleki dayan\u0131\u015fmay\u0131 ve uzmanl\u0131\u011f\u0131 esas alan bir sivil toplum kurulu\u015fudur.<br \/>Bu nedenle a\u015fa\u011f\u0131da belirtilen \u015fartlar\u0131 ta\u015f\u0131mayan ki\u015filerin \u00fcyelik ba\u015fvurular\u0131 de\u011ferlendirmeye al\u0131nmaz.<br \/><br \/><b>1. Mesleki Uygunluk Kriterleri<br \/><\/b>Ba\u015fvuru sahibinin a\u015fa\u011f\u0131daki alanlardan <b>en az biri<\/b> ile aktif ili\u015fkisinin bulunmas\u0131 gerekmektedir:<\/p><ul class=\"ul1\"><li class=\"li3\">\u0130nsan Kaynaklar\u0131 Y\u00f6netimi<\/li><li class=\"li3\">\u0130\u015fe Al\u0131m &amp; Yetenek Kazan\u0131m\u0131<\/li><li class=\"li3\">Bordro &amp; \u00d6zl\u00fck \u0130\u015fleri<\/li><li class=\"li3\">Organizasyonel Geli\u015fim<\/li><li class=\"li3\">E\u011fitim &amp; Geli\u015fim \/ Akademik \u00c7al\u0131\u015fmalar<\/li><li class=\"li3\">Performans &amp; Kariyer Y\u00f6netimi<\/li><li class=\"li3\">\u0130K Dijitalle\u015fmesi \/ HR Tech<\/li><li class=\"li3\">\u0130\u015f Hukuku, KVKK, Bordro &amp; Yan Haklar Dan\u0131\u015fmanl\u0131\u011f\u0131<\/li><li class=\"li3\">OSGB \/ \u0130SG \u0130nsan Kaynaklar\u0131 yap\u0131lanmalar\u0131<\/li><li class=\"li3\">\u0130nsan kaynaklar\u0131 alan\u0131nda faaliyet g\u00f6steren dan\u0131\u015fmanl\u0131k firmalar\u0131<\/li><li class=\"li3\">\u0130nsan kaynaklar\u0131 yaz\u0131l\u0131m\u0131 \/ platformu geli\u015ftiren \u015firketler.<p><b>2. Etik ve Mesleki Uyum<\/b><span style=\"color: #2b2350;\"><b><br \/><\/b><\/span>Ba\u015fvuru sahibinin;<br \/>Mesleki etik kurallara uygun davranmay\u0131,<br \/>\u0130KAM\u0130D t\u00fcz\u00fc\u011f\u00fc ve meslek ilkelerine uyum sa\u011flamay\u0131,<br \/>Dernek faaliyetlerine aktif kat\u0131l\u0131m g\u00f6stermeyi,<br \/>Meslek itibar\u0131n\u0131 zedeleyici faaliyetlerde bulunmamay\u0131 taahh\u00fct etmesi zorunludur.<\/p><\/li><\/ul><p class=\"p3\"><b>3. Yasal K\u0131s\u0131t<br \/><\/b><b>Resm\u00ee Kolluk Kuvvetleri personeli\u00a0<\/b>(Emniyet, Jandarma, Sahil G\u00fcvenlik vb. kamu g\u00f6revlileri)\u00a0<b>mevzuat gere\u011fi dernek \u00fcyeli\u011fine kabul edilmez.\u00a0<\/b>Bu kapsamda yap\u0131lan ba\u015fvurular de\u011ferlendirmeye al\u0131nmaks\u0131z\u0131n reddedilir.<\/p><p class=\"p3\"><b>4. Onay S\u00fcreci<\/b><span style=\"color: #2b2350;\"><b><br \/><\/b><\/span>T\u00fcm ba\u015fvurular, \u0130KAM\u0130D \u00dcyelik \u0130\u015flemlerinden Sorumlu Ba\u015fkan Yard\u0131mc\u0131s\u0131 taraf\u0131ndan de\u011ferlendirilir. Gerekli g\u00f6r\u00fclen durumlarda adaydan ek bilgi ve belge talep edilebilir.<\/p><p><strong>Bireysel \u00dcyelik;<br \/><\/strong>\u2022 N\u00fcfus C\u00fczdan\u0131 kopyan\u0131z\u0131, <br \/>\u2022 Adli Sicil Kayd\u0131n\u0131z\u0131, <br \/>\u2022 \u0130kametg\u00e2h Bildiriminizi, <br \/>\u2022 \u00dcyelik \u00fccretini yat\u0131rd\u0131\u011f\u0131n\u0131za dair dekontu,<br \/>&#8211; Ekte bulabilece\u011finiz \u00fcye ba\u015fvuru formunuzu,<br \/>\u0130KAM\u0130D, uygun g\u00f6rmedi\u011fi ba\u015fvurular\u0131 gerek\u00e7e g\u00f6stermeksizin reddetme hakk\u0131n\u0131 sakl\u0131 tutar.<\/p><p><b>Bireysel \u00dcyelik \u00dccretleri;<\/b><img fetchpriority=\"high\" decoding=\"async\" class=\"alignnone wp-image-3007 size-full\" src=\"https:\/\/ikamid.org\/wp-content\/uploads\/2026\/01\/Screenshot-2026-01-06-at-15.29.37.png\" alt=\"\" width=\"2142\" height=\"916\" srcset=\"https:\/\/ikamid.org\/wp-content\/uploads\/2026\/01\/Screenshot-2026-01-06-at-15.29.37.png 2142w, https:\/\/ikamid.org\/wp-content\/uploads\/2026\/01\/Screenshot-2026-01-06-at-15.29.37-300x128.png 300w, https:\/\/ikamid.org\/wp-content\/uploads\/2026\/01\/Screenshot-2026-01-06-at-15.29.37-1024x438.png 1024w, https:\/\/ikamid.org\/wp-content\/uploads\/2026\/01\/Screenshot-2026-01-06-at-15.29.37-768x328.png 768w, https:\/\/ikamid.org\/wp-content\/uploads\/2026\/01\/Screenshot-2026-01-06-at-15.29.37-1536x657.png 1536w, https:\/\/ikamid.org\/wp-content\/uploads\/2026\/01\/Screenshot-2026-01-06-at-15.29.37-2048x876.png 2048w\" sizes=\"(max-width: 2142px) 100vw, 2142px\" \/><\/p><p><strong>\u00d6deme Bilgileri<\/strong><br \/>IBAN NO : <strong>TR56 0001 5001 5800 7308 4783 87<\/strong><br \/>Hesap Ad\u0131: <strong>\u0130NSAN KAYNAKLARI MESLEK\u0130 \u0130\u015eB\u0130RL\u0130\u011e\u0130 DERNE\u011e\u0130<\/strong><\/p>\t\t\t\t\t\t\t\t<\/div>\n\t\t\t\t<\/div>\n\t\t\t\t\t<\/div>\n\t\t<\/div>\n\t\t\t\t<div class=\"elementor-column elementor-col-50 elementor-top-column elementor-element elementor-element-bfefe58\" data-id=\"bfefe58\" data-element_type=\"column\" data-e-type=\"column\">\n\t\t\t<div class=\"elementor-widget-wrap elementor-element-populated\">\n\t\t\t\t\t\t<div class=\"elementor-element elementor-element-de414ae elementor-widget__width-initial elementor-widget elementor-widget-text-editor\" data-id=\"de414ae\" data-element_type=\"widget\" data-e-type=\"widget\" data-widget_type=\"text-editor.default\">\n\t\t\t\t<div class=\"elementor-widget-container\">\n\t\t\t\t\t\t\t\t\t<p class=\"p1\"><b>\u0130KAM\u0130D Kurumsal \u00dcyelik \u015eartlar\u0131<\/b><\/p><p class=\"p3\">\u0130nsan Kaynaklar\u0131 Mesleki \u0130\u015f Birli\u011fi Derne\u011fi (\u0130KAM\u0130D), yaln\u0131zca bireysel meslek mensuplar\u0131n\u0131 de\u011fil, <b>insan kaynaklar\u0131 mesle\u011fini desteklemeyi, meslekta\u015flara katk\u0131 sunmay\u0131 ve sekt\u00f6r\u00fcn geli\u015fimine de\u011fer katmay\u0131 ama\u00e7layan t\u00fcm \u015firketleri<\/b> kurumsal \u00fcye olarak kabul etmektedir.<\/p><p class=\"p3\">Bu kapsamda kurumsal \u00fcyelik ba\u015fvurular\u0131nda \u015firketin do\u011frudan insan kaynaklar\u0131 alan\u0131nda faaliyet g\u00f6stermesi \u015fart\u0131 aranmaz.<\/p><p class=\"p3\"><b>Kurumsal \u00dcyelik \u0130\u00e7in Temel Kriterler<\/b><\/p><p class=\"p3\">A\u015fa\u011f\u0131daki \u015fartlar\u0131 sa\u011flayan t\u00fcm \u015firketler kurumsal \u00fcyelik ba\u015fvurusu yapabilir:<br \/>\u0130nsan kaynaklar\u0131 mesle\u011finin geli\u015fimine katk\u0131 sunmay\u0131 hedeflemesi,<br \/>Meslekta\u015flar\u0131n geli\u015fimini destekleyen projelere a\u00e7\u0131k olmas\u0131,<br \/>E\u011fitim, etkinlik, bilgi payla\u015f\u0131m\u0131 ve sosyal sorumluluk faaliyetlerinde \u0130KAM\u0130D ile i\u015f birli\u011fine istekli olmas\u0131,<br \/>Dernek t\u00fcz\u00fc\u011f\u00fc ve etik de\u011ferleri ile uyumlu hareket etmeyi taahh\u00fct etmesi,<br \/>Dernek itibar\u0131n\u0131 zedeleyici faaliyetlerde bulunmamay\u0131 kabul etmesi.<\/p><p class=\"p3\"><b>Yasal K\u0131s\u0131t<br \/><\/b><b>Resm\u00ee Kolluk Kuvvetleri personelinin g\u00f6rev yapt\u0131\u011f\u0131 kurum ve kurulu\u015flar<\/b> mevzuat gere\u011fi kurumsal \u00fcyeli\u011fe kabul edilmez.<\/p><p class=\"p3\"><b>Onay S\u00fcreci<br \/><\/b>Kurumsal \u00fcyelik ba\u015fvurular\u0131, \u0130KAM\u0130D \u00dcyelik \u0130\u015flemlerinden Sorumlu Ba\u015fkan Yard\u0131mc\u0131s\u0131 taraf\u0131ndan de\u011ferlendirilir.<br \/>Gerekli g\u00f6r\u00fclen durumlarda \u015firketten ek bilgi ve belge talep edilebilir.<\/p><p><strong>Kurum Ad\u0131na Ba\u015fvuran Ki\u015finin Bilgileri;<\/strong><br \/>\u2022 N\u00fcfus C\u00fczdan\u0131 kopyan\u0131z\u0131, <br \/>\u2022 Adli Sicil Kayd\u0131n\u0131z\u0131, <br \/>\u2022 \u0130kametg\u00e2h Bildiriminizi, <br \/>\u2022 \u00dcyelik \u00fccretini yat\u0131rd\u0131\u011f\u0131n\u0131za dair dekontu,<br \/>&#8211; Ekte bulabilece\u011finiz \u00fcye ba\u015fvuru formunuzu,<\/p><p><em>Kurumsal Kay\u0131tlarda 50&#8217;den k\u00fc\u00e7\u00fc\u011fk \u015firketler i\u00e7in 3 ki\u015filik \u00fcyelik giri\u015fi, 50&#8217;den b\u00fcy\u00fckler i\u00e7in 5 ki\u015fi, 250&#8217;den b\u00fcy\u00fckler i\u00e7in 10 ki\u015fi giri\u015fi \u00fccretsiz olarak verilecektir.<\/em><\/p><p><strong>info@ikamid.org<\/strong> adresine g\u00f6ndermenizi rica ediyoruz.<\/p><p class=\"p3\">\u0130KAM\u0130D, uygun g\u00f6rmedi\u011fi ba\u015fvurular\u0131 gerek\u00e7e g\u00f6stermeksizin reddetme hakk\u0131n\u0131 sakl\u0131 tutar.<\/p><p>\u00a0<\/p><p><strong>Kurumsal \u00dcyelik \u00dccretleri<\/strong><\/p><p><img decoding=\"async\" class=\"alignnone wp-image-3008 size-full\" src=\"https:\/\/ikamid.org\/wp-content\/uploads\/2026\/01\/Screenshot-2026-01-06-at-15.43.14-scaled.png\" alt=\"\" width=\"2560\" height=\"987\" srcset=\"https:\/\/ikamid.org\/wp-content\/uploads\/2026\/01\/Screenshot-2026-01-06-at-15.43.14-scaled.png 2560w, https:\/\/ikamid.org\/wp-content\/uploads\/2026\/01\/Screenshot-2026-01-06-at-15.43.14-300x116.png 300w, https:\/\/ikamid.org\/wp-content\/uploads\/2026\/01\/Screenshot-2026-01-06-at-15.43.14-1024x395.png 1024w, https:\/\/ikamid.org\/wp-content\/uploads\/2026\/01\/Screenshot-2026-01-06-at-15.43.14-768x296.png 768w, https:\/\/ikamid.org\/wp-content\/uploads\/2026\/01\/Screenshot-2026-01-06-at-15.43.14-1536x592.png 1536w, https:\/\/ikamid.org\/wp-content\/uploads\/2026\/01\/Screenshot-2026-01-06-at-15.43.14-2048x790.png 2048w\" sizes=\"(max-width: 2560px) 100vw, 2560px\" \/><\/p><p>\u00a0<\/p><p><strong>\u00d6deme Bilgileri<\/strong><br \/>IBAN NO : <strong>TR56 0001 5001 5800 7308 4783 87<\/strong><br \/>Hesap Ad\u0131: <strong>\u0130NSAN KAYNAKLARI MESLEK\u0130 \u0130\u015eB\u0130RL\u0130\u011e\u0130 DERNE\u011e\u0130<\/strong><\/p>\t\t\t\t\t\t\t\t<\/div>\n\t\t\t\t<\/div>\n\t\t\t\t\t<\/div>\n\t\t<\/div>\n\t\t\t\t\t<\/div>\n\t\t<\/section>\n\t\t\t\t<section class=\"elementor-section elementor-top-section elementor-element elementor-element-2d6024b elementor-section-boxed elementor-section-height-default elementor-section-height-default\" data-id=\"2d6024b\" data-element_type=\"section\" data-e-type=\"section\">\n\t\t\t\t\t\t<div class=\"elementor-container elementor-column-gap-default\">\n\t\t\t\t\t<div class=\"elementor-column elementor-col-100 elementor-top-column elementor-element elementor-element-95b16fa\" data-id=\"95b16fa\" data-element_type=\"column\" data-e-type=\"column\">\n\t\t\t<div class=\"elementor-widget-wrap elementor-element-populated\">\n\t\t\t\t\t\t\t<\/div>\n\t\t<\/div>\n\t\t\t\t\t<\/div>\n\t\t<\/section>\n\t\t\t\t<section class=\"elementor-section elementor-top-section elementor-element elementor-element-352fbf0 elementor-section-boxed elementor-section-height-default elementor-section-height-default\" data-id=\"352fbf0\" data-element_type=\"section\" data-e-type=\"section\">\n\t\t\t\t\t\t<div class=\"elementor-container elementor-column-gap-default\">\n\t\t\t\t\t<div class=\"elementor-column elementor-col-100 elementor-top-column elementor-element elementor-element-f29ca28\" data-id=\"f29ca28\" data-element_type=\"column\" data-e-type=\"column\">\n\t\t\t<div class=\"elementor-widget-wrap elementor-element-populated\">\n\t\t\t\t\t\t<div class=\"elementor-element elementor-element-bae29ef elementor-widget elementor-widget-text-editor\" data-id=\"bae29ef\" data-element_type=\"widget\" data-e-type=\"widget\" data-widget_type=\"text-editor.default\">\n\t\t\t\t<div class=\"elementor-widget-container\">\n\t\t\t\t\t\t\t\t\t<p><b>\u0130KAM\u0130D Sponsorluk \u015eartlar\u0131<\/b><\/p><p>\u0130nsan Kaynaklar\u0131 Mesleki \u0130\u015f Birli\u011fi Derne\u011fi (\u0130KAM\u0130D), insan kaynaklar\u0131 mesle\u011finin geli\u015fimine katk\u0131 sunmay\u0131, meslekta\u015flara de\u011fer yaratmay\u0131 ve sekt\u00f6r\u00fcn s\u00fcrd\u00fcr\u00fclebilir \u015fekilde b\u00fcy\u00fcmesini desteklemeyi ama\u00e7layan t\u00fcm \u015firketlerin sponsorluk ba\u015fvurular\u0131n\u0131 kabul etmektedir.<br \/>Sponsorluk ba\u015fvurular\u0131nda \u015firketin do\u011frudan insan kaynaklar\u0131 alan\u0131nda faaliyet g\u00f6stermesi \u015fart\u0131 aranmaz.<\/p><p><b>Sponsorluk \u0130\u00e7in Temel Kriterler<br \/><\/b>A\u015fa\u011f\u0131daki \u015fartlar\u0131 sa\u011flayan t\u00fcm \u015firketler sponsorluk ba\u015fvurusu yapabilir:<\/p><p>\u0130nsan kaynaklar\u0131 mesle\u011finin geli\u015fimine katk\u0131 sunmay\u0131 hedeflemesi,<br \/>Meslekta\u015flar\u0131n geli\u015fimini destekleyen projelere a\u00e7\u0131k olmas\u0131,<br \/>E\u011fitim, etkinlik, i\u00e7erik \u00fcretimi ve sosyal sorumluluk projelerinde \u0130KAM\u0130D ile i\u015f birli\u011fine istekli olmas\u0131,<br \/>Dernek t\u00fcz\u00fc\u011f\u00fc, etik ilkeleri ve kurumsal de\u011ferleri ile uyumlu hareket etmeyi taahh\u00fct etmesi,<br \/>Dernek itibar\u0131n\u0131 zedeleyici faaliyetlerde bulunmamay\u0131 kabul etmesi.<\/p><p><b>Sekt\u00f6rel Denge \u0130lkesi<\/b><\/p><p>\u0130KAM\u0130D, sponsorluk yap\u0131s\u0131nda <b>sekt\u00f6rel dengeyi ve adil temsili<\/b> esas al\u0131r.<\/p><p>Bu kapsamda;<br \/><b>Ayn\u0131 sekt\u00f6rden en fazla 3 \u015firket sponsor olarak kabul edilir.<br \/><\/b><b><\/b>Ayn\u0131 sekt\u00f6rden yap\u0131lacak <b>4. ve sonraki ba\u015fvurular de\u011ferlendirmeye al\u0131nmaz.<br \/><\/b><b><\/b>Sekt\u00f6r s\u0131n\u0131fland\u0131rmas\u0131.<\/p><p>\u0130KAM\u0130D taraf\u0131ndan yap\u0131l\u0131r ve nihai karar yetkisi derne\u011fe aittir.<\/p><p>Sponsor \u00dcyelikleri \u0130\u00e7in;\u00a0<span style=\"font-weight: bolder; color: #2b2350;\">info@ikamid.org<\/span> adresine talep g\u00f6ndermenizi rica ediyoruz. Detayl\u0131 Bilgi \u0130\u00e7in; <strong>+90 530 939 11 42<br \/><br \/>IBAN NO : TR56 0001 5001 5800 7308 4783 87<br \/>Hesap Ad\u0131: \u0130NSAN KAYNAKLARI MESLEK\u0130 \u0130\u015eB\u0130RL\u0130\u011e\u0130 DERNE\u011e\u0130<br \/><\/strong><\/p>\t\t\t\t\t\t\t\t<\/div>\n\t\t\t\t<\/div>\n\t\t\t\t\t<\/div>\n\t\t<\/div>\n\t\t\t\t\t<\/div>\n\t\t<\/section>\n\t\t\t\t<section class=\"elementor-section elementor-top-section elementor-element elementor-element-8c61fc3 elementor-section-boxed elementor-section-height-default elementor-section-height-default\" data-id=\"8c61fc3\" data-element_type=\"section\" data-e-type=\"section\">\n\t\t\t\t\t\t<div class=\"elementor-container elementor-column-gap-default\">\n\t\t\t\t\t<div class=\"elementor-column elementor-col-100 elementor-top-column elementor-element elementor-element-0801ca7\" data-id=\"0801ca7\" data-element_type=\"column\" data-e-type=\"column\">\n\t\t\t<div class=\"elementor-widget-wrap elementor-element-populated\">\n\t\t\t\t\t\t<div class=\"elementor-element elementor-element-08451e1 elementor-widget elementor-widget-spacer\" data-id=\"08451e1\" data-element_type=\"widget\" data-e-type=\"widget\" data-widget_type=\"spacer.default\">\n\t\t\t\t<div class=\"elementor-widget-container\">\n\t\t\t\t\t\t\t<div class=\"elementor-spacer\">\n\t\t\t<div class=\"elementor-spacer-inner\"><\/div>\n\t\t<\/div>\n\t\t\t\t\t\t<\/div>\n\t\t\t\t<\/div>\n\t\t\t\t\t<\/div>\n\t\t<\/div>\n\t\t\t\t\t<\/div>\n\t\t<\/section>\n\t\t\t\t<\/div>\n\t\t","protected":false},"excerpt":{"rendered":"<p>Dernek \u00dcyeli\u011fi Anasayfa Dernek \u00dcyeli\u011fi \u00dcyelik Ba\u015fvuru Formu \u0130\u00e7in T\u0131klay\u0131n\u0131z. \u00dcyelik formunu doldururken sormak veya dan\u0131\u015fmak istedi\u011finiz konular i\u00e7in, mesai saatleri i\u00e7erisinde +90 530 939 11 42 numaray\u0131 arayabilirsiniz. \u00dcye Ol \u0130KAM\u0130D Bireysel \u00dcyelik Ba\u015fvuru Kriterleri \u0130nsan Kaynaklar\u0131 Mesleki \u0130\u015f Birli\u011fi Derne\u011fi (\u0130KAM\u0130D), yaln\u0131zca insan kaynaklar\u0131 mesle\u011fiyle do\u011frudan veya dolayl\u0131 ili\u015fkisi bulunan profesyonellerin ve kurumlar\u0131n [&hellip;]<\/p>\n","protected":false},"author":1,"featured_media":0,"parent":0,"menu_order":0,"comment_status":"closed","ping_status":"closed","template":"elementor_header_footer","meta":{"footnotes":""},"class_list":["post-754","page","type-page","status-publish","hentry"],"_links":{"self":[{"href":"https:\/\/ikamid.org\/index.php?rest_route=\/wp\/v2\/pages\/754","targetHints":{"allow":["GET"]}}],"collection":[{"href":"https:\/\/ikamid.org\/index.php?rest_route=\/wp\/v2\/pages"}],"about":[{"href":"https:\/\/ikamid.org\/index.php?rest_route=\/wp\/v2\/types\/page"}],"author":[{"embeddable":true,"href":"https:\/\/ikamid.org\/index.php?rest_route=\/wp\/v2\/users\/1"}],"replies":[{"embeddable":true,"href":"https:\/\/ikamid.org\/index.php?rest_route=%2Fwp%2Fv2%2Fcomments&post=754"}],"version-history":[{"count":94,"href":"https:\/\/ikamid.org\/index.php?rest_route=\/wp\/v2\/pages\/754\/revisions"}],"predecessor-version":[{"id":3050,"href":"https:\/\/ikamid.org\/index.php?rest_route=\/wp\/v2\/pages\/754\/revisions\/3050"}],"wp:attachment":[{"href":"https:\/\/ikamid.org\/index.php?rest_route=%2Fwp%2Fv2%2Fmedia&parent=754"}],"curies":[{"name":"wp","href":"https:\/\/api.w.org\/{rel}","templated":true}]}}