{"id":53,"date":"2019-12-25T10:17:23","date_gmt":"2019-12-25T07:17:23","guid":{"rendered":"http:\/\/shtheme.org\/demosd\/enexus\/?page_id=53"},"modified":"2026-01-02T13:13:19","modified_gmt":"2026-01-02T10:13:19","slug":"yonetim-kurulu-ve-uyeler","status":"publish","type":"page","link":"https:\/\/ikamid.org\/?page_id=53","title":{"rendered":"Y\u00f6netim Kurulu ve \u00dcyeler"},"content":{"rendered":"\t\t<div data-elementor-type=\"wp-post\" data-elementor-id=\"53\" class=\"elementor elementor-53\" data-elementor-post-type=\"page\">\n\t\t\t\t\t\t<section class=\"elementor-section elementor-top-section elementor-element elementor-element-a25ac32 elementor-section-full_width elementor-section-height-default elementor-section-height-default\" data-id=\"a25ac32\" data-element_type=\"section\" data-e-type=\"section\">\n\t\t\t\t\t\t<div class=\"elementor-container elementor-column-gap-no\">\n\t\t\t\t\t<div class=\"elementor-column elementor-col-100 elementor-top-column elementor-element elementor-element-ef8322b\" data-id=\"ef8322b\" data-element_type=\"column\" data-e-type=\"column\">\n\t\t\t<div class=\"elementor-widget-wrap elementor-element-populated\">\n\t\t\t\t\t\t<div class=\"elementor-element elementor-element-4ea0608 elementor-align-left elementor-widget elementor-widget-bdevs-header\" data-id=\"4ea0608\" data-element_type=\"widget\" data-e-type=\"widget\" data-widget_type=\"bdevs-header.default\">\n\t\t\t\t<div class=\"elementor-widget-container\">\n\t\t\t\t\t\t\t\n\n\t\t<section class=\"page-title-section\">\n\t\t\t<div class=\"container\">\n\t\t\t\t<div class=\"row\">\n\t\t\t\t\t<div class=\"col-xl-12 text-center\">\n\t\t\t\t\t\t\t\t\t\t\t\t<h2 class=\"text-uppercase text-white mrb-10\">Y\u00f6netim Kurulu ve \u00dcyeler<\/h2>\n\t\t\t\t\t\t\t\t\t\t\t\t<ul class=\"mb-0 justify-content-center\">\n\t\t\t\t\t\t\t\t\t\t\t\t\t\t<li class=\"breadcrumb-item\"><a href=\"https:\/\/ikamid.org\/\" class=\"text-white\">Anasayfa<\/a><\/li>\n\t\t\t\t\t\t\t\t\t\t\t\t\t\t\t\t\t\t\t\t\t<li class=\"breadcrumb-item text-primary-color\">Y\u00f6netim Kurulu ve \u00dcyeler<\/li>\n\t\t\t\t\t\t\t\t\t\t\t\t\t<\/ul>\n\t\t\t\t\t<\/div>\n\t\t\t\t<\/div>\n\t\t\t<\/div>\n\t\t<\/section>\n\t\t\t\t\t<\/div>\n\t\t\t\t<\/div>\n\t\t\t\t\t<\/div>\n\t\t<\/div>\n\t\t\t\t\t<\/div>\n\t\t<\/section>\n\t\t\t\t<section class=\"elementor-section elementor-top-section elementor-element elementor-element-d0d6085 elementor-section-boxed elementor-section-height-default elementor-section-height-default\" data-id=\"d0d6085\" data-element_type=\"section\" data-e-type=\"section\">\n\t\t\t\t\t\t<div class=\"elementor-container elementor-column-gap-default\">\n\t\t\t\t\t<div class=\"elementor-column elementor-col-100 elementor-top-column elementor-element elementor-element-8d6efbb\" data-id=\"8d6efbb\" data-element_type=\"column\" data-e-type=\"column\">\n\t\t\t<div class=\"elementor-widget-wrap elementor-element-populated\">\n\t\t\t\t\t\t<div class=\"elementor-element elementor-element-c0168d6 elementor-widget elementor-widget-image\" data-id=\"c0168d6\" data-element_type=\"widget\" data-e-type=\"widget\" data-widget_type=\"image.default\">\n\t\t\t\t<div class=\"elementor-widget-container\">\n\t\t\t\t\t\t\t\t\t\t\t\t\t\t\t<img fetchpriority=\"high\" decoding=\"async\" width=\"1279\" height=\"1600\" src=\"https:\/\/ikamid.org\/wp-content\/uploads\/2026\/01\/I\u0307KAMI\u0307D.jpeg\" class=\"attachment-full size-full wp-image-2989\" alt=\"\" srcset=\"https:\/\/ikamid.org\/wp-content\/uploads\/2026\/01\/I\u0307KAMI\u0307D.jpeg 1279w, https:\/\/ikamid.org\/wp-content\/uploads\/2026\/01\/I\u0307KAMI\u0307D-240x300.jpeg 240w, https:\/\/ikamid.org\/wp-content\/uploads\/2026\/01\/I\u0307KAMI\u0307D-819x1024.jpeg 819w, https:\/\/ikamid.org\/wp-content\/uploads\/2026\/01\/I\u0307KAMI\u0307D-768x961.jpeg 768w, https:\/\/ikamid.org\/wp-content\/uploads\/2026\/01\/I\u0307KAMI\u0307D-1228x1536.jpeg 1228w\" sizes=\"(max-width: 1279px) 100vw, 1279px\" \/>\t\t\t\t\t\t\t\t\t\t\t\t\t\t\t<\/div>\n\t\t\t\t<\/div>\n\t\t\t\t\t<\/div>\n\t\t<\/div>\n\t\t\t\t\t<\/div>\n\t\t<\/section>\n\t\t\t\t<\/div>\n\t\t","protected":false},"excerpt":{"rendered":"<p>Y\u00f6netim Kurulu ve \u00dcyeler Anasayfa Y\u00f6netim Kurulu ve \u00dcyeler<\/p>\n","protected":false},"author":1,"featured_media":0,"parent":0,"menu_order":0,"comment_status":"closed","ping_status":"closed","template":"page-templates\/home2.php","meta":{"footnotes":""},"class_list":["post-53","page","type-page","status-publish","hentry"],"_links":{"self":[{"href":"https:\/\/ikamid.org\/index.php?rest_route=\/wp\/v2\/pages\/53","targetHints":{"allow":["GET"]}}],"collection":[{"href":"https:\/\/ikamid.org\/index.php?rest_route=\/wp\/v2\/pages"}],"about":[{"href":"https:\/\/ikamid.org\/index.php?rest_route=\/wp\/v2\/types\/page"}],"author":[{"embeddable":true,"href":"https:\/\/ikamid.org\/index.php?rest_route=\/wp\/v2\/users\/1"}],"replies":[{"embeddable":true,"href":"https:\/\/ikamid.org\/index.php?rest_route=%2Fwp%2Fv2%2Fcomments&post=53"}],"version-history":[{"count":68,"href":"https:\/\/ikamid.org\/index.php?rest_route=\/wp\/v2\/pages\/53\/revisions"}],"predecessor-version":[{"id":2992,"href":"https:\/\/ikamid.org\/index.php?rest_route=\/wp\/v2\/pages\/53\/revisions\/2992"}],"wp:attachment":[{"href":"https:\/\/ikamid.org\/index.php?rest_route=%2Fwp%2Fv2%2Fmedia&parent=53"}],"curies":[{"name":"wp","href":"https:\/\/api.w.org\/{rel}","templated":true}]}}