{"id":49,"date":"2019-12-25T09:47:10","date_gmt":"2019-12-25T06:47:10","guid":{"rendered":"http:\/\/shtheme.org\/demosd\/enexus\/?page_id=49"},"modified":"2026-01-06T13:37:33","modified_gmt":"2026-01-06T10:37:33","slug":"baskanin-mesaji","status":"publish","type":"page","link":"https:\/\/ikamid.org\/?page_id=49","title":{"rendered":"Ba\u015fkan\u0131n Mesaj\u0131"},"content":{"rendered":"\t\t<div data-elementor-type=\"wp-post\" data-elementor-id=\"49\" class=\"elementor elementor-49\" data-elementor-post-type=\"page\">\n\t\t\t\t\t\t<section class=\"elementor-section elementor-top-section elementor-element elementor-element-079fe56 elementor-section-full_width elementor-section-height-default elementor-section-height-default\" data-id=\"079fe56\" data-element_type=\"section\" data-e-type=\"section\">\n\t\t\t\t\t\t<div class=\"elementor-container elementor-column-gap-no\">\n\t\t\t\t\t<div class=\"elementor-column elementor-col-100 elementor-top-column elementor-element elementor-element-4ff0ad7\" data-id=\"4ff0ad7\" data-element_type=\"column\" data-e-type=\"column\">\n\t\t\t<div class=\"elementor-widget-wrap elementor-element-populated\">\n\t\t\t\t\t\t<div class=\"elementor-element elementor-element-370500f elementor-align-left elementor-widget elementor-widget-bdevs-header\" data-id=\"370500f\" data-element_type=\"widget\" data-e-type=\"widget\" data-widget_type=\"bdevs-header.default\">\n\t\t\t\t<div class=\"elementor-widget-container\">\n\t\t\t\t\t\t\t\n\n\t\t<section class=\"page-title-section\">\n\t\t\t<div class=\"container\">\n\t\t\t\t<div class=\"row\">\n\t\t\t\t\t<div class=\"col-xl-12 text-center\">\n\t\t\t\t\t\t\t\t\t\t\t\t<h2 class=\"text-uppercase text-white mrb-10\">Ba\u015fkan\u0131n Mesaj\u0131<\/h2>\n\t\t\t\t\t\t\t\t\t\t\t\t<ul class=\"mb-0 justify-content-center\">\n\t\t\t\t\t\t\t\t\t\t\t\t\t\t<li class=\"breadcrumb-item\"><a href=\"https:\/\/ikamid.org\/\" class=\"text-white\">Anasayfa<\/a><\/li>\n\t\t\t\t\t\t\t\t\t\t\t\t\t\t\t\t\t\t\t\t\t<li class=\"breadcrumb-item text-primary-color\">Ba\u015fkan\u0131n Mesaj\u0131<\/li>\n\t\t\t\t\t\t\t\t\t\t\t\t\t<\/ul>\n\t\t\t\t\t<\/div>\n\t\t\t\t<\/div>\n\t\t\t<\/div>\n\t\t<\/section>\n\t\t\t\t\t<\/div>\n\t\t\t\t<\/div>\n\t\t\t\t\t<\/div>\n\t\t<\/div>\n\t\t\t\t\t<\/div>\n\t\t<\/section>\n\t\t\t\t<section class=\"elementor-section elementor-top-section elementor-element elementor-element-fd73b1c elementor-section-boxed elementor-section-height-default elementor-section-height-default\" data-id=\"fd73b1c\" data-element_type=\"section\" data-e-type=\"section\" data-settings=\"{&quot;background_background&quot;:&quot;classic&quot;}\">\n\t\t\t\t\t\t<div class=\"elementor-container elementor-column-gap-no\">\n\t\t\t\t\t<div class=\"elementor-column elementor-col-100 elementor-top-column elementor-element elementor-element-b626d17\" data-id=\"b626d17\" data-element_type=\"column\" data-e-type=\"column\">\n\t\t\t<div class=\"elementor-widget-wrap elementor-element-populated\">\n\t\t\t\t\t\t<div class=\"elementor-element elementor-element-2d05f4f elementor-widget elementor-widget-text-editor\" data-id=\"2d05f4f\" data-element_type=\"widget\" data-e-type=\"widget\" data-widget_type=\"text-editor.default\">\n\t\t\t\t<div class=\"elementor-widget-container\">\n\t\t\t\t\t\t\t\t\t<p><img fetchpriority=\"high\" decoding=\"async\" src=\"https:\/\/ikamid.org\/wp-content\/uploads\/2026\/01\/O\u0308yku\u0308-240x300.jpeg\" alt=\"\" width=\"240\" height=\"300\" \/><\/p><p>\u0130nsan kaynaklar\u0131 bug\u00fcn yaln\u0131zca yap\u0131lar\u0131n nas\u0131l \u00e7al\u0131\u015ft\u0131\u011f\u0131n\u0131 de\u011fil; nas\u0131l ayakta kald\u0131\u011f\u0131n\u0131, nas\u0131l geli\u015fti\u011fini ve gelece\u011fe nas\u0131l haz\u0131rland\u0131\u011f\u0131n\u0131 belirliyor. \u0130KAM\u0130D\u2019i bir dernekten \u00f6te, insan oda\u011f\u0131nda bulu\u015fan bir ekosistem olarak g\u00f6r\u00fcyoruz. Bu ekosistem; insan kaynaklar\u0131 profesyonellerinin bilgi ve deneyiminden beslenen, farkl\u0131 bak\u0131\u015f a\u00e7\u0131lar\u0131n\u0131 ortak ak\u0131lda bir araya getiren ve birlikte \u00fcretmeyi merkeze alan bir alan.<\/p><p>Bizim i\u00e7in i\u015f birli\u011fi; yan yana gelmekten \u00e7ok daha fazlas\u0131. Verimli uygulamalar\u0131 \u00e7o\u011faltmak, teknolojiyle d\u00f6n\u00fc\u015fen sistemleri insan oda\u011f\u0131nda ele almak ve s\u00fcrd\u00fcr\u00fclebilirli\u011fi bu d\u00f6n\u00fc\u015f\u00fcm\u00fcn do\u011fal bir par\u00e7as\u0131 haline getirmek demek. \u0130KAM\u0130D\u2019in oda\u011f\u0131; de\u011ferli bir ekosistem yaratarak payla\u015f\u0131m\u0131 g\u00fc\u00e7lendirmek, verimlili\u011fi art\u0131rmak ve insan oda\u011f\u0131ndaki gelece\u011fi \u015fekillendiren sistemlerin geli\u015fimine katk\u0131 sa\u011flamakt\u0131r. Bu etkiyi yaratmak ise; farkl\u0131 disiplinlerden gelen yap\u0131lar\u0131 bir araya getirerek ortak ak\u0131lda d\u00fc\u015f\u00fcnmeyi ve birlikte geli\u015fimi te\u015fvik etmekten ge\u00e7er. \u0130nsan Kaynaklar\u0131 Mesleki \u0130\u015fbirli\u011fi Derne\u011fi\u2019ne emek veren, katk\u0131 sunan ve birlikte \u00fcretmeye inanan t\u00fcm yol arkada\u015flar\u0131ma g\u00f6n\u00fclden te\u015fekk\u00fcr ediyorum. \u0130nsanla g\u00fc\u00e7lenen bir gelece\u011fi, ortak ak\u0131lla birlikte in\u015fa edece\u011fimize inan\u0131yorum. Sevgi ve sayg\u0131lar\u0131mla, <br \/><br \/><strong>\u00d6yk\u00fc Akyol Ta\u015fkol <\/strong><br \/>\u0130KAM\u0130D \u2013 \u0130nsan Kaynaklar\u0131 Mesleki \u0130\u015fbirli\u011fi Derne\u011fi<br \/><em>Y\u00f6netim Kurulu Ba\u015fkan\u0131<\/em><\/p>\t\t\t\t\t\t\t\t<\/div>\n\t\t\t\t<\/div>\n\t\t\t\t\t<\/div>\n\t\t<\/div>\n\t\t\t\t\t<\/div>\n\t\t<\/section>\n\t\t\t\t<section class=\"elementor-section elementor-top-section elementor-element elementor-element-a08ba8f elementor-section-full_width elementor-section-height-default elementor-section-height-default\" data-id=\"a08ba8f\" data-element_type=\"section\" data-e-type=\"section\">\n\t\t\t\t\t\t<div class=\"elementor-container elementor-column-gap-no\">\n\t\t\t\t\t<div class=\"elementor-column elementor-col-100 elementor-top-column elementor-element elementor-element-9ebc55a\" data-id=\"9ebc55a\" data-element_type=\"column\" data-e-type=\"column\">\n\t\t\t<div class=\"elementor-widget-wrap elementor-element-populated\">\n\t\t\t\t\t\t<div class=\"elementor-element elementor-element-3589dd2 elementor-align-center elementor-widget elementor-widget-bdevs-callto\" data-id=\"3589dd2\" data-element_type=\"widget\" data-e-type=\"widget\" data-widget_type=\"bdevs-callto.default\">\n\t\t\t\t<div class=\"elementor-widget-container\">\n\t\t\t\t\t\t\t\n\t\t\t\t<section class=\"call-to-action pdt-50 pdb-50 bg-gradient-color\">\n\t\t\t<div class=\"container\">\n\t\t\t\t<div class=\"row\">\n\t\t\t\t\t<div class=\"col-lg-8 col-xl-8\">\n\t\t\t\t\t\t<div class=\"subscribe-content text-center text-lg-left\">\n\t\t\t\t\t\t\t\t\t\t\t\t\t\t<h3 class=\"text-white mrb-10 mrb-md-15 font-30\">\u0130nsan Kaynaklar\u0131 Mesleki \u0130\u015f Birli\u011fi Derne\u011fi<\/h3>\n\t\t\t\t\t\t\t\t\t\t\t\t\t\t\t\t\t\t\t\t\t<p class=\"text-white mrb-0 mrb-md-20\">Bizimle birlikte y\u00fcr\u00fcme niyeti olan t\u00fcm \u0130K profesyonellerine kap\u0131m\u0131z sonuna <br>kadar daima a\u00e7\u0131kt\u0131r.<\/p>\n\t\t\t\t\t\t\t\t\t\t\t\t\t<\/div>\n\t\t\t\t\t<\/div>\n\t\t\t\t\t<div class=\"col-lg-4 col-xl-4\">\n\t\t\t\t\t\t\t\t\t\t\t\t<div class=\"action-btn text-center text-lg-right\">\n\t\t\t\t\t\t\t<a href=\"https:\/\/ikamid.org\/basvuru\/\" class=\"cs-btn-one btn-light mrt-10 f-weight-700\">Bize Kat\u0131l\u0131n<\/a>\n\t\t\t\t\t\t<\/div>\n\t\t\t\t\t\t\t\t\t\t\t<\/div>\n\t\t\t\t<\/div>\n\t\t\t<\/div>\n\t\t<\/section>\n\t\t\t\t\t\t<\/div>\n\t\t\t\t<\/div>\n\t\t\t\t\t<\/div>\n\t\t<\/div>\n\t\t\t\t\t<\/div>\n\t\t<\/section>\n\t\t\t\t<\/div>\n\t\t","protected":false},"excerpt":{"rendered":"<p>Ba\u015fkan\u0131n Mesaj\u0131 Anasayfa Ba\u015fkan\u0131n Mesaj\u0131 \u0130nsan kaynaklar\u0131 bug\u00fcn yaln\u0131zca yap\u0131lar\u0131n nas\u0131l \u00e7al\u0131\u015ft\u0131\u011f\u0131n\u0131 de\u011fil; nas\u0131l ayakta kald\u0131\u011f\u0131n\u0131, nas\u0131l geli\u015fti\u011fini ve gelece\u011fe nas\u0131l haz\u0131rland\u0131\u011f\u0131n\u0131 belirliyor. \u0130KAM\u0130D\u2019i bir dernekten \u00f6te, insan oda\u011f\u0131nda bulu\u015fan bir ekosistem olarak g\u00f6r\u00fcyoruz. Bu ekosistem; insan kaynaklar\u0131 profesyonellerinin bilgi ve deneyiminden beslenen, farkl\u0131 bak\u0131\u015f a\u00e7\u0131lar\u0131n\u0131 ortak ak\u0131lda bir araya getiren ve birlikte \u00fcretmeyi merkeze [&hellip;]<\/p>\n","protected":false},"author":1,"featured_media":0,"parent":0,"menu_order":0,"comment_status":"closed","ping_status":"closed","template":"page-templates\/home2.php","meta":{"footnotes":""},"class_list":["post-49","page","type-page","status-publish","hentry"],"_links":{"self":[{"href":"https:\/\/ikamid.org\/index.php?rest_route=\/wp\/v2\/pages\/49","targetHints":{"allow":["GET"]}}],"collection":[{"href":"https:\/\/ikamid.org\/index.php?rest_route=\/wp\/v2\/pages"}],"about":[{"href":"https:\/\/ikamid.org\/index.php?rest_route=\/wp\/v2\/types\/page"}],"author":[{"embeddable":true,"href":"https:\/\/ikamid.org\/index.php?rest_route=\/wp\/v2\/users\/1"}],"replies":[{"embeddable":true,"href":"https:\/\/ikamid.org\/index.php?rest_route=%2Fwp%2Fv2%2Fcomments&post=49"}],"version-history":[{"count":35,"href":"https:\/\/ikamid.org\/index.php?rest_route=\/wp\/v2\/pages\/49\/revisions"}],"predecessor-version":[{"id":2997,"href":"https:\/\/ikamid.org\/index.php?rest_route=\/wp\/v2\/pages\/49\/revisions\/2997"}],"wp:attachment":[{"href":"https:\/\/ikamid.org\/index.php?rest_route=%2Fwp%2Fv2%2Fmedia&parent=49"}],"curies":[{"name":"wp","href":"https:\/\/api.w.org\/{rel}","templated":true}]}}