{"id":45,"date":"2019-12-25T09:40:13","date_gmt":"2019-12-25T06:40:13","guid":{"rendered":"http:\/\/shtheme.org\/demosd\/enexus\/?page_id=45"},"modified":"2026-01-23T14:48:15","modified_gmt":"2026-01-23T11:48:15","slug":"vizyon-misyon","status":"publish","type":"page","link":"https:\/\/ikamid.org\/?page_id=45","title":{"rendered":"Vizyon Misyon"},"content":{"rendered":"\t\t<div data-elementor-type=\"wp-post\" data-elementor-id=\"45\" class=\"elementor elementor-45\" data-elementor-post-type=\"page\">\n\t\t\t\t\t\t<section class=\"elementor-section elementor-top-section elementor-element elementor-element-f16904c elementor-section-full_width elementor-section-height-default elementor-section-height-default\" data-id=\"f16904c\" data-element_type=\"section\" data-e-type=\"section\">\n\t\t\t\t\t\t<div class=\"elementor-container elementor-column-gap-no\">\n\t\t\t\t\t<div class=\"elementor-column elementor-col-100 elementor-top-column elementor-element elementor-element-debdf36\" data-id=\"debdf36\" data-element_type=\"column\" data-e-type=\"column\">\n\t\t\t<div class=\"elementor-widget-wrap elementor-element-populated\">\n\t\t\t\t\t\t<div class=\"elementor-element elementor-element-4e2e7cc elementor-align-left elementor-widget elementor-widget-bdevs-header\" data-id=\"4e2e7cc\" data-element_type=\"widget\" data-e-type=\"widget\" data-widget_type=\"bdevs-header.default\">\n\t\t\t\t<div class=\"elementor-widget-container\">\n\t\t\t\t\t\t\t\n\n\t\t<section class=\"page-title-section\">\n\t\t\t<div class=\"container\">\n\t\t\t\t<div class=\"row\">\n\t\t\t\t\t<div class=\"col-xl-12 text-center\">\n\t\t\t\t\t\t\t\t\t\t\t\t<h2 class=\"text-uppercase text-white mrb-10\">Vizyon &amp; Misyon<\/h2>\n\t\t\t\t\t\t\t\t\t\t\t\t<ul class=\"mb-0 justify-content-center\">\n\t\t\t\t\t\t\t\t\t\t\t\t\t\t<li class=\"breadcrumb-item\"><a href=\"https:\/\/ikamid.org\/\" class=\"text-white\">Anasayfa<\/a><\/li>\n\t\t\t\t\t\t\t\t\t\t\t\t\t\t\t\t\t\t\t\t\t<li class=\"breadcrumb-item text-primary-color\">Vizyon &amp; Misyon<\/li>\n\t\t\t\t\t\t\t\t\t\t\t\t\t<\/ul>\n\t\t\t\t\t<\/div>\n\t\t\t\t<\/div>\n\t\t\t<\/div>\n\t\t<\/section>\n\t\t\t\t\t<\/div>\n\t\t\t\t<\/div>\n\t\t\t\t\t<\/div>\n\t\t<\/div>\n\t\t\t\t\t<\/div>\n\t\t<\/section>\n\t\t\t\t<section class=\"elementor-section elementor-top-section elementor-element elementor-element-b9a5ce2 elementor-section-boxed elementor-section-height-default elementor-section-height-default\" data-id=\"b9a5ce2\" data-element_type=\"section\" data-e-type=\"section\">\n\t\t\t\t\t\t<div class=\"elementor-container elementor-column-gap-default\">\n\t\t\t\t\t<div class=\"elementor-column elementor-col-33 elementor-top-column elementor-element elementor-element-c20e608\" data-id=\"c20e608\" data-element_type=\"column\" data-e-type=\"column\">\n\t\t\t<div class=\"elementor-widget-wrap elementor-element-populated\">\n\t\t\t\t\t\t<div class=\"elementor-element elementor-element-1ac249d elementor-widget elementor-widget-heading\" data-id=\"1ac249d\" data-element_type=\"widget\" data-e-type=\"widget\" data-widget_type=\"heading.default\">\n\t\t\t\t<div class=\"elementor-widget-container\">\n\t\t\t\t\t<h2 class=\"elementor-heading-title elementor-size-default\">Vizyonumuz<\/h2>\t\t\t\t<\/div>\n\t\t\t\t<\/div>\n\t\t\t\t<div class=\"elementor-element elementor-element-12fac19 elementor-widget elementor-widget-text-editor\" data-id=\"12fac19\" data-element_type=\"widget\" data-e-type=\"widget\" data-widget_type=\"text-editor.default\">\n\t\t\t\t<div class=\"elementor-widget-container\">\n\t\t\t\t\t\t\t\t\t<p>\u0130nsan kaynaklar\u0131\u00a0geli\u015fimine y\u00f6nelik politika ve yakla\u015f\u0131mlar \u00fcreten stratejik bir payda\u015f olmak.<\/p>\t\t\t\t\t\t\t\t<\/div>\n\t\t\t\t<\/div>\n\t\t\t\t<div class=\"elementor-element elementor-element-4e48ec2 elementor-widget elementor-widget-heading\" data-id=\"4e48ec2\" data-element_type=\"widget\" data-e-type=\"widget\" data-widget_type=\"heading.default\">\n\t\t\t\t<div class=\"elementor-widget-container\">\n\t\t\t\t\t<h2 class=\"elementor-heading-title elementor-size-default\">Misyonumuz<\/h2>\t\t\t\t<\/div>\n\t\t\t\t<\/div>\n\t\t\t\t<div class=\"elementor-element elementor-element-b6ef303 elementor-widget elementor-widget-text-editor\" data-id=\"b6ef303\" data-element_type=\"widget\" data-e-type=\"widget\" data-widget_type=\"text-editor.default\">\n\t\t\t\t<div class=\"elementor-widget-container\">\n\t\t\t\t\t\t\t\t\t<p><span style=\"text-decoration: underline;\"><em><strong>\u00dcyelerimizin;<\/strong><\/em><\/span><br \/>\u2022 \u0130\u015f g\u00fcc\u00fc kazan\u0131m\u0131 konusunda katk\u0131 sa\u011flamak,<br \/>\u2022 \u0130\u015f g\u00fcc\u00fcn\u00fc elde tutma politikalar\u0131nda katk\u0131 sa\u011flamak,<br \/>\u2022 Performans y\u00f6netimi konusunda katk\u0131 sa\u011flamak,<br \/>\u2022 \u0130\u015f g\u00fcn\u00fcn geli\u015ftirilmesine katk\u0131 sa\u011flamak,<br \/>\u2022 Gen\u00e7 meslekta\u015flar\u0131m\u0131z\u0131n geli\u015fimine katk\u0131 sa\u011flamak,<br \/>\u2022 Mesle\u011fin geli\u015fmesine y\u00f6nelik geli\u015fimlere katk\u0131 sa\u011flamak.<\/p>\t\t\t\t\t\t\t\t<\/div>\n\t\t\t\t<\/div>\n\t\t\t\t<div class=\"elementor-element elementor-element-7c9a4fa elementor-widget elementor-widget-text-editor\" data-id=\"7c9a4fa\" data-element_type=\"widget\" data-e-type=\"widget\" data-widget_type=\"text-editor.default\">\n\t\t\t\t<div class=\"elementor-widget-container\">\n\t\t\t\t\t\t\t\t\t<p><strong>\u0130KAM\u0130D<\/strong> olarak temel ama\u00e7lar\u0131m\u0131zdan biri, insan kaynaklar\u0131 meslekta\u015flar\u0131m\u0131z\u0131 ayn\u0131 \u00e7at\u0131 alt\u0131nda bulu\u015fturarak g\u00fc\u00e7l\u00fc bir profesyonel a\u011f olu\u015fturmakt\u0131r. Bu do\u011frultuda; networking bulu\u015fmalar\u0131, at\u00f6lye \u00e7al\u0131\u015fmalar\u0131 ve etkile\u015fimli sohbetler d\u00fczenleyerek \u00fcyelerimizin bilgi payla\u015f\u0131m\u0131n\u0131, deneyim aktar\u0131m\u0131n\u0131 ve mesleki geli\u015fimini destekleriz. Amac\u0131m\u0131z, birbirinden \u00f6\u011frenen, birlikte \u00fcreten ve sekt\u00f6re y\u00f6n veren bir \u0130K toplulu\u011fu yaratmakt\u0131r.<\/p>\t\t\t\t\t\t\t\t<\/div>\n\t\t\t\t<\/div>\n\t\t\t\t\t<\/div>\n\t\t<\/div>\n\t\t\t\t<div class=\"elementor-column elementor-col-33 elementor-top-column elementor-element elementor-element-33fc1b9\" data-id=\"33fc1b9\" data-element_type=\"column\" data-e-type=\"column\">\n\t\t\t<div class=\"elementor-widget-wrap\">\n\t\t\t\t\t\t\t<\/div>\n\t\t<\/div>\n\t\t\t\t<div class=\"elementor-column elementor-col-33 elementor-top-column elementor-element elementor-element-e7d6f2a\" data-id=\"e7d6f2a\" data-element_type=\"column\" data-e-type=\"column\">\n\t\t\t<div class=\"elementor-widget-wrap elementor-element-populated\">\n\t\t\t\t\t\t<div class=\"elementor-element elementor-element-07e8600 elementor-widget elementor-widget-image\" data-id=\"07e8600\" data-element_type=\"widget\" data-e-type=\"widget\" data-widget_type=\"image.default\">\n\t\t\t\t<div class=\"elementor-widget-container\">\n\t\t\t\t\t\t\t\t\t\t\t\t\t\t\t<img fetchpriority=\"high\" decoding=\"async\" width=\"600\" height=\"700\" src=\"https:\/\/ikamid.org\/wp-content\/uploads\/2024\/10\/Adsiz-tasarim-_4_.webp\" class=\"attachment-full size-full wp-image-1566\" alt=\"\" srcset=\"https:\/\/ikamid.org\/wp-content\/uploads\/2024\/10\/Adsiz-tasarim-_4_.webp 600w, https:\/\/ikamid.org\/wp-content\/uploads\/2024\/10\/Adsiz-tasarim-_4_-257x300.webp 257w\" sizes=\"(max-width: 600px) 100vw, 600px\" \/>\t\t\t\t\t\t\t\t\t\t\t\t\t\t\t<\/div>\n\t\t\t\t<\/div>\n\t\t\t\t\t<\/div>\n\t\t<\/div>\n\t\t\t\t\t<\/div>\n\t\t<\/section>\n\t\t\t\t<section class=\"elementor-section elementor-top-section elementor-element elementor-element-8343faf elementor-section-boxed elementor-section-height-default elementor-section-height-default\" data-id=\"8343faf\" data-element_type=\"section\" data-e-type=\"section\">\n\t\t\t\t\t\t<div class=\"elementor-container elementor-column-gap-default\">\n\t\t\t\t\t<div class=\"elementor-column elementor-col-100 elementor-top-column elementor-element elementor-element-33f5e94\" data-id=\"33f5e94\" data-element_type=\"column\" data-e-type=\"column\">\n\t\t\t<div class=\"elementor-widget-wrap elementor-element-populated\">\n\t\t\t\t\t\t<div class=\"elementor-element elementor-element-7b81119 elementor-widget-divider--view-line elementor-widget elementor-widget-divider\" data-id=\"7b81119\" data-element_type=\"widget\" data-e-type=\"widget\" data-widget_type=\"divider.default\">\n\t\t\t\t<div class=\"elementor-widget-container\">\n\t\t\t\t\t\t\t<div class=\"elementor-divider\">\n\t\t\t<span class=\"elementor-divider-separator\">\n\t\t\t\t\t\t<\/span>\n\t\t<\/div>\n\t\t\t\t\t\t<\/div>\n\t\t\t\t<\/div>\n\t\t\t\t\t<\/div>\n\t\t<\/div>\n\t\t\t\t\t<\/div>\n\t\t<\/section>\n\t\t\t\t<section class=\"elementor-section elementor-top-section elementor-element elementor-element-aa21927 elementor-section-boxed elementor-section-height-default elementor-section-height-default\" data-id=\"aa21927\" data-element_type=\"section\" data-e-type=\"section\">\n\t\t\t\t\t\t<div class=\"elementor-container elementor-column-gap-default\">\n\t\t\t\t\t<div class=\"elementor-column elementor-col-100 elementor-top-column elementor-element elementor-element-fb6d3e1\" data-id=\"fb6d3e1\" data-element_type=\"column\" data-e-type=\"column\">\n\t\t\t<div class=\"elementor-widget-wrap elementor-element-populated\">\n\t\t\t\t\t\t<div class=\"elementor-element elementor-element-4c551c3 elementor-widget elementor-widget-heading\" data-id=\"4c551c3\" data-element_type=\"widget\" data-e-type=\"widget\" data-widget_type=\"heading.default\">\n\t\t\t\t<div class=\"elementor-widget-container\">\n\t\t\t\t\t<h2 class=\"elementor-heading-title elementor-size-default\">De\u011ferlerimiz<\/h2>\t\t\t\t<\/div>\n\t\t\t\t<\/div>\n\t\t\t\t<div class=\"elementor-element elementor-element-20598d2 elementor-widget elementor-widget-text-editor\" data-id=\"20598d2\" data-element_type=\"widget\" data-e-type=\"widget\" data-widget_type=\"text-editor.default\">\n\t\t\t\t<div class=\"elementor-widget-container\">\n\t\t\t\t\t\t\t\t\t<ol><li><strong><span class=\"style2\">\u0130<\/span><\/strong>nsan kaynaklar\u0131 mesle\u011fine g\u00f6n\u00fcl veren gen\u00e7 meslekta\u015flar\u0131m\u0131z\u0131n e\u011fitim ve geli\u015fimi i\u00e7in\u00a0<strong>FIRSAT YARATMAK.<\/strong><\/li><li><span class=\"style2\"><strong>K<\/strong><\/span>i\u015fisel ve kurumsal gereksinimlere y\u00f6nelik olarak\u00a0<strong>\u0130\u015eB\u0130RL\u0130\u011e\u0130 YAPMAK.<\/strong><\/li><li><strong><span class=\"style2\">A<\/span><\/strong>nalitik yakla\u015f\u0131mlarla insan kaynaklar\u0131 uygulamalar\u0131na\u00a0<strong>I\u015eIK TUTMAK.<\/strong><\/li><li><strong><span class=\"style2\">M<\/span><\/strong>esleki sorumluluk bilinci ile t\u00fcm taraflara kar\u015f\u0131\u00a0<strong>\u015eEFFAF, D\u00dcR\u00dcST, E\u015e\u0130T VE AD\u0130L OLMAK.<\/strong><\/li><li><strong><span class=\"style2\">\u0130<\/span><\/strong>nsana, yasaya, d\u00fc\u015f\u00fcnceye ve k\u00fclt\u00fcre\u00a0<strong>SAYGI DUYMAK.<\/strong><\/li><li><strong class=\"style2\">D<\/strong>\u00fcnyadaki seyre paralel global dinamiklerle uyum i\u00e7in\u00a0<strong>DE\u011e\u0130\u015e\u0130ME VE GEL\u0130\u015e\u0130ME A\u00c7IK OLMAK.<\/strong><\/li><\/ol>\t\t\t\t\t\t\t\t<\/div>\n\t\t\t\t<\/div>\n\t\t\t\t\t<\/div>\n\t\t<\/div>\n\t\t\t\t\t<\/div>\n\t\t<\/section>\n\t\t\t\t<\/div>\n\t\t","protected":false},"excerpt":{"rendered":"<p>Vizyon &amp; Misyon Anasayfa Vizyon &amp; Misyon Vizyonumuz \u0130nsan kaynaklar\u0131\u00a0geli\u015fimine y\u00f6nelik politika ve yakla\u015f\u0131mlar \u00fcreten stratejik bir payda\u015f olmak. Misyonumuz \u00dcyelerimizin;\u2022 \u0130\u015f g\u00fcc\u00fc kazan\u0131m\u0131 konusunda katk\u0131 sa\u011flamak,\u2022 \u0130\u015f g\u00fcc\u00fcn\u00fc elde tutma politikalar\u0131nda katk\u0131 sa\u011flamak,\u2022 Performans y\u00f6netimi konusunda katk\u0131 sa\u011flamak,\u2022 \u0130\u015f g\u00fcn\u00fcn geli\u015ftirilmesine katk\u0131 sa\u011flamak,\u2022 Gen\u00e7 meslekta\u015flar\u0131m\u0131z\u0131n geli\u015fimine katk\u0131 sa\u011flamak,\u2022 Mesle\u011fin geli\u015fmesine y\u00f6nelik geli\u015fimlere katk\u0131 sa\u011flamak. [&hellip;]<\/p>\n","protected":false},"author":1,"featured_media":0,"parent":0,"menu_order":0,"comment_status":"closed","ping_status":"closed","template":"page-templates\/home2.php","meta":{"footnotes":""},"class_list":["post-45","page","type-page","status-publish","hentry"],"_links":{"self":[{"href":"https:\/\/ikamid.org\/index.php?rest_route=\/wp\/v2\/pages\/45","targetHints":{"allow":["GET"]}}],"collection":[{"href":"https:\/\/ikamid.org\/index.php?rest_route=\/wp\/v2\/pages"}],"about":[{"href":"https:\/\/ikamid.org\/index.php?rest_route=\/wp\/v2\/types\/page"}],"author":[{"embeddable":true,"href":"https:\/\/ikamid.org\/index.php?rest_route=\/wp\/v2\/users\/1"}],"replies":[{"embeddable":true,"href":"https:\/\/ikamid.org\/index.php?rest_route=%2Fwp%2Fv2%2Fcomments&post=45"}],"version-history":[{"count":44,"href":"https:\/\/ikamid.org\/index.php?rest_route=\/wp\/v2\/pages\/45\/revisions"}],"predecessor-version":[{"id":3025,"href":"https:\/\/ikamid.org\/index.php?rest_route=\/wp\/v2\/pages\/45\/revisions\/3025"}],"wp:attachment":[{"href":"https:\/\/ikamid.org\/index.php?rest_route=%2Fwp%2Fv2%2Fmedia&parent=45"}],"curies":[{"name":"wp","href":"https:\/\/api.w.org\/{rel}","templated":true}]}}