{"id":2981,"date":"2025-12-17T16:03:31","date_gmt":"2025-12-17T13:03:31","guid":{"rendered":"https:\/\/ikamid.org\/?page_id=2981"},"modified":"2025-12-17T16:03:54","modified_gmt":"2025-12-17T13:03:54","slug":"sigorta-la","status":"publish","type":"page","link":"https:\/\/ikamid.org\/?page_id=2981","title":{"rendered":"Sigorta.la"},"content":{"rendered":"<p>&nbsp;<\/p>\n<p><span style=\"font-weight: 400;\">Sigorta.la, GAMA Sigorta ve Reas\u00fcrans Brokerli\u011fi A.\u015e.\u2019nin dijital sigortac\u0131l\u0131k altyap\u0131s\u0131yla hayata ge\u00e7irilen, kullan\u0131c\u0131lar\u0131n ihtiya\u00e7lar\u0131na en uygun sigorta \u00fcr\u00fcnlerini kolayca kar\u015f\u0131la\u015ft\u0131r\u0131p h\u0131zl\u0131 ve g\u00fcvenilir \u015fekilde sat\u0131n almas\u0131n\u0131 sa\u011flayan bir online sigorta platformudur. Ulusal ve uluslararas\u0131 sigorta \u015firketlerinin geni\u015f \u00fcr\u00fcn yelpazesini tek ekranda sunan Sigorta.la; \u015feffaf fiyatland\u0131rma, profesyonel dan\u0131\u015fmanl\u0131k ve m\u00fc\u015fteri odakl\u0131 hizmet anlay\u0131\u015f\u0131yla, bireylerin sigorta s\u00fcre\u00e7lerini pratik ve g\u00fcvenli bir deneyime d\u00f6n\u00fc\u015ft\u00fcrmeyi hedeflemektedir.<\/span><\/p>\n<p><img fetchpriority=\"high\" decoding=\"async\" class=\"wp-image-2982 size-full aligncenter\" src=\"https:\/\/ikamid.org\/wp-content\/uploads\/2025\/12\/unnamed.jpg\" alt=\"\" width=\"492\" height=\"512\" srcset=\"https:\/\/ikamid.org\/wp-content\/uploads\/2025\/12\/unnamed.jpg 492w, https:\/\/ikamid.org\/wp-content\/uploads\/2025\/12\/unnamed-288x300.jpg 288w\" sizes=\"(max-width: 492px) 100vw, 492px\" \/><\/p>\n","protected":false},"excerpt":{"rendered":"<p>&nbsp; Sigorta.la, GAMA Sigorta ve Reas\u00fcrans Brokerli\u011fi A.\u015e.\u2019nin dijital sigortac\u0131l\u0131k altyap\u0131s\u0131yla hayata ge\u00e7irilen, kullan\u0131c\u0131lar\u0131n ihtiya\u00e7lar\u0131na en uygun sigorta \u00fcr\u00fcnlerini kolayca kar\u015f\u0131la\u015ft\u0131r\u0131p h\u0131zl\u0131 ve g\u00fcvenilir \u015fekilde sat\u0131n almas\u0131n\u0131 sa\u011flayan bir online sigorta platformudur. Ulusal ve uluslararas\u0131 sigorta \u015firketlerinin geni\u015f \u00fcr\u00fcn yelpazesini tek ekranda sunan Sigorta.la; \u015feffaf fiyatland\u0131rma, profesyonel dan\u0131\u015fmanl\u0131k ve m\u00fc\u015fteri odakl\u0131 hizmet anlay\u0131\u015f\u0131yla, bireylerin sigorta [&hellip;]<\/p>\n","protected":false},"author":3,"featured_media":0,"parent":0,"menu_order":0,"comment_status":"closed","ping_status":"closed","template":"","meta":{"footnotes":""},"class_list":["post-2981","page","type-page","status-publish","hentry"],"_links":{"self":[{"href":"https:\/\/ikamid.org\/index.php?rest_route=\/wp\/v2\/pages\/2981","targetHints":{"allow":["GET"]}}],"collection":[{"href":"https:\/\/ikamid.org\/index.php?rest_route=\/wp\/v2\/pages"}],"about":[{"href":"https:\/\/ikamid.org\/index.php?rest_route=\/wp\/v2\/types\/page"}],"author":[{"embeddable":true,"href":"https:\/\/ikamid.org\/index.php?rest_route=\/wp\/v2\/users\/3"}],"replies":[{"embeddable":true,"href":"https:\/\/ikamid.org\/index.php?rest_route=%2Fwp%2Fv2%2Fcomments&post=2981"}],"version-history":[{"count":2,"href":"https:\/\/ikamid.org\/index.php?rest_route=\/wp\/v2\/pages\/2981\/revisions"}],"predecessor-version":[{"id":2984,"href":"https:\/\/ikamid.org\/index.php?rest_route=\/wp\/v2\/pages\/2981\/revisions\/2984"}],"wp:attachment":[{"href":"https:\/\/ikamid.org\/index.php?rest_route=%2Fwp%2Fv2%2Fmedia&parent=2981"}],"curies":[{"name":"wp","href":"https:\/\/api.w.org\/{rel}","templated":true}]}}