{"id":2933,"date":"2025-11-28T14:58:16","date_gmt":"2025-11-28T11:58:16","guid":{"rendered":"https:\/\/ikamid.org\/?page_id=2933"},"modified":"2025-11-28T14:58:16","modified_gmt":"2025-11-28T11:58:16","slug":"kadim-osgb-kadim-saglik","status":"publish","type":"page","link":"https:\/\/ikamid.org\/?page_id=2933","title":{"rendered":"Kadim OSGB &#038; Kadim Sa\u011fl\u0131k"},"content":{"rendered":"<hr \/>\n<p><span style=\"font-weight: 400;\">Kadim OSGB &amp; Kadim Sa\u011fl\u0131k<\/span><\/p>\n<p><span style=\"font-weight: 400;\">Kadim OSGB , T\u00fcrkiye\u2019nin \u00f6nde gelen i\u015f sa\u011fl\u0131\u011f\u0131 ve g\u00fcvenli\u011fi hizmet sa\u011flay\u0131c\u0131lar\u0131ndan biri olarak, 80.000\u2019den fazla ki\u015finin i\u015fe giri\u015f sa\u011fl\u0131k raporu ve periyodik sa\u011fl\u0131k taramas\u0131 i\u015flemlerini g\u00fcvenle tamamlam\u0131\u015ft\u0131r. Beylikd\u00fcz\u00fc ve Levent \u015fubelerimizle, t\u00fcm Avrupa Yakas\u0131\u2019na h\u0131zl\u0131, g\u00fcvenilir ve yasalara tam uyumlu hizmet sunuyoruz. Buna ilaveten \u0130stanbul ve \u00e7evre illerine mobil sa\u011fl\u0131k tarama hizmeti sa\u011flamaktay\u0131z. 600\u2019den fazla 5.00 y\u0131ld\u0131zla Google puan\u0131m\u0131z referans\u0131m\u0131zd\u0131r.<\/p>\n<p><img fetchpriority=\"high\" decoding=\"async\" class=\"aligncenter wp-image-2927 size-full\" src=\"https:\/\/ikamid.org\/wp-content\/uploads\/2025\/11\/2.-I\u0307KAMI\u0307D-KADI\u0307M-1.png\" alt=\"\" width=\"1080\" height=\"1080\" srcset=\"https:\/\/ikamid.org\/wp-content\/uploads\/2025\/11\/2.-I\u0307KAMI\u0307D-KADI\u0307M-1.png 1080w, https:\/\/ikamid.org\/wp-content\/uploads\/2025\/11\/2.-I\u0307KAMI\u0307D-KADI\u0307M-1-300x300.png 300w, https:\/\/ikamid.org\/wp-content\/uploads\/2025\/11\/2.-I\u0307KAMI\u0307D-KADI\u0307M-1-1024x1024.png 1024w, https:\/\/ikamid.org\/wp-content\/uploads\/2025\/11\/2.-I\u0307KAMI\u0307D-KADI\u0307M-1-150x150.png 150w, https:\/\/ikamid.org\/wp-content\/uploads\/2025\/11\/2.-I\u0307KAMI\u0307D-KADI\u0307M-1-768x768.png 768w\" sizes=\"(max-width: 1080px) 100vw, 1080px\" \/><br \/>\n<\/span><\/p>\n","protected":false},"excerpt":{"rendered":"<p>Kadim OSGB &amp; Kadim Sa\u011fl\u0131k Kadim OSGB , T\u00fcrkiye\u2019nin \u00f6nde gelen i\u015f sa\u011fl\u0131\u011f\u0131 ve g\u00fcvenli\u011fi hizmet sa\u011flay\u0131c\u0131lar\u0131ndan biri olarak, 80.000\u2019den fazla ki\u015finin i\u015fe giri\u015f sa\u011fl\u0131k raporu ve periyodik sa\u011fl\u0131k taramas\u0131 i\u015flemlerini g\u00fcvenle tamamlam\u0131\u015ft\u0131r. Beylikd\u00fcz\u00fc ve Levent \u015fubelerimizle, t\u00fcm Avrupa Yakas\u0131\u2019na h\u0131zl\u0131, g\u00fcvenilir ve yasalara tam uyumlu hizmet sunuyoruz. Buna ilaveten \u0130stanbul ve \u00e7evre illerine mobil [&hellip;]<\/p>\n","protected":false},"author":1,"featured_media":0,"parent":0,"menu_order":0,"comment_status":"closed","ping_status":"closed","template":"","meta":{"footnotes":""},"class_list":["post-2933","page","type-page","status-publish","hentry"],"_links":{"self":[{"href":"https:\/\/ikamid.org\/index.php?rest_route=\/wp\/v2\/pages\/2933","targetHints":{"allow":["GET"]}}],"collection":[{"href":"https:\/\/ikamid.org\/index.php?rest_route=\/wp\/v2\/pages"}],"about":[{"href":"https:\/\/ikamid.org\/index.php?rest_route=\/wp\/v2\/types\/page"}],"author":[{"embeddable":true,"href":"https:\/\/ikamid.org\/index.php?rest_route=\/wp\/v2\/users\/1"}],"replies":[{"embeddable":true,"href":"https:\/\/ikamid.org\/index.php?rest_route=%2Fwp%2Fv2%2Fcomments&post=2933"}],"version-history":[{"count":1,"href":"https:\/\/ikamid.org\/index.php?rest_route=\/wp\/v2\/pages\/2933\/revisions"}],"predecessor-version":[{"id":2934,"href":"https:\/\/ikamid.org\/index.php?rest_route=\/wp\/v2\/pages\/2933\/revisions\/2934"}],"wp:attachment":[{"href":"https:\/\/ikamid.org\/index.php?rest_route=%2Fwp%2Fv2%2Fmedia&parent=2933"}],"curies":[{"name":"wp","href":"https:\/\/api.w.org\/{rel}","templated":true}]}}