{"id":2929,"date":"2025-11-28T14:57:11","date_gmt":"2025-11-28T11:57:11","guid":{"rendered":"https:\/\/ikamid.org\/?page_id=2929"},"modified":"2025-11-28T14:57:11","modified_gmt":"2025-11-28T11:57:11","slug":"ozel-ders-alani","status":"publish","type":"page","link":"https:\/\/ikamid.org\/?page_id=2929","title":{"rendered":"\u00d6zel Ders Alan\u0131"},"content":{"rendered":"<hr \/>\n<p><span style=\"font-weight: 400;\"><br \/>\n\u0130KAM\u0130D \u00fcyelerine g\u00fczel bir haberimiz var.<\/span><\/p>\n<p><span style=\"font-weight: 400;\">Kurumsal \u00fcyelerimizden \u00d6zel Ders Alan\u0131\u2019nda ister 25 farkl\u0131 yabanc\u0131 dil kategorisinde, ister m\u00fczik alan\u0131nda, ister okul ve bran\u015f derslerinde, ister \u00e7al\u0131\u015fanlar\u0131n ki\u015fisel geli\u015fim e\u011fitimlerinde\u2026 Hangi alanda ihtiya\u00e7 duyarsan\u0131z, online ders paketlerinde %10 indirim sizleri bekliyor.<\/span><\/p>\n<p><span style=\"font-weight: 400;\">\ud83d\udc49 Kullanabilece\u011finiz indirim kodu: \u0130KAM\u0130D10<\/span><\/p>\n<p><span style=\"font-weight: 400;\">\ud83d\udc49 <\/span><a href=\"http:\/\/ozeldersalani.com\"><span style=\"font-weight: 400;\">ozeldersalani.com<\/span><\/a><\/p>\n<p><span style=\"font-weight: 400;\">Kendinize ya da \u00e7ocu\u011funuza yeni bir \u015fey katmak i\u00e7in g\u00fczel bir f\u0131rsat \u2728<\/span><\/p>\n<p><span style=\"font-weight: 400;\">\u0130leti\u015fim \u0130\u00e7in:\u00a0<\/span><\/p>\n<p><span style=\"font-weight: 400;\">Sefa \u00d6zdeniz<br \/>\n<\/span><span style=\"font-weight: 400;\">+90 534 855 33 44<\/p>\n<p><\/span><\/p>\n<p><img fetchpriority=\"high\" decoding=\"async\" class=\"aligncenter wp-image-2928 size-full\" src=\"https:\/\/ikamid.org\/wp-content\/uploads\/2025\/11\/o\u0308zel-ders-alani.jpg\" alt=\"\" width=\"1080\" height=\"1920\" srcset=\"https:\/\/ikamid.org\/wp-content\/uploads\/2025\/11\/o\u0308zel-ders-alani.jpg 1080w, https:\/\/ikamid.org\/wp-content\/uploads\/2025\/11\/o\u0308zel-ders-alani-169x300.jpg 169w, https:\/\/ikamid.org\/wp-content\/uploads\/2025\/11\/o\u0308zel-ders-alani-576x1024.jpg 576w, https:\/\/ikamid.org\/wp-content\/uploads\/2025\/11\/o\u0308zel-ders-alani-768x1365.jpg 768w, https:\/\/ikamid.org\/wp-content\/uploads\/2025\/11\/o\u0308zel-ders-alani-864x1536.jpg 864w\" sizes=\"(max-width: 1080px) 100vw, 1080px\" \/><\/p>\n","protected":false},"excerpt":{"rendered":"<p>\u0130KAM\u0130D \u00fcyelerine g\u00fczel bir haberimiz var. Kurumsal \u00fcyelerimizden \u00d6zel Ders Alan\u0131\u2019nda ister 25 farkl\u0131 yabanc\u0131 dil kategorisinde, ister m\u00fczik alan\u0131nda, ister okul ve bran\u015f derslerinde, ister \u00e7al\u0131\u015fanlar\u0131n ki\u015fisel geli\u015fim e\u011fitimlerinde\u2026 Hangi alanda ihtiya\u00e7 duyarsan\u0131z, online ders paketlerinde %10 indirim sizleri bekliyor. \ud83d\udc49 Kullanabilece\u011finiz indirim kodu: \u0130KAM\u0130D10 \ud83d\udc49 ozeldersalani.com Kendinize ya da \u00e7ocu\u011funuza yeni bir \u015fey [&hellip;]<\/p>\n","protected":false},"author":1,"featured_media":0,"parent":0,"menu_order":0,"comment_status":"closed","ping_status":"closed","template":"","meta":{"footnotes":""},"class_list":["post-2929","page","type-page","status-publish","hentry"],"_links":{"self":[{"href":"https:\/\/ikamid.org\/index.php?rest_route=\/wp\/v2\/pages\/2929","targetHints":{"allow":["GET"]}}],"collection":[{"href":"https:\/\/ikamid.org\/index.php?rest_route=\/wp\/v2\/pages"}],"about":[{"href":"https:\/\/ikamid.org\/index.php?rest_route=\/wp\/v2\/types\/page"}],"author":[{"embeddable":true,"href":"https:\/\/ikamid.org\/index.php?rest_route=\/wp\/v2\/users\/1"}],"replies":[{"embeddable":true,"href":"https:\/\/ikamid.org\/index.php?rest_route=%2Fwp%2Fv2%2Fcomments&post=2929"}],"version-history":[{"count":3,"href":"https:\/\/ikamid.org\/index.php?rest_route=\/wp\/v2\/pages\/2929\/revisions"}],"predecessor-version":[{"id":2932,"href":"https:\/\/ikamid.org\/index.php?rest_route=\/wp\/v2\/pages\/2929\/revisions\/2932"}],"wp:attachment":[{"href":"https:\/\/ikamid.org\/index.php?rest_route=%2Fwp%2Fv2%2Fmedia&parent=2929"}],"curies":[{"name":"wp","href":"https:\/\/api.w.org\/{rel}","templated":true}]}}