{"id":2903,"date":"2025-11-19T13:46:04","date_gmt":"2025-11-19T10:46:04","guid":{"rendered":"https:\/\/ikamid.org\/?page_id=2903"},"modified":"2025-12-17T16:04:26","modified_gmt":"2025-12-17T13:04:26","slug":"sponsorlarimiz","status":"publish","type":"page","link":"https:\/\/ikamid.org\/?page_id=2903","title":{"rendered":"Sponsorlar\u0131m\u0131z"},"content":{"rendered":"\t\t<div data-elementor-type=\"wp-page\" data-elementor-id=\"2903\" class=\"elementor elementor-2903\" data-elementor-post-type=\"page\">\n\t\t\t\t\t\t<section class=\"elementor-section elementor-top-section elementor-element elementor-element-149304e elementor-section-boxed elementor-section-height-default elementor-section-height-default\" data-id=\"149304e\" data-element_type=\"section\" data-e-type=\"section\">\n\t\t\t\t\t\t<div class=\"elementor-container elementor-column-gap-default\">\n\t\t\t\t\t<div class=\"elementor-column elementor-col-100 elementor-top-column elementor-element elementor-element-7b09586\" data-id=\"7b09586\" data-element_type=\"column\" data-e-type=\"column\">\n\t\t\t<div class=\"elementor-widget-wrap elementor-element-populated\">\n\t\t\t\t\t\t<div class=\"elementor-element elementor-element-905b459 elementor-widget-divider--view-line elementor-widget elementor-widget-divider\" data-id=\"905b459\" data-element_type=\"widget\" data-e-type=\"widget\" data-widget_type=\"divider.default\">\n\t\t\t\t<div class=\"elementor-widget-container\">\n\t\t\t\t\t\t\t<div class=\"elementor-divider\">\n\t\t\t<span class=\"elementor-divider-separator\">\n\t\t\t\t\t\t<\/span>\n\t\t<\/div>\n\t\t\t\t\t\t<\/div>\n\t\t\t\t<\/div>\n\t\t\t\t\t<\/div>\n\t\t<\/div>\n\t\t\t\t\t<\/div>\n\t\t<\/section>\n\t\t\t\t<section class=\"elementor-section elementor-top-section elementor-element elementor-element-545e21c elementor-section-boxed elementor-section-height-default elementor-section-height-default\" data-id=\"545e21c\" data-element_type=\"section\" data-e-type=\"section\">\n\t\t\t\t\t\t<div class=\"elementor-container elementor-column-gap-default\">\n\t\t\t\t\t<div class=\"elementor-column elementor-col-100 elementor-top-column elementor-element elementor-element-2a084f7\" data-id=\"2a084f7\" data-element_type=\"column\" data-e-type=\"column\">\n\t\t\t<div class=\"elementor-widget-wrap elementor-element-populated\">\n\t\t\t\t\t\t<div class=\"elementor-element elementor-element-6b6c475 elementor-widget elementor-widget-heading\" data-id=\"6b6c475\" data-element_type=\"widget\" data-e-type=\"widget\" data-widget_type=\"heading.default\">\n\t\t\t\t<div class=\"elementor-widget-container\">\n\t\t\t\t\t<h2 class=\"elementor-heading-title elementor-size-default\">Sponsorlar\u0131m\u0131z ve \u00dcye Ayr\u0131cal\u0131klar\u0131<\/h2>\t\t\t\t<\/div>\n\t\t\t\t<\/div>\n\t\t\t\t\t<\/div>\n\t\t<\/div>\n\t\t\t\t\t<\/div>\n\t\t<\/section>\n\t\t\t\t<section class=\"elementor-section elementor-top-section elementor-element elementor-element-910f583 elementor-section-boxed elementor-section-height-default elementor-section-height-default\" data-id=\"910f583\" data-element_type=\"section\" data-e-type=\"section\">\n\t\t\t\t\t\t<div class=\"elementor-container elementor-column-gap-default\">\n\t\t\t\t\t<div class=\"elementor-column elementor-col-100 elementor-top-column elementor-element elementor-element-be6e752\" data-id=\"be6e752\" data-element_type=\"column\" data-e-type=\"column\">\n\t\t\t<div class=\"elementor-widget-wrap elementor-element-populated\">\n\t\t\t\t\t\t<div class=\"elementor-element elementor-element-acf4b3a elementor-widget elementor-widget-text-editor\" data-id=\"acf4b3a\" data-element_type=\"widget\" data-e-type=\"widget\" data-widget_type=\"text-editor.default\">\n\t\t\t\t<div class=\"elementor-widget-container\">\n\t\t\t\t\t\t\t\t\t<p data-path-to-node=\"15\"><strong>Kurumsal \u00fcyelerimizin deste\u011fi, \u00fcyelerimiz i\u00e7in f\u0131rsata d\u00f6n\u00fc\u015f\u00fcyor!<\/strong><\/p><p data-path-to-node=\"16\">\u0130kamid olarak, sekt\u00f6r\u00fcn \u00f6nde gelen kurumlar\u0131yla yapt\u0131\u011f\u0131m\u0131z anla\u015fmalar sayesinde \u00fcyelerimize \u00f6zel indirimler, e\u011fitim burslar\u0131 ve i\u015f birli\u011fi olanaklar\u0131 yarat\u0131yoruz. \u0130nsan Kaynaklar\u0131 alan\u0131nda standartlar\u0131 y\u00fckseltirken bize destek olan t\u00fcm kurumsal payda\u015flar\u0131m\u0131za te\u015fekk\u00fcrler.<\/p>\t\t\t\t\t\t\t\t<\/div>\n\t\t\t\t<\/div>\n\t\t\t\t\t<\/div>\n\t\t<\/div>\n\t\t\t\t\t<\/div>\n\t\t<\/section>\n\t\t\t\t<section class=\"elementor-section elementor-top-section elementor-element elementor-element-77728f0 elementor-section-boxed elementor-section-height-default elementor-section-height-default\" data-id=\"77728f0\" data-element_type=\"section\" data-e-type=\"section\">\n\t\t\t\t\t\t<div class=\"elementor-container elementor-column-gap-default\">\n\t\t\t\t\t<div class=\"elementor-column elementor-col-33 elementor-top-column elementor-element elementor-element-1a25a05\" data-id=\"1a25a05\" data-element_type=\"column\" data-e-type=\"column\">\n\t\t\t<div class=\"elementor-widget-wrap elementor-element-populated\">\n\t\t\t\t\t\t<div class=\"elementor-element elementor-element-8a308b8 elementor-widget elementor-widget-image\" data-id=\"8a308b8\" data-element_type=\"widget\" data-e-type=\"widget\" data-widget_type=\"image.default\">\n\t\t\t\t<div class=\"elementor-widget-container\">\n\t\t\t\t\t\t\t\t\t\t\t\t\t\t\t\t<a href=\"https:\/\/ikamid.org\/?page_id=2935\">\n\t\t\t\t\t\t\t<img fetchpriority=\"high\" decoding=\"async\" width=\"500\" height=\"500\" src=\"https:\/\/ikamid.org\/wp-content\/uploads\/2025\/11\/7.jpg\" class=\"attachment-full size-full wp-image-2943\" alt=\"\" srcset=\"https:\/\/ikamid.org\/wp-content\/uploads\/2025\/11\/7.jpg 500w, https:\/\/ikamid.org\/wp-content\/uploads\/2025\/11\/7-300x300.jpg 300w, https:\/\/ikamid.org\/wp-content\/uploads\/2025\/11\/7-150x150.jpg 150w\" sizes=\"(max-width: 500px) 100vw, 500px\" \/>\t\t\t\t\t\t\t\t<\/a>\n\t\t\t\t\t\t\t\t\t\t\t\t\t\t\t<\/div>\n\t\t\t\t<\/div>\n\t\t\t\t<div class=\"elementor-element elementor-element-6dc7cf9 elementor-align-center elementor-widget elementor-widget-button\" data-id=\"6dc7cf9\" data-element_type=\"widget\" data-e-type=\"widget\" data-widget_type=\"button.default\">\n\t\t\t\t<div class=\"elementor-widget-container\">\n\t\t\t\t\t\t\t\t\t<div class=\"elementor-button-wrapper\">\n\t\t\t\t\t<a class=\"elementor-button elementor-button-link elementor-size-sm\" href=\"https:\/\/ikamid.org\/?page_id=2935\">\n\t\t\t\t\t\t<span class=\"elementor-button-content-wrapper\">\n\t\t\t\t\t\t\t\t\t<span class=\"elementor-button-text\">\u0130KAM\u0130D \u00dcyelerimiz \u0130\u00e7in Avantajlar\u0131<\/span>\n\t\t\t\t\t<\/span>\n\t\t\t\t\t<\/a>\n\t\t\t\t<\/div>\n\t\t\t\t\t\t\t\t<\/div>\n\t\t\t\t<\/div>\n\t\t\t\t\t<\/div>\n\t\t<\/div>\n\t\t\t\t<div class=\"elementor-column elementor-col-33 elementor-top-column elementor-element elementor-element-a5e6489\" data-id=\"a5e6489\" data-element_type=\"column\" data-e-type=\"column\">\n\t\t\t<div class=\"elementor-widget-wrap elementor-element-populated\">\n\t\t\t\t\t\t<div class=\"elementor-element elementor-element-c5db2a5 elementor-widget elementor-widget-image\" data-id=\"c5db2a5\" data-element_type=\"widget\" data-e-type=\"widget\" data-widget_type=\"image.default\">\n\t\t\t\t<div class=\"elementor-widget-container\">\n\t\t\t\t\t\t\t\t\t\t\t\t\t\t\t<img decoding=\"async\" width=\"500\" height=\"500\" src=\"https:\/\/ikamid.org\/wp-content\/uploads\/2025\/11\/4.jpg\" class=\"attachment-large size-large wp-image-2941\" alt=\"\" srcset=\"https:\/\/ikamid.org\/wp-content\/uploads\/2025\/11\/4.jpg 500w, https:\/\/ikamid.org\/wp-content\/uploads\/2025\/11\/4-300x300.jpg 300w, https:\/\/ikamid.org\/wp-content\/uploads\/2025\/11\/4-150x150.jpg 150w\" sizes=\"(max-width: 500px) 100vw, 500px\" \/>\t\t\t\t\t\t\t\t\t\t\t\t\t\t\t<\/div>\n\t\t\t\t<\/div>\n\t\t\t\t<div class=\"elementor-element elementor-element-63ea725 elementor-align-center elementor-widget elementor-widget-button\" data-id=\"63ea725\" data-element_type=\"widget\" data-e-type=\"widget\" data-widget_type=\"button.default\">\n\t\t\t\t<div class=\"elementor-widget-container\">\n\t\t\t\t\t\t\t\t\t<div class=\"elementor-button-wrapper\">\n\t\t\t\t\t<a class=\"elementor-button elementor-button-link elementor-size-sm\" href=\"https:\/\/ikamid.org\/?page_id=2933\">\n\t\t\t\t\t\t<span class=\"elementor-button-content-wrapper\">\n\t\t\t\t\t\t\t\t\t<span class=\"elementor-button-text\">\u0130KAM\u0130D \u00dcyelerimiz \u0130\u00e7in Avantajlar\u0131<\/span>\n\t\t\t\t\t<\/span>\n\t\t\t\t\t<\/a>\n\t\t\t\t<\/div>\n\t\t\t\t\t\t\t\t<\/div>\n\t\t\t\t<\/div>\n\t\t\t\t\t<\/div>\n\t\t<\/div>\n\t\t\t\t<div class=\"elementor-column elementor-col-33 elementor-top-column elementor-element elementor-element-500da39\" data-id=\"500da39\" data-element_type=\"column\" data-e-type=\"column\">\n\t\t\t<div class=\"elementor-widget-wrap elementor-element-populated\">\n\t\t\t\t\t\t<div class=\"elementor-element elementor-element-b2c243e elementor-widget elementor-widget-image\" data-id=\"b2c243e\" data-element_type=\"widget\" data-e-type=\"widget\" data-widget_type=\"image.default\">\n\t\t\t\t<div class=\"elementor-widget-container\">\n\t\t\t\t\t\t\t\t\t\t\t\t\t\t\t<img decoding=\"async\" width=\"500\" height=\"500\" src=\"https:\/\/ikamid.org\/wp-content\/uploads\/2025\/11\/8.jpg\" class=\"attachment-large size-large wp-image-2944\" alt=\"\" srcset=\"https:\/\/ikamid.org\/wp-content\/uploads\/2025\/11\/8.jpg 500w, https:\/\/ikamid.org\/wp-content\/uploads\/2025\/11\/8-300x300.jpg 300w, https:\/\/ikamid.org\/wp-content\/uploads\/2025\/11\/8-150x150.jpg 150w\" sizes=\"(max-width: 500px) 100vw, 500px\" \/>\t\t\t\t\t\t\t\t\t\t\t\t\t\t\t<\/div>\n\t\t\t\t<\/div>\n\t\t\t\t<div class=\"elementor-element elementor-element-0a54326 elementor-align-center elementor-widget elementor-widget-button\" data-id=\"0a54326\" data-element_type=\"widget\" data-e-type=\"widget\" data-widget_type=\"button.default\">\n\t\t\t\t<div class=\"elementor-widget-container\">\n\t\t\t\t\t\t\t\t\t<div class=\"elementor-button-wrapper\">\n\t\t\t\t\t<a class=\"elementor-button elementor-button-link elementor-size-sm\" href=\"https:\/\/ikamid.org\/?page_id=2929\">\n\t\t\t\t\t\t<span class=\"elementor-button-content-wrapper\">\n\t\t\t\t\t\t\t\t\t<span class=\"elementor-button-text\">\u0130KAM\u0130D \u00dcyelerimiz \u0130\u00e7in Avantajlar\u0131<\/span>\n\t\t\t\t\t<\/span>\n\t\t\t\t\t<\/a>\n\t\t\t\t<\/div>\n\t\t\t\t\t\t\t\t<\/div>\n\t\t\t\t<\/div>\n\t\t\t\t\t<\/div>\n\t\t<\/div>\n\t\t\t\t\t<\/div>\n\t\t<\/section>\n\t\t\t\t<section class=\"elementor-section elementor-top-section elementor-element elementor-element-bc9735f elementor-section-boxed elementor-section-height-default elementor-section-height-default\" data-id=\"bc9735f\" data-element_type=\"section\" data-e-type=\"section\">\n\t\t\t\t\t\t<div class=\"elementor-container elementor-column-gap-default\">\n\t\t\t\t\t<div class=\"elementor-column elementor-col-33 elementor-top-column elementor-element elementor-element-46cf5cc\" data-id=\"46cf5cc\" data-element_type=\"column\" data-e-type=\"column\">\n\t\t\t<div class=\"elementor-widget-wrap elementor-element-populated\">\n\t\t\t\t\t\t<div class=\"elementor-element elementor-element-5ff3204 elementor-widget elementor-widget-image\" data-id=\"5ff3204\" data-element_type=\"widget\" data-e-type=\"widget\" data-widget_type=\"image.default\">\n\t\t\t\t<div class=\"elementor-widget-container\">\n\t\t\t\t\t\t\t\t\t\t\t\t\t\t\t\t<a href=\"https:\/\/ikamid.org\/?page_id=2981\">\n\t\t\t\t\t\t\t<img loading=\"lazy\" decoding=\"async\" width=\"500\" height=\"500\" src=\"https:\/\/ikamid.org\/wp-content\/uploads\/2025\/12\/ikamid-sponsor-logolar.gif\" class=\"attachment-large size-large wp-image-2980\" alt=\"\" \/>\t\t\t\t\t\t\t\t<\/a>\n\t\t\t\t\t\t\t\t\t\t\t\t\t\t\t<\/div>\n\t\t\t\t<\/div>\n\t\t\t\t<div class=\"elementor-element elementor-element-460b16b elementor-align-center elementor-widget elementor-widget-button\" data-id=\"460b16b\" data-element_type=\"widget\" data-e-type=\"widget\" data-widget_type=\"button.default\">\n\t\t\t\t<div class=\"elementor-widget-container\">\n\t\t\t\t\t\t\t\t\t<div class=\"elementor-button-wrapper\">\n\t\t\t\t\t<a class=\"elementor-button elementor-button-link elementor-size-sm\" href=\"https:\/\/ikamid.org\/?page_id=2981\">\n\t\t\t\t\t\t<span class=\"elementor-button-content-wrapper\">\n\t\t\t\t\t\t\t\t\t<span class=\"elementor-button-text\">\u0130KAM\u0130D \u00dcyelerimiz \u0130\u00e7in Avantajlar\u0131<\/span>\n\t\t\t\t\t<\/span>\n\t\t\t\t\t<\/a>\n\t\t\t\t<\/div>\n\t\t\t\t\t\t\t\t<\/div>\n\t\t\t\t<\/div>\n\t\t\t\t\t<\/div>\n\t\t<\/div>\n\t\t\t\t<div class=\"elementor-column elementor-col-33 elementor-top-column elementor-element elementor-element-a780e73\" data-id=\"a780e73\" data-element_type=\"column\" data-e-type=\"column\">\n\t\t\t<div class=\"elementor-widget-wrap elementor-element-populated\">\n\t\t\t\t\t\t<div class=\"elementor-element elementor-element-ecfb2be elementor-widget elementor-widget-image\" data-id=\"ecfb2be\" data-element_type=\"widget\" data-e-type=\"widget\" data-widget_type=\"image.default\">\n\t\t\t\t<div class=\"elementor-widget-container\">\n\t\t\t\t\t\t\t\t\t\t\t\t\t\t\t<img loading=\"lazy\" decoding=\"async\" width=\"500\" height=\"500\" src=\"https:\/\/ikamid.org\/wp-content\/uploads\/2025\/11\/5.jpg\" class=\"attachment-large size-large wp-image-2942\" alt=\"\" srcset=\"https:\/\/ikamid.org\/wp-content\/uploads\/2025\/11\/5.jpg 500w, https:\/\/ikamid.org\/wp-content\/uploads\/2025\/11\/5-300x300.jpg 300w, https:\/\/ikamid.org\/wp-content\/uploads\/2025\/11\/5-150x150.jpg 150w\" sizes=\"(max-width: 500px) 100vw, 500px\" \/>\t\t\t\t\t\t\t\t\t\t\t\t\t\t\t<\/div>\n\t\t\t\t<\/div>\n\t\t\t\t<div class=\"elementor-element elementor-element-fe2b992 elementor-align-center elementor-widget elementor-widget-button\" data-id=\"fe2b992\" data-element_type=\"widget\" data-e-type=\"widget\" data-widget_type=\"button.default\">\n\t\t\t\t<div class=\"elementor-widget-container\">\n\t\t\t\t\t\t\t\t\t<div class=\"elementor-button-wrapper\">\n\t\t\t\t\t<a class=\"elementor-button elementor-button-link elementor-size-sm\" href=\"#\">\n\t\t\t\t\t\t<span class=\"elementor-button-content-wrapper\">\n\t\t\t\t\t\t\t\t\t<span class=\"elementor-button-text\">\u0130KAM\u0130D \u00dcyelerimiz \u0130\u00e7in Avantajlar\u0131<\/span>\n\t\t\t\t\t<\/span>\n\t\t\t\t\t<\/a>\n\t\t\t\t<\/div>\n\t\t\t\t\t\t\t\t<\/div>\n\t\t\t\t<\/div>\n\t\t\t\t\t<\/div>\n\t\t<\/div>\n\t\t\t\t<div class=\"elementor-column elementor-col-33 elementor-top-column elementor-element elementor-element-25b45ff\" data-id=\"25b45ff\" data-element_type=\"column\" data-e-type=\"column\">\n\t\t\t<div class=\"elementor-widget-wrap elementor-element-populated\">\n\t\t\t\t\t\t<div class=\"elementor-element elementor-element-848edc6 elementor-widget elementor-widget-image\" data-id=\"848edc6\" data-element_type=\"widget\" data-e-type=\"widget\" data-widget_type=\"image.default\">\n\t\t\t\t<div class=\"elementor-widget-container\">\n\t\t\t\t\t\t\t\t\t\t\t\t\t\t\t<img loading=\"lazy\" decoding=\"async\" width=\"500\" height=\"500\" src=\"https:\/\/ikamid.org\/wp-content\/uploads\/2025\/11\/3.jpg\" class=\"attachment-large size-large wp-image-2940\" alt=\"\" srcset=\"https:\/\/ikamid.org\/wp-content\/uploads\/2025\/11\/3.jpg 500w, https:\/\/ikamid.org\/wp-content\/uploads\/2025\/11\/3-300x300.jpg 300w, https:\/\/ikamid.org\/wp-content\/uploads\/2025\/11\/3-150x150.jpg 150w\" sizes=\"(max-width: 500px) 100vw, 500px\" \/>\t\t\t\t\t\t\t\t\t\t\t\t\t\t\t<\/div>\n\t\t\t\t<\/div>\n\t\t\t\t<div class=\"elementor-element elementor-element-24bcb95 elementor-align-center elementor-widget elementor-widget-button\" data-id=\"24bcb95\" data-element_type=\"widget\" data-e-type=\"widget\" data-widget_type=\"button.default\">\n\t\t\t\t<div class=\"elementor-widget-container\">\n\t\t\t\t\t\t\t\t\t<div class=\"elementor-button-wrapper\">\n\t\t\t\t\t<a class=\"elementor-button elementor-button-link elementor-size-sm\" href=\"#\">\n\t\t\t\t\t\t<span class=\"elementor-button-content-wrapper\">\n\t\t\t\t\t\t\t\t\t<span class=\"elementor-button-text\">\u0130KAM\u0130D \u00dcyelerimiz \u0130\u00e7in Avantajlar\u0131<\/span>\n\t\t\t\t\t<\/span>\n\t\t\t\t\t<\/a>\n\t\t\t\t<\/div>\n\t\t\t\t\t\t\t\t<\/div>\n\t\t\t\t<\/div>\n\t\t\t\t\t<\/div>\n\t\t<\/div>\n\t\t\t\t\t<\/div>\n\t\t<\/section>\n\t\t\t\t<section class=\"elementor-section elementor-top-section elementor-element elementor-element-78ba5cb elementor-section-boxed elementor-section-height-default elementor-section-height-default\" data-id=\"78ba5cb\" data-element_type=\"section\" data-e-type=\"section\">\n\t\t\t\t\t\t<div class=\"elementor-container elementor-column-gap-default\">\n\t\t\t\t\t<div class=\"elementor-column elementor-col-33 elementor-top-column elementor-element elementor-element-1192636\" data-id=\"1192636\" data-element_type=\"column\" data-e-type=\"column\">\n\t\t\t<div class=\"elementor-widget-wrap elementor-element-populated\">\n\t\t\t\t\t\t<div class=\"elementor-element elementor-element-f210dcc elementor-widget elementor-widget-image\" data-id=\"f210dcc\" data-element_type=\"widget\" data-e-type=\"widget\" data-widget_type=\"image.default\">\n\t\t\t\t<div class=\"elementor-widget-container\">\n\t\t\t\t\t\t\t\t\t\t\t\t\t\t\t<img loading=\"lazy\" decoding=\"async\" width=\"500\" height=\"500\" src=\"https:\/\/ikamid.org\/wp-content\/uploads\/2025\/11\/1.jpg\" class=\"attachment-large size-large wp-image-2938\" alt=\"\" srcset=\"https:\/\/ikamid.org\/wp-content\/uploads\/2025\/11\/1.jpg 500w, https:\/\/ikamid.org\/wp-content\/uploads\/2025\/11\/1-300x300.jpg 300w, https:\/\/ikamid.org\/wp-content\/uploads\/2025\/11\/1-150x150.jpg 150w\" sizes=\"(max-width: 500px) 100vw, 500px\" \/>\t\t\t\t\t\t\t\t\t\t\t\t\t\t\t<\/div>\n\t\t\t\t<\/div>\n\t\t\t\t<div class=\"elementor-element elementor-element-57f8ba4 elementor-align-center elementor-widget elementor-widget-button\" data-id=\"57f8ba4\" data-element_type=\"widget\" data-e-type=\"widget\" data-widget_type=\"button.default\">\n\t\t\t\t<div class=\"elementor-widget-container\">\n\t\t\t\t\t\t\t\t\t<div class=\"elementor-button-wrapper\">\n\t\t\t\t\t<a class=\"elementor-button elementor-button-link elementor-size-sm\" href=\"#\">\n\t\t\t\t\t\t<span class=\"elementor-button-content-wrapper\">\n\t\t\t\t\t\t\t\t\t<span class=\"elementor-button-text\">\u0130KAM\u0130D \u00dcyelerimiz \u0130\u00e7in Avantajlar\u0131<\/span>\n\t\t\t\t\t<\/span>\n\t\t\t\t\t<\/a>\n\t\t\t\t<\/div>\n\t\t\t\t\t\t\t\t<\/div>\n\t\t\t\t<\/div>\n\t\t\t\t\t<\/div>\n\t\t<\/div>\n\t\t\t\t<div class=\"elementor-column elementor-col-33 elementor-top-column elementor-element elementor-element-ab78380\" data-id=\"ab78380\" data-element_type=\"column\" data-e-type=\"column\">\n\t\t\t<div class=\"elementor-widget-wrap elementor-element-populated\">\n\t\t\t\t\t\t<div class=\"elementor-element elementor-element-11aaf58 elementor-widget elementor-widget-image\" data-id=\"11aaf58\" data-element_type=\"widget\" data-e-type=\"widget\" data-widget_type=\"image.default\">\n\t\t\t\t<div class=\"elementor-widget-container\">\n\t\t\t\t\t\t\t\t\t\t\t\t\t\t\t<img loading=\"lazy\" decoding=\"async\" width=\"500\" height=\"500\" src=\"https:\/\/ikamid.org\/wp-content\/uploads\/2025\/11\/6.jpg\" class=\"attachment-large size-large wp-image-2945\" alt=\"\" srcset=\"https:\/\/ikamid.org\/wp-content\/uploads\/2025\/11\/6.jpg 500w, https:\/\/ikamid.org\/wp-content\/uploads\/2025\/11\/6-300x300.jpg 300w, https:\/\/ikamid.org\/wp-content\/uploads\/2025\/11\/6-150x150.jpg 150w\" sizes=\"(max-width: 500px) 100vw, 500px\" \/>\t\t\t\t\t\t\t\t\t\t\t\t\t\t\t<\/div>\n\t\t\t\t<\/div>\n\t\t\t\t<div class=\"elementor-element elementor-element-ef0fb01 elementor-align-center elementor-widget elementor-widget-button\" data-id=\"ef0fb01\" data-element_type=\"widget\" data-e-type=\"widget\" data-widget_type=\"button.default\">\n\t\t\t\t<div class=\"elementor-widget-container\">\n\t\t\t\t\t\t\t\t\t<div class=\"elementor-button-wrapper\">\n\t\t\t\t\t<a class=\"elementor-button elementor-button-link elementor-size-sm\" href=\"#\">\n\t\t\t\t\t\t<span class=\"elementor-button-content-wrapper\">\n\t\t\t\t\t\t\t\t\t<span class=\"elementor-button-text\">\u0130KAM\u0130D \u00dcyelerimiz \u0130\u00e7in Avantajlar\u0131<\/span>\n\t\t\t\t\t<\/span>\n\t\t\t\t\t<\/a>\n\t\t\t\t<\/div>\n\t\t\t\t\t\t\t\t<\/div>\n\t\t\t\t<\/div>\n\t\t\t\t\t<\/div>\n\t\t<\/div>\n\t\t\t\t<div class=\"elementor-column elementor-col-33 elementor-top-column elementor-element elementor-element-f699584\" data-id=\"f699584\" data-element_type=\"column\" data-e-type=\"column\">\n\t\t\t<div class=\"elementor-widget-wrap elementor-element-populated\">\n\t\t\t\t\t\t<div class=\"elementor-element elementor-element-9091a2c elementor-widget elementor-widget-image\" data-id=\"9091a2c\" data-element_type=\"widget\" data-e-type=\"widget\" data-widget_type=\"image.default\">\n\t\t\t\t<div class=\"elementor-widget-container\">\n\t\t\t\t\t\t\t\t\t\t\t\t\t\t\t<img loading=\"lazy\" decoding=\"async\" width=\"500\" height=\"500\" src=\"https:\/\/ikamid.org\/wp-content\/uploads\/2025\/11\/2.jpg\" class=\"attachment-large size-large wp-image-2939\" alt=\"\" srcset=\"https:\/\/ikamid.org\/wp-content\/uploads\/2025\/11\/2.jpg 500w, https:\/\/ikamid.org\/wp-content\/uploads\/2025\/11\/2-300x300.jpg 300w, https:\/\/ikamid.org\/wp-content\/uploads\/2025\/11\/2-150x150.jpg 150w\" sizes=\"(max-width: 500px) 100vw, 500px\" \/>\t\t\t\t\t\t\t\t\t\t\t\t\t\t\t<\/div>\n\t\t\t\t<\/div>\n\t\t\t\t<div class=\"elementor-element elementor-element-2a9a20a elementor-align-center elementor-widget elementor-widget-button\" data-id=\"2a9a20a\" data-element_type=\"widget\" data-e-type=\"widget\" data-widget_type=\"button.default\">\n\t\t\t\t<div class=\"elementor-widget-container\">\n\t\t\t\t\t\t\t\t\t<div class=\"elementor-button-wrapper\">\n\t\t\t\t\t<a class=\"elementor-button elementor-button-link elementor-size-sm\" href=\"#\">\n\t\t\t\t\t\t<span class=\"elementor-button-content-wrapper\">\n\t\t\t\t\t\t\t\t\t<span class=\"elementor-button-text\">\u0130KAM\u0130D \u00dcyelerimiz \u0130\u00e7in Avantajlar\u0131<\/span>\n\t\t\t\t\t<\/span>\n\t\t\t\t\t<\/a>\n\t\t\t\t<\/div>\n\t\t\t\t\t\t\t\t<\/div>\n\t\t\t\t<\/div>\n\t\t\t\t\t<\/div>\n\t\t<\/div>\n\t\t\t\t\t<\/div>\n\t\t<\/section>\n\t\t\t\t<section class=\"elementor-section elementor-top-section elementor-element elementor-element-c3cfb37 elementor-section-boxed elementor-section-height-default elementor-section-height-default\" data-id=\"c3cfb37\" data-element_type=\"section\" data-e-type=\"section\">\n\t\t\t\t\t\t<div class=\"elementor-container elementor-column-gap-default\">\n\t\t\t\t\t<div class=\"elementor-column elementor-col-100 elementor-top-column elementor-element elementor-element-02b581f\" data-id=\"02b581f\" data-element_type=\"column\" data-e-type=\"column\">\n\t\t\t<div class=\"elementor-widget-wrap elementor-element-populated\">\n\t\t\t\t\t\t<div class=\"elementor-element elementor-element-b1aa9ab elementor-widget elementor-widget-spacer\" data-id=\"b1aa9ab\" data-element_type=\"widget\" data-e-type=\"widget\" data-widget_type=\"spacer.default\">\n\t\t\t\t<div class=\"elementor-widget-container\">\n\t\t\t\t\t\t\t<div class=\"elementor-spacer\">\n\t\t\t<div class=\"elementor-spacer-inner\"><\/div>\n\t\t<\/div>\n\t\t\t\t\t\t<\/div>\n\t\t\t\t<\/div>\n\t\t\t\t\t<\/div>\n\t\t<\/div>\n\t\t\t\t\t<\/div>\n\t\t<\/section>\n\t\t\t\t<\/div>\n\t\t","protected":false},"excerpt":{"rendered":"<p>Sponsorlar\u0131m\u0131z ve \u00dcye Ayr\u0131cal\u0131klar\u0131 Kurumsal \u00fcyelerimizin deste\u011fi, \u00fcyelerimiz i\u00e7in f\u0131rsata d\u00f6n\u00fc\u015f\u00fcyor! \u0130kamid olarak, sekt\u00f6r\u00fcn \u00f6nde gelen kurumlar\u0131yla yapt\u0131\u011f\u0131m\u0131z anla\u015fmalar sayesinde \u00fcyelerimize \u00f6zel indirimler, e\u011fitim burslar\u0131 ve i\u015f birli\u011fi olanaklar\u0131 yarat\u0131yoruz. \u0130nsan Kaynaklar\u0131 alan\u0131nda standartlar\u0131 y\u00fckseltirken bize destek olan t\u00fcm kurumsal payda\u015flar\u0131m\u0131za te\u015fekk\u00fcrler. \u0130KAM\u0130D \u00dcyelerimiz \u0130\u00e7in Avantajlar\u0131 \u0130KAM\u0130D \u00dcyelerimiz \u0130\u00e7in Avantajlar\u0131 \u0130KAM\u0130D \u00dcyelerimiz \u0130\u00e7in Avantajlar\u0131 \u0130KAM\u0130D [&hellip;]<\/p>\n","protected":false},"author":3,"featured_media":0,"parent":0,"menu_order":0,"comment_status":"closed","ping_status":"closed","template":"elementor_header_footer","meta":{"footnotes":""},"class_list":["post-2903","page","type-page","status-publish","hentry"],"_links":{"self":[{"href":"https:\/\/ikamid.org\/index.php?rest_route=\/wp\/v2\/pages\/2903","targetHints":{"allow":["GET"]}}],"collection":[{"href":"https:\/\/ikamid.org\/index.php?rest_route=\/wp\/v2\/pages"}],"about":[{"href":"https:\/\/ikamid.org\/index.php?rest_route=\/wp\/v2\/types\/page"}],"author":[{"embeddable":true,"href":"https:\/\/ikamid.org\/index.php?rest_route=\/wp\/v2\/users\/3"}],"replies":[{"embeddable":true,"href":"https:\/\/ikamid.org\/index.php?rest_route=%2Fwp%2Fv2%2Fcomments&post=2903"}],"version-history":[{"count":28,"href":"https:\/\/ikamid.org\/index.php?rest_route=\/wp\/v2\/pages\/2903\/revisions"}],"predecessor-version":[{"id":2987,"href":"https:\/\/ikamid.org\/index.php?rest_route=\/wp\/v2\/pages\/2903\/revisions\/2987"}],"wp:attachment":[{"href":"https:\/\/ikamid.org\/index.php?rest_route=%2Fwp%2Fv2%2Fmedia&parent=2903"}],"curies":[{"name":"wp","href":"https:\/\/api.w.org\/{rel}","templated":true}]}}