{"id":2384,"date":"2025-03-13T16:43:36","date_gmt":"2025-03-13T13:43:36","guid":{"rendered":"https:\/\/ikamid.org\/?page_id=2384"},"modified":"2025-04-08T12:55:27","modified_gmt":"2025-04-08T09:55:27","slug":"dilek-yucedag-ikda-kisilik-envanteri-kullanimi-konulu-egitim","status":"publish","type":"page","link":"https:\/\/ikamid.org\/?page_id=2384","title":{"rendered":"Dilek Y\u00fcceda\u011f &#8211; \u0130K\u2019da Ki\u015filik Envanteri Kullan\u0131m\u0131 Konulu E\u011fitim"},"content":{"rendered":"\t\t<div data-elementor-type=\"wp-page\" data-elementor-id=\"2384\" class=\"elementor elementor-2384\" data-elementor-post-type=\"page\">\n\t\t\t\t\t\t<section class=\"elementor-section elementor-top-section elementor-element elementor-element-7fe5e232 elementor-section-boxed elementor-section-height-default elementor-section-height-default\" data-id=\"7fe5e232\" data-element_type=\"section\" data-e-type=\"section\">\n\t\t\t\t\t\t<div class=\"elementor-container elementor-column-gap-default\">\n\t\t\t\t\t<div class=\"elementor-column elementor-col-100 elementor-top-column elementor-element elementor-element-59069e9b\" data-id=\"59069e9b\" data-element_type=\"column\" data-e-type=\"column\">\n\t\t\t<div class=\"elementor-widget-wrap elementor-element-populated\">\n\t\t\t\t\t\t<div class=\"elementor-element elementor-element-58966d8d elementor-widget elementor-widget-spacer\" data-id=\"58966d8d\" data-element_type=\"widget\" data-e-type=\"widget\" data-widget_type=\"spacer.default\">\n\t\t\t\t<div class=\"elementor-widget-container\">\n\t\t\t\t\t\t\t<div class=\"elementor-spacer\">\n\t\t\t<div class=\"elementor-spacer-inner\"><\/div>\n\t\t<\/div>\n\t\t\t\t\t\t<\/div>\n\t\t\t\t<\/div>\n\t\t\t\t\t<\/div>\n\t\t<\/div>\n\t\t\t\t\t<\/div>\n\t\t<\/section>\n\t\t\t\t<section class=\"elementor-section elementor-top-section elementor-element elementor-element-ae9fb32 elementor-section-boxed elementor-section-height-default elementor-section-height-default\" data-id=\"ae9fb32\" data-element_type=\"section\" data-e-type=\"section\">\n\t\t\t\t\t\t<div class=\"elementor-container elementor-column-gap-default\">\n\t\t\t\t\t<div class=\"elementor-column elementor-col-66 elementor-top-column elementor-element elementor-element-33953fa6\" data-id=\"33953fa6\" data-element_type=\"column\" data-e-type=\"column\">\n\t\t\t<div class=\"elementor-widget-wrap elementor-element-populated\">\n\t\t\t\t\t\t<div class=\"elementor-element elementor-element-43112fe elementor-widget__width-initial elementor-widget elementor-widget-heading\" data-id=\"43112fe\" data-element_type=\"widget\" data-e-type=\"widget\" data-widget_type=\"heading.default\">\n\t\t\t\t<div class=\"elementor-widget-container\">\n\t\t\t\t\t<h2 class=\"elementor-heading-title elementor-size-default\">\u0130K\u2019da  Ki\u015filik Envanteri Kullan\u0131m\u0131 Konulu E\u011fitim<\/h2>\t\t\t\t<\/div>\n\t\t\t\t<\/div>\n\t\t\t\t<div class=\"elementor-element elementor-element-2e1fc26a elementor-widget elementor-widget-spacer\" data-id=\"2e1fc26a\" data-element_type=\"widget\" data-e-type=\"widget\" data-widget_type=\"spacer.default\">\n\t\t\t\t<div class=\"elementor-widget-container\">\n\t\t\t\t\t\t\t<div class=\"elementor-spacer\">\n\t\t\t<div class=\"elementor-spacer-inner\"><\/div>\n\t\t<\/div>\n\t\t\t\t\t\t<\/div>\n\t\t\t\t<\/div>\n\t\t\t\t<div class=\"elementor-element elementor-element-5b1bd7b0 elementor-widget elementor-widget-text-editor\" data-id=\"5b1bd7b0\" data-element_type=\"widget\" data-e-type=\"widget\" data-widget_type=\"text-editor.default\">\n\t\t\t\t<div class=\"elementor-widget-container\">\n\t\t\t\t\t\t\t\t\t<p>E\u011fitmen: <strong>Dilek Y\u00fcceda\u011f<\/strong> <strong><br \/><\/strong>Etkinlik Tarihi: <strong>22.05.2025<\/strong><br \/>Etkinlik Saati: <strong>20:00 &#8211; 21:30<\/strong><br \/>Lokasyon:<strong>Google Meets<\/strong><\/p>\t\t\t\t\t\t\t\t<\/div>\n\t\t\t\t<\/div>\n\t\t\t\t\t<\/div>\n\t\t<\/div>\n\t\t\t\t<div class=\"elementor-column elementor-col-33 elementor-top-column elementor-element elementor-element-53dd4f22\" data-id=\"53dd4f22\" data-element_type=\"column\" data-e-type=\"column\">\n\t\t\t<div class=\"elementor-widget-wrap elementor-element-populated\">\n\t\t\t\t\t\t<div class=\"elementor-element elementor-element-4b7e55d5 elementor-widget elementor-widget-image\" data-id=\"4b7e55d5\" data-element_type=\"widget\" data-e-type=\"widget\" data-widget_type=\"image.default\">\n\t\t\t\t<div class=\"elementor-widget-container\">\n\t\t\t\t\t\t\t\t\t\t\t\t\t\t\t<img fetchpriority=\"high\" decoding=\"async\" width=\"434\" height=\"492\" src=\"https:\/\/ikamid.org\/wp-content\/uploads\/2025\/03\/Screenshot-2025-03-13-at-16.51.52.png\" class=\"attachment-large size-large wp-image-2392\" alt=\"\" srcset=\"https:\/\/ikamid.org\/wp-content\/uploads\/2025\/03\/Screenshot-2025-03-13-at-16.51.52.png 434w, https:\/\/ikamid.org\/wp-content\/uploads\/2025\/03\/Screenshot-2025-03-13-at-16.51.52-265x300.png 265w\" sizes=\"(max-width: 434px) 100vw, 434px\" \/>\t\t\t\t\t\t\t\t\t\t\t\t\t\t\t<\/div>\n\t\t\t\t<\/div>\n\t\t\t\t\t<\/div>\n\t\t<\/div>\n\t\t\t\t\t<\/div>\n\t\t<\/section>\n\t\t\t\t<section class=\"elementor-section elementor-top-section elementor-element elementor-element-36767477 elementor-section-boxed elementor-section-height-default elementor-section-height-default\" data-id=\"36767477\" data-element_type=\"section\" data-e-type=\"section\">\n\t\t\t\t\t\t<div class=\"elementor-container elementor-column-gap-default\">\n\t\t\t\t\t<div class=\"elementor-column elementor-col-100 elementor-top-column elementor-element elementor-element-33ec8771\" data-id=\"33ec8771\" data-element_type=\"column\" data-e-type=\"column\">\n\t\t\t<div class=\"elementor-widget-wrap\">\n\t\t\t\t\t\t\t<\/div>\n\t\t<\/div>\n\t\t\t\t\t<\/div>\n\t\t<\/section>\n\t\t\t\t<section class=\"elementor-section elementor-top-section elementor-element elementor-element-14a3a661 elementor-section-boxed elementor-section-height-default elementor-section-height-default\" data-id=\"14a3a661\" data-element_type=\"section\" data-e-type=\"section\">\n\t\t\t\t\t\t<div class=\"elementor-container elementor-column-gap-default\">\n\t\t\t\t\t<div class=\"elementor-column elementor-col-100 elementor-top-column elementor-element elementor-element-469e0304\" data-id=\"469e0304\" data-element_type=\"column\" data-e-type=\"column\">\n\t\t\t<div class=\"elementor-widget-wrap elementor-element-populated\">\n\t\t\t\t\t\t<div class=\"elementor-element elementor-element-41348882 elementor-widget elementor-widget-spacer\" data-id=\"41348882\" data-element_type=\"widget\" data-e-type=\"widget\" data-widget_type=\"spacer.default\">\n\t\t\t\t<div class=\"elementor-widget-container\">\n\t\t\t\t\t\t\t<div class=\"elementor-spacer\">\n\t\t\t<div class=\"elementor-spacer-inner\"><\/div>\n\t\t<\/div>\n\t\t\t\t\t\t<\/div>\n\t\t\t\t<\/div>\n\t\t\t\t\t<\/div>\n\t\t<\/div>\n\t\t\t\t\t<\/div>\n\t\t<\/section>\n\t\t\t\t<section class=\"elementor-section elementor-top-section elementor-element elementor-element-1267587 elementor-section-boxed elementor-section-height-default elementor-section-height-default\" data-id=\"1267587\" data-element_type=\"section\" data-e-type=\"section\">\n\t\t\t\t\t\t<div class=\"elementor-container elementor-column-gap-default\">\n\t\t\t\t\t<div class=\"elementor-column elementor-col-100 elementor-top-column elementor-element elementor-element-4d97aaca\" data-id=\"4d97aaca\" data-element_type=\"column\" data-e-type=\"column\">\n\t\t\t<div class=\"elementor-widget-wrap elementor-element-populated\">\n\t\t\t\t\t\t<div class=\"elementor-element elementor-element-4d8bbe8e elementor-widget elementor-widget-heading\" data-id=\"4d8bbe8e\" data-element_type=\"widget\" data-e-type=\"widget\" data-widget_type=\"heading.default\">\n\t\t\t\t<div class=\"elementor-widget-container\">\n\t\t\t\t\t<h4 class=\"elementor-heading-title elementor-size-default\">E\u011fitime Kat\u0131lmak \u0130\u00e7in \u0130leti\u015fime Ge\u00e7iniz.<\/h4>\t\t\t\t<\/div>\n\t\t\t\t<\/div>\n\t\t\t\t\t<\/div>\n\t\t<\/div>\n\t\t\t\t\t<\/div>\n\t\t<\/section>\n\t\t\t\t<section class=\"elementor-section elementor-top-section elementor-element elementor-element-3591f8c2 elementor-section-boxed elementor-section-height-default elementor-section-height-default\" data-id=\"3591f8c2\" data-element_type=\"section\" data-e-type=\"section\">\n\t\t\t\t\t\t<div class=\"elementor-container elementor-column-gap-default\">\n\t\t\t\t\t<div class=\"elementor-column elementor-col-100 elementor-top-column elementor-element elementor-element-436ee6ed\" data-id=\"436ee6ed\" data-element_type=\"column\" data-e-type=\"column\">\n\t\t\t<div class=\"elementor-widget-wrap elementor-element-populated\">\n\t\t\t\t\t\t<div class=\"elementor-element elementor-element-7cd01a4e elementor-widget elementor-widget-text-editor\" data-id=\"7cd01a4e\" data-element_type=\"widget\" data-e-type=\"widget\" data-widget_type=\"text-editor.default\">\n\t\t\t\t<div class=\"elementor-widget-container\">\n\t\t\t\t\t\t\t\t\t<p>Toplam <strong>16 g\u00fcn<\/strong> boyunca <strong>16 e\u011fitmenle<\/strong> ger\u00e7ekle\u015ftirece\u011fimiz, <strong>30 saatlik<\/strong> \u00f6zel program\u0131m\u0131z\u0131n kat\u0131l\u0131m \u00fccreti <strong>4.500 TL<\/strong>&#8216;dir.<br \/>Ancak <strong>\u00fcyelerimize \u00f6zel fiyat\u0131m\u0131z sadece 2.500 TL<br \/><\/strong><br \/>\u00d6demeler i\u00e7in kullanabilece\u011finiz banka hesab\u0131m\u0131z;<br \/><strong>\u0130ban:<\/strong> TR56 0001 5001 5800 7308 4783 87 <br \/>\u0130NSAN KAYNAKLARI MESLEK\u0130 \u0130\u015eB\u0130RL\u0130\u011e\u0130 DERNE\u011e\u0130<\/p><p><span style=\"color: #404040; font-family: Inter, system-ui, -apple-system, 'system-ui', 'Segoe UI', Roboto, 'Noto Sans', Ubuntu, Cantarell, 'Helvetica Neue', Oxygen, 'Open Sans', sans-serif; font-size: 16.002px;\"><strong>NOT:<\/strong> Dekontu forma y\u00fcklerken veya g\u00f6nderirken herhangi bir sorun ya\u015farsan\u0131z, l\u00fctfen <strong>0530 939 11 42<\/strong> numaral\u0131 telefondan bizimle ileti\u015fime ge\u00e7in.<\/span><\/p>\t\t\t\t\t\t\t\t<\/div>\n\t\t\t\t<\/div>\n\t\t\t\t\t<\/div>\n\t\t<\/div>\n\t\t\t\t\t<\/div>\n\t\t<\/section>\n\t\t\t\t<section class=\"elementor-section elementor-top-section elementor-element elementor-element-11d40f1 elementor-section-boxed elementor-section-height-default elementor-section-height-default\" data-id=\"11d40f1\" data-element_type=\"section\" data-e-type=\"section\">\n\t\t\t\t\t\t<div class=\"elementor-container elementor-column-gap-default\">\n\t\t\t\t\t<div class=\"elementor-column elementor-col-100 elementor-top-column elementor-element elementor-element-3c12b27f\" data-id=\"3c12b27f\" data-element_type=\"column\" data-e-type=\"column\">\n\t\t\t<div class=\"elementor-widget-wrap elementor-element-populated\">\n\t\t\t\t\t\t<div class=\"elementor-element elementor-element-437dbed3 elementor-button-align-stretch elementor-widget elementor-widget-form\" data-id=\"437dbed3\" data-element_type=\"widget\" data-e-type=\"widget\" data-settings=\"{&quot;step_next_label&quot;:&quot;Next&quot;,&quot;step_previous_label&quot;:&quot;Previous&quot;,&quot;button_width&quot;:&quot;100&quot;,&quot;step_type&quot;:&quot;number_text&quot;,&quot;step_icon_shape&quot;:&quot;circle&quot;}\" data-widget_type=\"form.default\">\n\t\t\t\t<div class=\"elementor-widget-container\">\n\t\t\t\t\t\t\t<form class=\"elementor-form\" method=\"post\" name=\"New Form\" aria-label=\"New Form\">\n\t\t\t<input type=\"hidden\" name=\"post_id\" value=\"2384\"\/>\n\t\t\t<input type=\"hidden\" name=\"form_id\" value=\"437dbed3\"\/>\n\t\t\t<input type=\"hidden\" name=\"referer_title\" value=\"Dilek Y\u00fcceda\u011f &#8211; \u0130K\u2019da Ki\u015filik Envanteri Kullan\u0131m\u0131 Konulu E\u011fitim\" \/>\n\n\t\t\t\t\t\t\t<input type=\"hidden\" name=\"queried_id\" value=\"2384\"\/>\n\t\t\t\n\t\t\t<div class=\"elementor-form-fields-wrapper elementor-labels-above\">\n\t\t\t\t\t\t\t\t<div class=\"elementor-field-type-text elementor-field-group elementor-column elementor-field-group-name elementor-col-100\">\n\t\t\t\t\t\t\t\t\t\t\t\t\t<input size=\"1\" type=\"text\" name=\"form_fields[name]\" id=\"form-field-name\" class=\"elementor-field elementor-size-md  elementor-field-textual\" placeholder=\"Ad Soyad\">\n\t\t\t\t\t\t\t\t\t\t\t<\/div>\n\t\t\t\t\t\t\t\t<div class=\"elementor-field-type-email elementor-field-group elementor-column elementor-field-group-email elementor-col-100 elementor-field-required\">\n\t\t\t\t\t\t\t\t\t\t\t\t\t<input size=\"1\" type=\"email\" name=\"form_fields[email]\" id=\"form-field-email\" class=\"elementor-field elementor-size-md  elementor-field-textual\" placeholder=\"E-Posta\" required=\"required\">\n\t\t\t\t\t\t\t\t\t\t\t<\/div>\n\t\t\t\t\t\t\t\t<div class=\"elementor-field-type-tel elementor-field-group elementor-column elementor-field-group-field_013e419 elementor-col-100\">\n\t\t\t\t\t\t\t<input size=\"1\" type=\"tel\" name=\"form_fields[field_013e419]\" id=\"form-field-field_013e419\" class=\"elementor-field elementor-size-md  elementor-field-textual\" placeholder=\"Telefon\" pattern=\"[0-9()#&amp;+*-=.]+\" title=\"Only numbers and phone characters (#, -, *, etc) are accepted.\">\n\n\t\t\t\t\t\t<\/div>\n\t\t\t\t\t\t\t\t<div class=\"elementor-field-type-select elementor-field-group elementor-column elementor-field-group-field_7f1ac88 elementor-col-100 elementor-field-required\">\n\t\t\t\t\t\t\t<div class=\"elementor-field elementor-select-wrapper remove-before \">\n\t\t\t<div class=\"select-caret-down-wrapper\">\n\t\t\t\t<i aria-hidden=\"true\" class=\"eicon-caret-down\"><\/i>\t\t\t<\/div>\n\t\t\t<select name=\"form_fields[field_7f1ac88]\" id=\"form-field-field_7f1ac88\" class=\"elementor-field-textual elementor-size-md\" required=\"required\">\n\t\t\t\t\t\t\t\t\t<option value=\"16 G\u00fcn 16 E\u011fitmen 30 Saatlik Sertifika Program\u0131\">16 G\u00fcn 16 E\u011fitmen 30 Saatlik Sertifika Program\u0131<\/option>\n\t\t\t\t\t\t\t<\/select>\n\t\t<\/div>\n\t\t\t\t\t\t<\/div>\n\t\t\t\t\t\t\t\t<div class=\"elementor-field-type-upload elementor-field-group elementor-column elementor-field-group-field_ca0543a elementor-col-100 elementor-field-required\">\n\t\t\t\t\t\t\t\t\t\t\t\t<label for=\"form-field-field_ca0543a\" class=\"elementor-field-label\">\n\t\t\t\t\t\t\t\tDekont*\t\t\t\t\t\t\t<\/label>\n\t\t\t\t\t\t\t\t<input type=\"file\" name=\"form_fields[field_ca0543a]\" id=\"form-field-field_ca0543a\" class=\"elementor-field elementor-size-md  elementor-upload-field\" required=\"required\" data-maxsize=\"10\" data-maxsize-message=\"This file exceeds the maximum allowed size.\">\n\n\t\t\t\t\t\t<\/div>\n\t\t\t\t\t\t\t\t<div class=\"elementor-field-group elementor-column elementor-field-type-submit elementor-col-100 e-form__buttons\">\n\t\t\t\t\t<button class=\"elementor-button elementor-size-sm\" type=\"submit\">\n\t\t\t\t\t\t<span class=\"elementor-button-content-wrapper\">\n\t\t\t\t\t\t\t\t\t\t\t\t\t\t\t\t\t\t\t\t\t\t<span class=\"elementor-button-text\">G\u00f6nder<\/span>\n\t\t\t\t\t\t\t\t\t\t\t\t\t<\/span>\n\t\t\t\t\t<\/button>\n\t\t\t\t<\/div>\n\t\t\t<\/div>\n\t\t<\/form>\n\t\t\t\t\t\t<\/div>\n\t\t\t\t<\/div>\n\t\t\t\t\t<\/div>\n\t\t<\/div>\n\t\t\t\t\t<\/div>\n\t\t<\/section>\n\t\t\t\t<\/div>\n\t\t","protected":false},"excerpt":{"rendered":"<p>\u0130K\u2019da Ki\u015filik Envanteri Kullan\u0131m\u0131 Konulu E\u011fitim E\u011fitmen: Dilek Y\u00fcceda\u011f Etkinlik Tarihi: 22.05.2025Etkinlik Saati: 20:00 &#8211; 21:30Lokasyon:Google Meets E\u011fitim \u0130\u00e7eri\u011fi Bu e\u011fitim, \u00d6z de\u011ferlendirme arac\u0131 olan ki\u015filik envanterlerinin; ne oldu\u011funu,\u00a0 insan kaynaklar\u0131 alan\u0131nda,\u00a0 nas\u0131l ve nerelerde uyguland\u0131\u011f\u0131n\u0131 anlatmay\u0131 ama\u00e7lamaktad\u0131r. Kat\u0131l\u0131mc\u0131lar\u0131n de\u011fi\u015fen d\u00fcnya d\u00fczeninde ak\u0131ll\u0131 teknolojilerin i\u015f d\u00fcnyas\u0131na h\u0131zl\u0131ca giri\u015fini ve sonucunda \u0130nsan kaynaklar\u0131 profesyonelleri ve bu [&hellip;]<\/p>\n","protected":false},"author":3,"featured_media":0,"parent":1987,"menu_order":0,"comment_status":"closed","ping_status":"closed","template":"elementor_header_footer","meta":{"footnotes":""},"class_list":["post-2384","page","type-page","status-publish","hentry"],"_links":{"self":[{"href":"https:\/\/ikamid.org\/index.php?rest_route=\/wp\/v2\/pages\/2384","targetHints":{"allow":["GET"]}}],"collection":[{"href":"https:\/\/ikamid.org\/index.php?rest_route=\/wp\/v2\/pages"}],"about":[{"href":"https:\/\/ikamid.org\/index.php?rest_route=\/wp\/v2\/types\/page"}],"author":[{"embeddable":true,"href":"https:\/\/ikamid.org\/index.php?rest_route=\/wp\/v2\/users\/3"}],"replies":[{"embeddable":true,"href":"https:\/\/ikamid.org\/index.php?rest_route=%2Fwp%2Fv2%2Fcomments&post=2384"}],"version-history":[{"count":14,"href":"https:\/\/ikamid.org\/index.php?rest_route=\/wp\/v2\/pages\/2384\/revisions"}],"predecessor-version":[{"id":2761,"href":"https:\/\/ikamid.org\/index.php?rest_route=\/wp\/v2\/pages\/2384\/revisions\/2761"}],"up":[{"embeddable":true,"href":"https:\/\/ikamid.org\/index.php?rest_route=\/wp\/v2\/pages\/1987"}],"wp:attachment":[{"href":"https:\/\/ikamid.org\/index.php?rest_route=%2Fwp%2Fv2%2Fmedia&parent=2384"}],"curies":[{"name":"wp","href":"https:\/\/api.w.org\/{rel}","templated":true}]}}