{"id":2188,"date":"2025-02-19T12:46:07","date_gmt":"2025-02-19T09:46:07","guid":{"rendered":"https:\/\/ikamid.org\/?page_id=2188"},"modified":"2025-04-08T12:57:39","modified_gmt":"2025-04-08T09:57:39","slug":"gokhan-kucukosmanoglu-performans-yonetimi-konulu-egitim","status":"publish","type":"page","link":"https:\/\/ikamid.org\/?page_id=2188","title":{"rendered":"G\u00f6khan K\u00fc\u00e7\u00fckosmano\u011flu \u2013 Performans Y\u00f6netimi Konulu E\u011fitim"},"content":{"rendered":"\t\t<div data-elementor-type=\"wp-page\" data-elementor-id=\"2188\" class=\"elementor elementor-2188\" data-elementor-post-type=\"page\">\n\t\t\t\t\t\t<section class=\"elementor-section elementor-top-section elementor-element elementor-element-210f909 elementor-section-boxed elementor-section-height-default elementor-section-height-default\" data-id=\"210f909\" data-element_type=\"section\" data-e-type=\"section\">\n\t\t\t\t\t\t<div class=\"elementor-container elementor-column-gap-default\">\n\t\t\t\t\t<div class=\"elementor-column elementor-col-100 elementor-top-column elementor-element elementor-element-3b3d135a\" data-id=\"3b3d135a\" data-element_type=\"column\" data-e-type=\"column\">\n\t\t\t<div class=\"elementor-widget-wrap elementor-element-populated\">\n\t\t\t\t\t\t<div class=\"elementor-element elementor-element-ae91394 elementor-widget elementor-widget-spacer\" data-id=\"ae91394\" data-element_type=\"widget\" data-e-type=\"widget\" data-widget_type=\"spacer.default\">\n\t\t\t\t<div class=\"elementor-widget-container\">\n\t\t\t\t\t\t\t<div class=\"elementor-spacer\">\n\t\t\t<div class=\"elementor-spacer-inner\"><\/div>\n\t\t<\/div>\n\t\t\t\t\t\t<\/div>\n\t\t\t\t<\/div>\n\t\t\t\t\t<\/div>\n\t\t<\/div>\n\t\t\t\t\t<\/div>\n\t\t<\/section>\n\t\t\t\t<section class=\"elementor-section elementor-top-section elementor-element elementor-element-b58fccc elementor-section-boxed elementor-section-height-default elementor-section-height-default\" data-id=\"b58fccc\" data-element_type=\"section\" data-e-type=\"section\">\n\t\t\t\t\t\t<div class=\"elementor-container elementor-column-gap-default\">\n\t\t\t\t\t<div class=\"elementor-column elementor-col-66 elementor-top-column elementor-element elementor-element-88c6f55\" data-id=\"88c6f55\" data-element_type=\"column\" data-e-type=\"column\">\n\t\t\t<div class=\"elementor-widget-wrap elementor-element-populated\">\n\t\t\t\t\t\t<div class=\"elementor-element elementor-element-3ce887f6 elementor-widget__width-initial elementor-widget elementor-widget-heading\" data-id=\"3ce887f6\" data-element_type=\"widget\" data-e-type=\"widget\" data-widget_type=\"heading.default\">\n\t\t\t\t<div class=\"elementor-widget-container\">\n\t\t\t\t\t<h2 class=\"elementor-heading-title elementor-size-default\">Performans Y\u00f6netimi Konulu E\u011fitim<\/h2>\t\t\t\t<\/div>\n\t\t\t\t<\/div>\n\t\t\t\t<div class=\"elementor-element elementor-element-591adee1 elementor-widget elementor-widget-spacer\" data-id=\"591adee1\" data-element_type=\"widget\" data-e-type=\"widget\" data-widget_type=\"spacer.default\">\n\t\t\t\t<div class=\"elementor-widget-container\">\n\t\t\t\t\t\t\t<div class=\"elementor-spacer\">\n\t\t\t<div class=\"elementor-spacer-inner\"><\/div>\n\t\t<\/div>\n\t\t\t\t\t\t<\/div>\n\t\t\t\t<\/div>\n\t\t\t\t<div class=\"elementor-element elementor-element-6d3cff5f elementor-widget elementor-widget-text-editor\" data-id=\"6d3cff5f\" data-element_type=\"widget\" data-e-type=\"widget\" data-widget_type=\"text-editor.default\">\n\t\t\t\t<div class=\"elementor-widget-container\">\n\t\t\t\t\t\t\t\t\t<p>E\u011fitmen: <strong>G\u00f6khan K\u00fc\u00e7\u00fckosmano\u011flu<br \/><\/strong>Etkinlik Tarihi: <strong>07.05.2025<\/strong><br \/>Etkinlik Saati: <strong>20:00 &#8211; 21:30<\/strong><br \/>Lokasyon:<strong>Google Meets<\/strong><\/p>\t\t\t\t\t\t\t\t<\/div>\n\t\t\t\t<\/div>\n\t\t\t\t\t<\/div>\n\t\t<\/div>\n\t\t\t\t<div class=\"elementor-column elementor-col-33 elementor-top-column elementor-element elementor-element-66f66a6c\" data-id=\"66f66a6c\" data-element_type=\"column\" data-e-type=\"column\">\n\t\t\t<div class=\"elementor-widget-wrap elementor-element-populated\">\n\t\t\t\t\t\t<div class=\"elementor-element elementor-element-78966bef elementor-widget elementor-widget-image\" data-id=\"78966bef\" data-element_type=\"widget\" data-e-type=\"widget\" data-widget_type=\"image.default\">\n\t\t\t\t<div class=\"elementor-widget-container\">\n\t\t\t\t\t\t\t\t\t\t\t\t\t\t\t<img fetchpriority=\"high\" decoding=\"async\" width=\"410\" height=\"494\" src=\"https:\/\/ikamid.org\/wp-content\/uploads\/2025\/02\/Screenshot-2025-02-18-at-14.28.51.png\" class=\"attachment-large size-large wp-image-2065\" alt=\"\" srcset=\"https:\/\/ikamid.org\/wp-content\/uploads\/2025\/02\/Screenshot-2025-02-18-at-14.28.51.png 410w, https:\/\/ikamid.org\/wp-content\/uploads\/2025\/02\/Screenshot-2025-02-18-at-14.28.51-249x300.png 249w\" sizes=\"(max-width: 410px) 100vw, 410px\" \/>\t\t\t\t\t\t\t\t\t\t\t\t\t\t\t<\/div>\n\t\t\t\t<\/div>\n\t\t\t\t\t<\/div>\n\t\t<\/div>\n\t\t\t\t\t<\/div>\n\t\t<\/section>\n\t\t\t\t<section class=\"elementor-section elementor-top-section elementor-element elementor-element-2a7180a4 elementor-section-boxed elementor-section-height-default elementor-section-height-default\" data-id=\"2a7180a4\" data-element_type=\"section\" data-e-type=\"section\">\n\t\t\t\t\t\t<div class=\"elementor-container elementor-column-gap-default\">\n\t\t\t\t\t<div class=\"elementor-column elementor-col-100 elementor-top-column elementor-element elementor-element-bd6c358\" data-id=\"bd6c358\" data-element_type=\"column\" data-e-type=\"column\">\n\t\t\t<div class=\"elementor-widget-wrap\">\n\t\t\t\t\t\t\t<\/div>\n\t\t<\/div>\n\t\t\t\t\t<\/div>\n\t\t<\/section>\n\t\t\t\t<section class=\"elementor-section elementor-top-section elementor-element elementor-element-3fa7c3a7 elementor-section-boxed elementor-section-height-default elementor-section-height-default\" data-id=\"3fa7c3a7\" data-element_type=\"section\" data-e-type=\"section\">\n\t\t\t\t\t\t<div class=\"elementor-container elementor-column-gap-default\">\n\t\t\t\t\t<div class=\"elementor-column elementor-col-100 elementor-top-column elementor-element elementor-element-26a52e09\" data-id=\"26a52e09\" data-element_type=\"column\" data-e-type=\"column\">\n\t\t\t<div class=\"elementor-widget-wrap elementor-element-populated\">\n\t\t\t\t\t\t<div class=\"elementor-element elementor-element-6a533645 elementor-widget elementor-widget-spacer\" data-id=\"6a533645\" data-element_type=\"widget\" data-e-type=\"widget\" data-widget_type=\"spacer.default\">\n\t\t\t\t<div class=\"elementor-widget-container\">\n\t\t\t\t\t\t\t<div class=\"elementor-spacer\">\n\t\t\t<div class=\"elementor-spacer-inner\"><\/div>\n\t\t<\/div>\n\t\t\t\t\t\t<\/div>\n\t\t\t\t<\/div>\n\t\t\t\t\t<\/div>\n\t\t<\/div>\n\t\t\t\t\t<\/div>\n\t\t<\/section>\n\t\t\t\t<section class=\"elementor-section elementor-top-section elementor-element elementor-element-1c388bab elementor-section-boxed elementor-section-height-default elementor-section-height-default\" data-id=\"1c388bab\" data-element_type=\"section\" data-e-type=\"section\">\n\t\t\t\t\t\t<div class=\"elementor-container elementor-column-gap-default\">\n\t\t\t\t\t<div class=\"elementor-column elementor-col-100 elementor-top-column elementor-element elementor-element-d607472\" data-id=\"d607472\" data-element_type=\"column\" data-e-type=\"column\">\n\t\t\t<div class=\"elementor-widget-wrap elementor-element-populated\">\n\t\t\t\t\t\t<div class=\"elementor-element elementor-element-76c42af5 elementor-widget elementor-widget-heading\" data-id=\"76c42af5\" data-element_type=\"widget\" data-e-type=\"widget\" data-widget_type=\"heading.default\">\n\t\t\t\t<div class=\"elementor-widget-container\">\n\t\t\t\t\t<h4 class=\"elementor-heading-title elementor-size-default\">E\u011fitime Kat\u0131lmak \u0130\u00e7in \u0130leti\u015fime Ge\u00e7iniz.<\/h4>\t\t\t\t<\/div>\n\t\t\t\t<\/div>\n\t\t\t\t\t<\/div>\n\t\t<\/div>\n\t\t\t\t\t<\/div>\n\t\t<\/section>\n\t\t\t\t<section class=\"elementor-section elementor-top-section elementor-element elementor-element-2e2706e elementor-section-boxed elementor-section-height-default elementor-section-height-default\" data-id=\"2e2706e\" data-element_type=\"section\" data-e-type=\"section\">\n\t\t\t\t\t\t<div class=\"elementor-container elementor-column-gap-default\">\n\t\t\t\t\t<div class=\"elementor-column elementor-col-100 elementor-top-column elementor-element elementor-element-5b0df27e\" data-id=\"5b0df27e\" data-element_type=\"column\" data-e-type=\"column\">\n\t\t\t<div class=\"elementor-widget-wrap elementor-element-populated\">\n\t\t\t\t\t\t<div class=\"elementor-element elementor-element-2494c6cd elementor-widget elementor-widget-text-editor\" data-id=\"2494c6cd\" data-element_type=\"widget\" data-e-type=\"widget\" data-widget_type=\"text-editor.default\">\n\t\t\t\t<div class=\"elementor-widget-container\">\n\t\t\t\t\t\t\t\t\t<p>Toplam <strong>16 g\u00fcn<\/strong> boyunca <strong>16 e\u011fitmenle<\/strong> ger\u00e7ekle\u015ftirece\u011fimiz, <strong>30 saatlik<\/strong> \u00f6zel program\u0131m\u0131z\u0131n kat\u0131l\u0131m \u00fccreti <strong>4.500 TL<\/strong>&#8216;dir.<br \/>Ancak <strong>\u00fcyelerimize \u00f6zel fiyat\u0131m\u0131z sadece 2.500 TL<br \/><\/strong><br \/>\u00d6demeler i\u00e7in kullanabilece\u011finiz banka hesab\u0131m\u0131z;<br \/><strong>\u0130ban:<\/strong> TR56 0001 5001 5800 7308 4783 87 <br \/>\u0130NSAN KAYNAKLARI MESLEK\u0130 \u0130\u015eB\u0130RL\u0130\u011e\u0130 DERNE\u011e\u0130<\/p><p><span style=\"color: #404040; font-family: Inter, system-ui, -apple-system, 'system-ui', 'Segoe UI', Roboto, 'Noto Sans', Ubuntu, Cantarell, 'Helvetica Neue', Oxygen, 'Open Sans', sans-serif; font-size: 16.002px;\"><strong>NOT:<\/strong> Dekontu forma y\u00fcklerken veya g\u00f6nderirken herhangi bir sorun ya\u015farsan\u0131z, l\u00fctfen <strong>0530 939 11 42<\/strong> numaral\u0131 telefondan bizimle ileti\u015fime ge\u00e7in.<\/span><\/p>\t\t\t\t\t\t\t\t<\/div>\n\t\t\t\t<\/div>\n\t\t\t\t\t<\/div>\n\t\t<\/div>\n\t\t\t\t\t<\/div>\n\t\t<\/section>\n\t\t\t\t<section class=\"elementor-section elementor-top-section elementor-element elementor-element-2d83f7ae elementor-section-boxed elementor-section-height-default elementor-section-height-default\" data-id=\"2d83f7ae\" data-element_type=\"section\" data-e-type=\"section\">\n\t\t\t\t\t\t<div class=\"elementor-container elementor-column-gap-default\">\n\t\t\t\t\t<div class=\"elementor-column elementor-col-100 elementor-top-column elementor-element elementor-element-3991109e\" data-id=\"3991109e\" data-element_type=\"column\" data-e-type=\"column\">\n\t\t\t<div class=\"elementor-widget-wrap elementor-element-populated\">\n\t\t\t\t\t\t<div class=\"elementor-element elementor-element-4ea042d1 elementor-button-align-stretch elementor-widget elementor-widget-form\" data-id=\"4ea042d1\" data-element_type=\"widget\" data-e-type=\"widget\" data-settings=\"{&quot;step_next_label&quot;:&quot;Next&quot;,&quot;step_previous_label&quot;:&quot;Previous&quot;,&quot;button_width&quot;:&quot;100&quot;,&quot;step_type&quot;:&quot;number_text&quot;,&quot;step_icon_shape&quot;:&quot;circle&quot;}\" data-widget_type=\"form.default\">\n\t\t\t\t<div class=\"elementor-widget-container\">\n\t\t\t\t\t\t\t<form class=\"elementor-form\" method=\"post\" name=\"New Form\" aria-label=\"New Form\">\n\t\t\t<input type=\"hidden\" name=\"post_id\" value=\"2188\"\/>\n\t\t\t<input type=\"hidden\" name=\"form_id\" value=\"4ea042d1\"\/>\n\t\t\t<input type=\"hidden\" name=\"referer_title\" value=\"G\u00f6khan K\u00fc\u00e7\u00fckosmano\u011flu \u2013 Performans Y\u00f6netimi Konulu E\u011fitim\" \/>\n\n\t\t\t\t\t\t\t<input type=\"hidden\" name=\"queried_id\" value=\"2188\"\/>\n\t\t\t\n\t\t\t<div class=\"elementor-form-fields-wrapper elementor-labels-above\">\n\t\t\t\t\t\t\t\t<div class=\"elementor-field-type-text elementor-field-group elementor-column elementor-field-group-name elementor-col-100\">\n\t\t\t\t\t\t\t\t\t\t\t\t\t<input size=\"1\" type=\"text\" name=\"form_fields[name]\" id=\"form-field-name\" class=\"elementor-field elementor-size-md  elementor-field-textual\" placeholder=\"Ad Soyad\">\n\t\t\t\t\t\t\t\t\t\t\t<\/div>\n\t\t\t\t\t\t\t\t<div class=\"elementor-field-type-email elementor-field-group elementor-column elementor-field-group-email elementor-col-100 elementor-field-required\">\n\t\t\t\t\t\t\t\t\t\t\t\t\t<input size=\"1\" type=\"email\" name=\"form_fields[email]\" id=\"form-field-email\" class=\"elementor-field elementor-size-md  elementor-field-textual\" placeholder=\"E-Posta\" required=\"required\">\n\t\t\t\t\t\t\t\t\t\t\t<\/div>\n\t\t\t\t\t\t\t\t<div class=\"elementor-field-type-tel elementor-field-group elementor-column elementor-field-group-field_013e419 elementor-col-100\">\n\t\t\t\t\t\t\t<input size=\"1\" type=\"tel\" name=\"form_fields[field_013e419]\" id=\"form-field-field_013e419\" class=\"elementor-field elementor-size-md  elementor-field-textual\" placeholder=\"Telefon\" pattern=\"[0-9()#&amp;+*-=.]+\" title=\"Only numbers and phone characters (#, -, *, etc) are accepted.\">\n\n\t\t\t\t\t\t<\/div>\n\t\t\t\t\t\t\t\t<div class=\"elementor-field-type-select elementor-field-group elementor-column elementor-field-group-field_7f1ac88 elementor-col-100 elementor-field-required\">\n\t\t\t\t\t\t\t<div class=\"elementor-field elementor-select-wrapper remove-before \">\n\t\t\t<div class=\"select-caret-down-wrapper\">\n\t\t\t\t<i aria-hidden=\"true\" class=\"eicon-caret-down\"><\/i>\t\t\t<\/div>\n\t\t\t<select name=\"form_fields[field_7f1ac88]\" id=\"form-field-field_7f1ac88\" class=\"elementor-field-textual elementor-size-md\" required=\"required\">\n\t\t\t\t\t\t\t\t\t<option value=\"16 G\u00fcn 16 E\u011fitmen 30 Saatlik Sertifika Program\u0131\">16 G\u00fcn 16 E\u011fitmen 30 Saatlik Sertifika Program\u0131<\/option>\n\t\t\t\t\t\t\t<\/select>\n\t\t<\/div>\n\t\t\t\t\t\t<\/div>\n\t\t\t\t\t\t\t\t<div class=\"elementor-field-type-upload elementor-field-group elementor-column elementor-field-group-field_ca0543a elementor-col-100 elementor-field-required\">\n\t\t\t\t\t\t\t\t\t\t\t\t<label for=\"form-field-field_ca0543a\" class=\"elementor-field-label\">\n\t\t\t\t\t\t\t\tDekont*\t\t\t\t\t\t\t<\/label>\n\t\t\t\t\t\t\t\t<input type=\"file\" name=\"form_fields[field_ca0543a]\" id=\"form-field-field_ca0543a\" class=\"elementor-field elementor-size-md  elementor-upload-field\" required=\"required\" data-maxsize=\"10\" data-maxsize-message=\"This file exceeds the maximum allowed size.\">\n\n\t\t\t\t\t\t<\/div>\n\t\t\t\t\t\t\t\t<div class=\"elementor-field-group elementor-column elementor-field-type-submit elementor-col-100 e-form__buttons\">\n\t\t\t\t\t<button class=\"elementor-button elementor-size-sm\" type=\"submit\">\n\t\t\t\t\t\t<span class=\"elementor-button-content-wrapper\">\n\t\t\t\t\t\t\t\t\t\t\t\t\t\t\t\t\t\t\t\t\t\t<span class=\"elementor-button-text\">G\u00f6nder<\/span>\n\t\t\t\t\t\t\t\t\t\t\t\t\t<\/span>\n\t\t\t\t\t<\/button>\n\t\t\t\t<\/div>\n\t\t\t<\/div>\n\t\t<\/form>\n\t\t\t\t\t\t<\/div>\n\t\t\t\t<\/div>\n\t\t\t\t\t<\/div>\n\t\t<\/div>\n\t\t\t\t\t<\/div>\n\t\t<\/section>\n\t\t\t\t<\/div>\n\t\t","protected":false},"excerpt":{"rendered":"<p>Performans Y\u00f6netimi Konulu E\u011fitim E\u011fitmen: G\u00f6khan K\u00fc\u00e7\u00fckosmano\u011fluEtkinlik Tarihi: 07.05.2025Etkinlik Saati: 20:00 &#8211; 21:30Lokasyon:Google Meets E\u011fitim \u0130\u00e7eri\u011fi Klasik ve modern performans y\u00f6netimi \u00f6rnekleri, g\u00fcncel trendler, \u0130K profesyonelleri ve y\u00f6neticiler i\u00e7in p\u00fcf noktalar\u0131 E\u011fitim Amac\u0131 \u00a0\u0130nsan Kaynaklar\u0131 profesyonelleri ve ekip y\u00f6neticilerine performans s\u00fcre\u00e7lerini kolay ve verimli y\u00f6netmeye y\u00f6nelik donan\u0131m sa\u011flamak E\u011fitime Kimler Kat\u0131lmal\u0131? \u0130K profesyonelleri ve ekip [&hellip;]<\/p>\n","protected":false},"author":3,"featured_media":0,"parent":1987,"menu_order":0,"comment_status":"closed","ping_status":"closed","template":"elementor_header_footer","meta":{"footnotes":""},"class_list":["post-2188","page","type-page","status-publish","hentry"],"_links":{"self":[{"href":"https:\/\/ikamid.org\/index.php?rest_route=\/wp\/v2\/pages\/2188","targetHints":{"allow":["GET"]}}],"collection":[{"href":"https:\/\/ikamid.org\/index.php?rest_route=\/wp\/v2\/pages"}],"about":[{"href":"https:\/\/ikamid.org\/index.php?rest_route=\/wp\/v2\/types\/page"}],"author":[{"embeddable":true,"href":"https:\/\/ikamid.org\/index.php?rest_route=\/wp\/v2\/users\/3"}],"replies":[{"embeddable":true,"href":"https:\/\/ikamid.org\/index.php?rest_route=%2Fwp%2Fv2%2Fcomments&post=2188"}],"version-history":[{"count":21,"href":"https:\/\/ikamid.org\/index.php?rest_route=\/wp\/v2\/pages\/2188\/revisions"}],"predecessor-version":[{"id":2776,"href":"https:\/\/ikamid.org\/index.php?rest_route=\/wp\/v2\/pages\/2188\/revisions\/2776"}],"up":[{"embeddable":true,"href":"https:\/\/ikamid.org\/index.php?rest_route=\/wp\/v2\/pages\/1987"}],"wp:attachment":[{"href":"https:\/\/ikamid.org\/index.php?rest_route=%2Fwp%2Fv2%2Fmedia&parent=2188"}],"curies":[{"name":"wp","href":"https:\/\/api.w.org\/{rel}","templated":true}]}}