{"id":2182,"date":"2025-02-19T12:41:02","date_gmt":"2025-02-19T09:41:02","guid":{"rendered":"https:\/\/ikamid.org\/?page_id=2182"},"modified":"2025-04-08T12:58:33","modified_gmt":"2025-04-08T09:58:33","slug":"ozlem-helvaci-sirketlerde-calisan-bagliligi-icin-dogru-calisan-deneyimi-tasarimi-konulu-egitim","status":"publish","type":"page","link":"https:\/\/ikamid.org\/?page_id=2182","title":{"rendered":"Dr Feyza Y\u0131lmaz | Organizasyonlarda \u00c7al\u0131\u015fan Ba\u011fl\u0131l\u0131\u011f\u0131n\u0131n Anahtar\u0131: \u00c7al\u0131\u015fan Deneyimi Tasar\u0131m\u0131"},"content":{"rendered":"\t\t<div data-elementor-type=\"wp-page\" data-elementor-id=\"2182\" class=\"elementor elementor-2182\" data-elementor-post-type=\"page\">\n\t\t\t\t\t\t<section class=\"elementor-section elementor-top-section elementor-element elementor-element-115518e5 elementor-section-boxed elementor-section-height-default elementor-section-height-default\" data-id=\"115518e5\" data-element_type=\"section\" data-e-type=\"section\">\n\t\t\t\t\t\t<div class=\"elementor-container elementor-column-gap-default\">\n\t\t\t\t\t<div class=\"elementor-column elementor-col-100 elementor-top-column elementor-element elementor-element-83d0607\" data-id=\"83d0607\" data-element_type=\"column\" data-e-type=\"column\">\n\t\t\t<div class=\"elementor-widget-wrap elementor-element-populated\">\n\t\t\t\t\t\t<div class=\"elementor-element elementor-element-7834dbbf elementor-widget elementor-widget-spacer\" data-id=\"7834dbbf\" data-element_type=\"widget\" data-e-type=\"widget\" data-widget_type=\"spacer.default\">\n\t\t\t\t<div class=\"elementor-widget-container\">\n\t\t\t\t\t\t\t<div class=\"elementor-spacer\">\n\t\t\t<div class=\"elementor-spacer-inner\"><\/div>\n\t\t<\/div>\n\t\t\t\t\t\t<\/div>\n\t\t\t\t<\/div>\n\t\t\t\t\t<\/div>\n\t\t<\/div>\n\t\t\t\t\t<\/div>\n\t\t<\/section>\n\t\t\t\t<section class=\"elementor-section elementor-top-section elementor-element elementor-element-6e266152 elementor-section-boxed elementor-section-height-default elementor-section-height-default\" data-id=\"6e266152\" data-element_type=\"section\" data-e-type=\"section\">\n\t\t\t\t\t\t<div class=\"elementor-container elementor-column-gap-default\">\n\t\t\t\t\t<div class=\"elementor-column elementor-col-66 elementor-top-column elementor-element elementor-element-433722f\" data-id=\"433722f\" data-element_type=\"column\" data-e-type=\"column\">\n\t\t\t<div class=\"elementor-widget-wrap elementor-element-populated\">\n\t\t\t\t\t\t<div class=\"elementor-element elementor-element-10298456 elementor-widget__width-initial elementor-widget elementor-widget-heading\" data-id=\"10298456\" data-element_type=\"widget\" data-e-type=\"widget\" data-widget_type=\"heading.default\">\n\t\t\t\t<div class=\"elementor-widget-container\">\n\t\t\t\t\t<h2 class=\"elementor-heading-title elementor-size-default\">Organizasyonlarda \u00c7al\u0131\u015fan Ba\u011fl\u0131l\u0131\u011f\u0131n\u0131n Anahtar\u0131: \u00c7al\u0131\u015fan Deneyimi Tasar\u0131m\u0131<\/h2>\t\t\t\t<\/div>\n\t\t\t\t<\/div>\n\t\t\t\t<div class=\"elementor-element elementor-element-57bdea7e elementor-widget elementor-widget-spacer\" data-id=\"57bdea7e\" data-element_type=\"widget\" data-e-type=\"widget\" data-widget_type=\"spacer.default\">\n\t\t\t\t<div class=\"elementor-widget-container\">\n\t\t\t\t\t\t\t<div class=\"elementor-spacer\">\n\t\t\t<div class=\"elementor-spacer-inner\"><\/div>\n\t\t<\/div>\n\t\t\t\t\t\t<\/div>\n\t\t\t\t<\/div>\n\t\t\t\t<div class=\"elementor-element elementor-element-2c3924bb elementor-widget elementor-widget-text-editor\" data-id=\"2c3924bb\" data-element_type=\"widget\" data-e-type=\"widget\" data-widget_type=\"text-editor.default\">\n\t\t\t\t<div class=\"elementor-widget-container\">\n\t\t\t\t\t\t\t\t\t<p>E\u011fitmen: <strong>Dr Feyza Y\u0131lmaz<br \/><\/strong>Etkinlik Tarihi:\u00a0<strong>22.04.2025<\/strong><br \/>Etkinlik Saati: <strong>20:00 &#8211; 21:30<\/strong><br \/>Lokasyon:<strong>Google Meets<\/strong><\/p>\t\t\t\t\t\t\t\t<\/div>\n\t\t\t\t<\/div>\n\t\t\t\t\t<\/div>\n\t\t<\/div>\n\t\t\t\t<div class=\"elementor-column elementor-col-33 elementor-top-column elementor-element elementor-element-1ffd3aab\" data-id=\"1ffd3aab\" data-element_type=\"column\" data-e-type=\"column\">\n\t\t\t<div class=\"elementor-widget-wrap elementor-element-populated\">\n\t\t\t\t\t\t<div class=\"elementor-element elementor-element-35868dbd elementor-widget elementor-widget-image\" data-id=\"35868dbd\" data-element_type=\"widget\" data-e-type=\"widget\" data-widget_type=\"image.default\">\n\t\t\t\t<div class=\"elementor-widget-container\">\n\t\t\t\t\t\t\t\t\t\t\t\t\t\t\t<img fetchpriority=\"high\" decoding=\"async\" width=\"486\" height=\"562\" src=\"https:\/\/ikamid.org\/wp-content\/uploads\/2025\/03\/Screenshot-2025-03-25-at-15.59.18.png\" class=\"attachment-large size-large wp-image-2620\" alt=\"\" srcset=\"https:\/\/ikamid.org\/wp-content\/uploads\/2025\/03\/Screenshot-2025-03-25-at-15.59.18.png 486w, https:\/\/ikamid.org\/wp-content\/uploads\/2025\/03\/Screenshot-2025-03-25-at-15.59.18-259x300.png 259w\" sizes=\"(max-width: 486px) 100vw, 486px\" \/>\t\t\t\t\t\t\t\t\t\t\t\t\t\t\t<\/div>\n\t\t\t\t<\/div>\n\t\t\t\t\t<\/div>\n\t\t<\/div>\n\t\t\t\t\t<\/div>\n\t\t<\/section>\n\t\t\t\t<section class=\"elementor-section elementor-top-section elementor-element elementor-element-416cebe4 elementor-section-boxed elementor-section-height-default elementor-section-height-default\" data-id=\"416cebe4\" data-element_type=\"section\" data-e-type=\"section\">\n\t\t\t\t\t\t<div class=\"elementor-container elementor-column-gap-default\">\n\t\t\t\t\t<div class=\"elementor-column elementor-col-100 elementor-top-column elementor-element elementor-element-657c8cb1\" data-id=\"657c8cb1\" data-element_type=\"column\" data-e-type=\"column\">\n\t\t\t<div class=\"elementor-widget-wrap\">\n\t\t\t\t\t\t\t<\/div>\n\t\t<\/div>\n\t\t\t\t\t<\/div>\n\t\t<\/section>\n\t\t\t\t<section class=\"elementor-section elementor-top-section elementor-element elementor-element-50b5004e elementor-section-boxed elementor-section-height-default elementor-section-height-default\" data-id=\"50b5004e\" data-element_type=\"section\" data-e-type=\"section\">\n\t\t\t\t\t\t<div class=\"elementor-container elementor-column-gap-default\">\n\t\t\t\t\t<div class=\"elementor-column elementor-col-100 elementor-top-column elementor-element elementor-element-6c075e5b\" data-id=\"6c075e5b\" data-element_type=\"column\" data-e-type=\"column\">\n\t\t\t<div class=\"elementor-widget-wrap elementor-element-populated\">\n\t\t\t\t\t\t<div class=\"elementor-element elementor-element-22f66e84 elementor-widget elementor-widget-spacer\" data-id=\"22f66e84\" data-element_type=\"widget\" data-e-type=\"widget\" data-widget_type=\"spacer.default\">\n\t\t\t\t<div class=\"elementor-widget-container\">\n\t\t\t\t\t\t\t<div class=\"elementor-spacer\">\n\t\t\t<div class=\"elementor-spacer-inner\"><\/div>\n\t\t<\/div>\n\t\t\t\t\t\t<\/div>\n\t\t\t\t<\/div>\n\t\t\t\t\t<\/div>\n\t\t<\/div>\n\t\t\t\t\t<\/div>\n\t\t<\/section>\n\t\t\t\t<section class=\"elementor-section elementor-top-section elementor-element elementor-element-34564002 elementor-section-boxed elementor-section-height-default elementor-section-height-default\" data-id=\"34564002\" data-element_type=\"section\" data-e-type=\"section\">\n\t\t\t\t\t\t<div class=\"elementor-container elementor-column-gap-default\">\n\t\t\t\t\t<div class=\"elementor-column elementor-col-100 elementor-top-column elementor-element elementor-element-562e3c2d\" data-id=\"562e3c2d\" data-element_type=\"column\" data-e-type=\"column\">\n\t\t\t<div class=\"elementor-widget-wrap elementor-element-populated\">\n\t\t\t\t\t\t<div class=\"elementor-element elementor-element-227b318d elementor-widget elementor-widget-heading\" data-id=\"227b318d\" data-element_type=\"widget\" data-e-type=\"widget\" data-widget_type=\"heading.default\">\n\t\t\t\t<div class=\"elementor-widget-container\">\n\t\t\t\t\t<h4 class=\"elementor-heading-title elementor-size-default\">E\u011fitime Kat\u0131lmak \u0130\u00e7in \u0130leti\u015fime Ge\u00e7iniz.<\/h4>\t\t\t\t<\/div>\n\t\t\t\t<\/div>\n\t\t\t\t\t<\/div>\n\t\t<\/div>\n\t\t\t\t\t<\/div>\n\t\t<\/section>\n\t\t\t\t<section class=\"elementor-section elementor-top-section elementor-element elementor-element-2479a6c4 elementor-section-boxed elementor-section-height-default elementor-section-height-default\" data-id=\"2479a6c4\" data-element_type=\"section\" data-e-type=\"section\">\n\t\t\t\t\t\t<div class=\"elementor-container elementor-column-gap-default\">\n\t\t\t\t\t<div class=\"elementor-column elementor-col-100 elementor-top-column elementor-element elementor-element-60d0c0fc\" data-id=\"60d0c0fc\" data-element_type=\"column\" data-e-type=\"column\">\n\t\t\t<div class=\"elementor-widget-wrap elementor-element-populated\">\n\t\t\t\t\t\t<div class=\"elementor-element elementor-element-1c4e87e elementor-widget elementor-widget-text-editor\" data-id=\"1c4e87e\" data-element_type=\"widget\" data-e-type=\"widget\" data-widget_type=\"text-editor.default\">\n\t\t\t\t<div class=\"elementor-widget-container\">\n\t\t\t\t\t\t\t\t\t<p>Toplam <strong>16 g\u00fcn<\/strong> boyunca <strong>16 e\u011fitmenle<\/strong> ger\u00e7ekle\u015ftirece\u011fimiz, <strong>30 saatlik<\/strong> \u00f6zel program\u0131m\u0131z\u0131n kat\u0131l\u0131m \u00fccreti <strong>4.500 TL<\/strong>&#8216;dir.<br \/>Ancak <strong>\u00fcyelerimize \u00f6zel fiyat\u0131m\u0131z sadece 2.500 TL<br \/><\/strong><br \/>\u00d6demeler i\u00e7in kullanabilece\u011finiz banka hesab\u0131m\u0131z;<br \/><strong>\u0130ban:<\/strong> TR56 0001 5001 5800 7308 4783 87 <br \/>\u0130NSAN KAYNAKLARI MESLEK\u0130 \u0130\u015eB\u0130RL\u0130\u011e\u0130 DERNE\u011e\u0130<\/p><p><span style=\"color: #404040; font-family: Inter, system-ui, -apple-system, 'system-ui', 'Segoe UI', Roboto, 'Noto Sans', Ubuntu, Cantarell, 'Helvetica Neue', Oxygen, 'Open Sans', sans-serif; font-size: 16.002px;\"><strong>NOT:<\/strong> Dekontu forma y\u00fcklerken veya g\u00f6nderirken herhangi bir sorun ya\u015farsan\u0131z, l\u00fctfen <strong>0530 939 11 42<\/strong> numaral\u0131 telefondan bizimle ileti\u015fime ge\u00e7in.<\/span><\/p>\t\t\t\t\t\t\t\t<\/div>\n\t\t\t\t<\/div>\n\t\t\t\t\t<\/div>\n\t\t<\/div>\n\t\t\t\t\t<\/div>\n\t\t<\/section>\n\t\t\t\t<section class=\"elementor-section elementor-top-section elementor-element elementor-element-3802fb3f elementor-section-boxed elementor-section-height-default elementor-section-height-default\" data-id=\"3802fb3f\" data-element_type=\"section\" data-e-type=\"section\">\n\t\t\t\t\t\t<div class=\"elementor-container elementor-column-gap-default\">\n\t\t\t\t\t<div class=\"elementor-column elementor-col-100 elementor-top-column elementor-element elementor-element-13eafc88\" data-id=\"13eafc88\" data-element_type=\"column\" data-e-type=\"column\">\n\t\t\t<div class=\"elementor-widget-wrap elementor-element-populated\">\n\t\t\t\t\t\t<div class=\"elementor-element elementor-element-39a518db elementor-button-align-stretch elementor-widget elementor-widget-form\" data-id=\"39a518db\" data-element_type=\"widget\" data-e-type=\"widget\" data-settings=\"{&quot;step_next_label&quot;:&quot;Next&quot;,&quot;step_previous_label&quot;:&quot;Previous&quot;,&quot;button_width&quot;:&quot;100&quot;,&quot;step_type&quot;:&quot;number_text&quot;,&quot;step_icon_shape&quot;:&quot;circle&quot;}\" data-widget_type=\"form.default\">\n\t\t\t\t<div class=\"elementor-widget-container\">\n\t\t\t\t\t\t\t<form class=\"elementor-form\" method=\"post\" name=\"New Form\" aria-label=\"New Form\">\n\t\t\t<input type=\"hidden\" name=\"post_id\" value=\"2182\"\/>\n\t\t\t<input type=\"hidden\" name=\"form_id\" value=\"39a518db\"\/>\n\t\t\t<input type=\"hidden\" name=\"referer_title\" value=\"Dr Feyza Y\u0131lmaz | Organizasyonlarda \u00c7al\u0131\u015fan Ba\u011fl\u0131l\u0131\u011f\u0131n\u0131n Anahtar\u0131: \u00c7al\u0131\u015fan Deneyimi Tasar\u0131m\u0131\" \/>\n\n\t\t\t\t\t\t\t<input type=\"hidden\" name=\"queried_id\" value=\"2182\"\/>\n\t\t\t\n\t\t\t<div class=\"elementor-form-fields-wrapper elementor-labels-above\">\n\t\t\t\t\t\t\t\t<div class=\"elementor-field-type-text elementor-field-group elementor-column elementor-field-group-name elementor-col-100\">\n\t\t\t\t\t\t\t\t\t\t\t\t\t<input size=\"1\" type=\"text\" name=\"form_fields[name]\" id=\"form-field-name\" class=\"elementor-field elementor-size-md  elementor-field-textual\" placeholder=\"Ad Soyad\">\n\t\t\t\t\t\t\t\t\t\t\t<\/div>\n\t\t\t\t\t\t\t\t<div class=\"elementor-field-type-email elementor-field-group elementor-column elementor-field-group-email elementor-col-100 elementor-field-required\">\n\t\t\t\t\t\t\t\t\t\t\t\t\t<input size=\"1\" type=\"email\" name=\"form_fields[email]\" id=\"form-field-email\" class=\"elementor-field elementor-size-md  elementor-field-textual\" placeholder=\"E-Posta\" required=\"required\">\n\t\t\t\t\t\t\t\t\t\t\t<\/div>\n\t\t\t\t\t\t\t\t<div class=\"elementor-field-type-tel elementor-field-group elementor-column elementor-field-group-field_013e419 elementor-col-100\">\n\t\t\t\t\t\t\t<input size=\"1\" type=\"tel\" name=\"form_fields[field_013e419]\" id=\"form-field-field_013e419\" class=\"elementor-field elementor-size-md  elementor-field-textual\" placeholder=\"Telefon\" pattern=\"[0-9()#&amp;+*-=.]+\" title=\"Only numbers and phone characters (#, -, *, etc) are accepted.\">\n\n\t\t\t\t\t\t<\/div>\n\t\t\t\t\t\t\t\t<div class=\"elementor-field-type-select elementor-field-group elementor-column elementor-field-group-field_7f1ac88 elementor-col-100 elementor-field-required\">\n\t\t\t\t\t\t\t<div class=\"elementor-field elementor-select-wrapper remove-before \">\n\t\t\t<div class=\"select-caret-down-wrapper\">\n\t\t\t\t<i aria-hidden=\"true\" class=\"eicon-caret-down\"><\/i>\t\t\t<\/div>\n\t\t\t<select name=\"form_fields[field_7f1ac88]\" id=\"form-field-field_7f1ac88\" class=\"elementor-field-textual elementor-size-md\" required=\"required\">\n\t\t\t\t\t\t\t\t\t<option value=\"16 G\u00fcn 16 E\u011fitmen 30 Saatlik Sertifika Program\u0131\">16 G\u00fcn 16 E\u011fitmen 30 Saatlik Sertifika Program\u0131<\/option>\n\t\t\t\t\t\t\t<\/select>\n\t\t<\/div>\n\t\t\t\t\t\t<\/div>\n\t\t\t\t\t\t\t\t<div class=\"elementor-field-type-upload elementor-field-group elementor-column elementor-field-group-field_ca0543a elementor-col-100 elementor-field-required\">\n\t\t\t\t\t\t\t\t\t\t\t\t<label for=\"form-field-field_ca0543a\" class=\"elementor-field-label\">\n\t\t\t\t\t\t\t\tDekont*\t\t\t\t\t\t\t<\/label>\n\t\t\t\t\t\t\t\t<input type=\"file\" name=\"form_fields[field_ca0543a]\" id=\"form-field-field_ca0543a\" class=\"elementor-field elementor-size-md  elementor-upload-field\" required=\"required\" data-maxsize=\"10\" data-maxsize-message=\"This file exceeds the maximum allowed size.\">\n\n\t\t\t\t\t\t<\/div>\n\t\t\t\t\t\t\t\t<div class=\"elementor-field-group elementor-column elementor-field-type-submit elementor-col-100 e-form__buttons\">\n\t\t\t\t\t<button class=\"elementor-button elementor-size-sm\" type=\"submit\">\n\t\t\t\t\t\t<span class=\"elementor-button-content-wrapper\">\n\t\t\t\t\t\t\t\t\t\t\t\t\t\t\t\t\t\t\t\t\t\t<span class=\"elementor-button-text\">G\u00f6nder<\/span>\n\t\t\t\t\t\t\t\t\t\t\t\t\t<\/span>\n\t\t\t\t\t<\/button>\n\t\t\t\t<\/div>\n\t\t\t<\/div>\n\t\t<\/form>\n\t\t\t\t\t\t<\/div>\n\t\t\t\t<\/div>\n\t\t\t\t\t<\/div>\n\t\t<\/div>\n\t\t\t\t\t<\/div>\n\t\t<\/section>\n\t\t\t\t<\/div>\n\t\t","protected":false},"excerpt":{"rendered":"<p>Organizasyonlarda \u00c7al\u0131\u015fan Ba\u011fl\u0131l\u0131\u011f\u0131n\u0131n Anahtar\u0131: \u00c7al\u0131\u015fan Deneyimi Tasar\u0131m\u0131 E\u011fitmen: Dr Feyza Y\u0131lmazEtkinlik Tarihi:\u00a022.04.2025Etkinlik Saati: 20:00 &#8211; 21:30Lokasyon:Google Meets E\u011fitime Kat\u0131lmak \u0130\u00e7in \u0130leti\u015fime Ge\u00e7iniz. Toplam 16 g\u00fcn boyunca 16 e\u011fitmenle ger\u00e7ekle\u015ftirece\u011fimiz, 30 saatlik \u00f6zel program\u0131m\u0131z\u0131n kat\u0131l\u0131m \u00fccreti 4.500 TL&#8216;dir.Ancak \u00fcyelerimize \u00f6zel fiyat\u0131m\u0131z sadece 2.500 TL\u00d6demeler i\u00e7in kullanabilece\u011finiz banka hesab\u0131m\u0131z;\u0130ban: TR56 0001 5001 5800 7308 4783 87 \u0130NSAN [&hellip;]<\/p>\n","protected":false},"author":3,"featured_media":0,"parent":1987,"menu_order":0,"comment_status":"closed","ping_status":"closed","template":"elementor_header_footer","meta":{"footnotes":""},"class_list":["post-2182","page","type-page","status-publish","hentry"],"_links":{"self":[{"href":"https:\/\/ikamid.org\/index.php?rest_route=\/wp\/v2\/pages\/2182","targetHints":{"allow":["GET"]}}],"collection":[{"href":"https:\/\/ikamid.org\/index.php?rest_route=\/wp\/v2\/pages"}],"about":[{"href":"https:\/\/ikamid.org\/index.php?rest_route=\/wp\/v2\/types\/page"}],"author":[{"embeddable":true,"href":"https:\/\/ikamid.org\/index.php?rest_route=\/wp\/v2\/users\/3"}],"replies":[{"embeddable":true,"href":"https:\/\/ikamid.org\/index.php?rest_route=%2Fwp%2Fv2%2Fcomments&post=2182"}],"version-history":[{"count":31,"href":"https:\/\/ikamid.org\/index.php?rest_route=\/wp\/v2\/pages\/2182\/revisions"}],"predecessor-version":[{"id":2788,"href":"https:\/\/ikamid.org\/index.php?rest_route=\/wp\/v2\/pages\/2182\/revisions\/2788"}],"up":[{"embeddable":true,"href":"https:\/\/ikamid.org\/index.php?rest_route=\/wp\/v2\/pages\/1987"}],"wp:attachment":[{"href":"https:\/\/ikamid.org\/index.php?rest_route=%2Fwp%2Fv2%2Fmedia&parent=2182"}],"curies":[{"name":"wp","href":"https:\/\/api.w.org\/{rel}","templated":true}]}}