{"id":2095,"date":"2025-02-18T14:48:56","date_gmt":"2025-02-18T11:48:56","guid":{"rendered":"https:\/\/ikamid.org\/?page_id=2095"},"modified":"2025-04-08T12:58:20","modified_gmt":"2025-04-08T09:58:20","slug":"erman-kavlak-head-hunter-gibi-ise-alim-yapabilmenin-formulu-konulu-egitim","status":"publish","type":"page","link":"https:\/\/ikamid.org\/?page_id=2095","title":{"rendered":"Erman Kavlak \u2013 Head Hunter Gibi \u0130\u015fe Al\u0131m Yapabilmenin Form\u00fcl\u00fc Konulu E\u011fitim"},"content":{"rendered":"\t\t<div data-elementor-type=\"wp-page\" data-elementor-id=\"2095\" class=\"elementor elementor-2095\" data-elementor-post-type=\"page\">\n\t\t\t\t\t\t<section class=\"elementor-section elementor-top-section elementor-element elementor-element-f621316 elementor-section-boxed elementor-section-height-default elementor-section-height-default\" data-id=\"f621316\" data-element_type=\"section\" data-e-type=\"section\">\n\t\t\t\t\t\t<div class=\"elementor-container elementor-column-gap-default\">\n\t\t\t\t\t<div class=\"elementor-column elementor-col-100 elementor-top-column elementor-element elementor-element-1294090\" data-id=\"1294090\" data-element_type=\"column\" data-e-type=\"column\">\n\t\t\t<div class=\"elementor-widget-wrap elementor-element-populated\">\n\t\t\t\t\t\t<div class=\"elementor-element elementor-element-dbd66dc elementor-widget elementor-widget-spacer\" data-id=\"dbd66dc\" data-element_type=\"widget\" data-e-type=\"widget\" data-widget_type=\"spacer.default\">\n\t\t\t\t<div class=\"elementor-widget-container\">\n\t\t\t\t\t\t\t<div class=\"elementor-spacer\">\n\t\t\t<div class=\"elementor-spacer-inner\"><\/div>\n\t\t<\/div>\n\t\t\t\t\t\t<\/div>\n\t\t\t\t<\/div>\n\t\t\t\t\t<\/div>\n\t\t<\/div>\n\t\t\t\t\t<\/div>\n\t\t<\/section>\n\t\t\t\t<section class=\"elementor-section elementor-top-section elementor-element elementor-element-4326fbd elementor-section-boxed elementor-section-height-default elementor-section-height-default\" data-id=\"4326fbd\" data-element_type=\"section\" data-e-type=\"section\">\n\t\t\t\t\t\t<div class=\"elementor-container elementor-column-gap-default\">\n\t\t\t\t\t<div class=\"elementor-column elementor-col-66 elementor-top-column elementor-element elementor-element-352ae5c\" data-id=\"352ae5c\" data-element_type=\"column\" data-e-type=\"column\">\n\t\t\t<div class=\"elementor-widget-wrap elementor-element-populated\">\n\t\t\t\t\t\t<div class=\"elementor-element elementor-element-c82c3a5 elementor-widget__width-initial elementor-widget elementor-widget-heading\" data-id=\"c82c3a5\" data-element_type=\"widget\" data-e-type=\"widget\" data-widget_type=\"heading.default\">\n\t\t\t\t<div class=\"elementor-widget-container\">\n\t\t\t\t\t<h2 class=\"elementor-heading-title elementor-size-default\">Head Hunter Gibi \u0130\u015fe Al\u0131m Yapabilmenin Form\u00fcl\u00fc Konulu E\u011fitim<\/h2>\t\t\t\t<\/div>\n\t\t\t\t<\/div>\n\t\t\t\t<div class=\"elementor-element elementor-element-16ba442 elementor-widget elementor-widget-spacer\" data-id=\"16ba442\" data-element_type=\"widget\" data-e-type=\"widget\" data-widget_type=\"spacer.default\">\n\t\t\t\t<div class=\"elementor-widget-container\">\n\t\t\t\t\t\t\t<div class=\"elementor-spacer\">\n\t\t\t<div class=\"elementor-spacer-inner\"><\/div>\n\t\t<\/div>\n\t\t\t\t\t\t<\/div>\n\t\t\t\t<\/div>\n\t\t\t\t<div class=\"elementor-element elementor-element-5cc1e85 elementor-widget elementor-widget-text-editor\" data-id=\"5cc1e85\" data-element_type=\"widget\" data-e-type=\"widget\" data-widget_type=\"text-editor.default\">\n\t\t\t\t<div class=\"elementor-widget-container\">\n\t\t\t\t\t\t\t\t\t<p>E\u011fitmen: <strong>Erman Kavlak<br \/><\/strong>Etkinlik Tarihi:\u00a0<strong>14.04.2025<\/strong><br \/>Etkinlik Saati: <strong>20:00 &#8211; 21:30<\/strong><br \/>Lokasyon:<strong>Google Meets<\/strong><\/p>\t\t\t\t\t\t\t\t<\/div>\n\t\t\t\t<\/div>\n\t\t\t\t\t<\/div>\n\t\t<\/div>\n\t\t\t\t<div class=\"elementor-column elementor-col-33 elementor-top-column elementor-element elementor-element-a6c0499\" data-id=\"a6c0499\" data-element_type=\"column\" data-e-type=\"column\">\n\t\t\t<div class=\"elementor-widget-wrap elementor-element-populated\">\n\t\t\t\t\t\t<div class=\"elementor-element elementor-element-ba5893f elementor-widget elementor-widget-image\" data-id=\"ba5893f\" data-element_type=\"widget\" data-e-type=\"widget\" data-widget_type=\"image.default\">\n\t\t\t\t<div class=\"elementor-widget-container\">\n\t\t\t\t\t\t\t\t\t\t\t\t\t\t\t<img fetchpriority=\"high\" decoding=\"async\" width=\"420\" height=\"496\" src=\"https:\/\/ikamid.org\/wp-content\/uploads\/2025\/02\/Screenshot-2025-02-18-at-14.20.58.png\" class=\"attachment-large size-large wp-image-2057\" alt=\"\" srcset=\"https:\/\/ikamid.org\/wp-content\/uploads\/2025\/02\/Screenshot-2025-02-18-at-14.20.58.png 420w, https:\/\/ikamid.org\/wp-content\/uploads\/2025\/02\/Screenshot-2025-02-18-at-14.20.58-254x300.png 254w\" sizes=\"(max-width: 420px) 100vw, 420px\" \/>\t\t\t\t\t\t\t\t\t\t\t\t\t\t\t<\/div>\n\t\t\t\t<\/div>\n\t\t\t\t\t<\/div>\n\t\t<\/div>\n\t\t\t\t\t<\/div>\n\t\t<\/section>\n\t\t\t\t<section class=\"elementor-section elementor-top-section elementor-element elementor-element-0704a6d elementor-section-boxed elementor-section-height-default elementor-section-height-default\" data-id=\"0704a6d\" data-element_type=\"section\" data-e-type=\"section\">\n\t\t\t\t\t\t<div class=\"elementor-container elementor-column-gap-default\">\n\t\t\t\t\t<div class=\"elementor-column elementor-col-100 elementor-top-column elementor-element elementor-element-eed03f8\" data-id=\"eed03f8\" data-element_type=\"column\" data-e-type=\"column\">\n\t\t\t<div class=\"elementor-widget-wrap\">\n\t\t\t\t\t\t\t<\/div>\n\t\t<\/div>\n\t\t\t\t\t<\/div>\n\t\t<\/section>\n\t\t\t\t<section class=\"elementor-section elementor-top-section elementor-element elementor-element-4f693c5 elementor-section-boxed elementor-section-height-default elementor-section-height-default\" data-id=\"4f693c5\" data-element_type=\"section\" data-e-type=\"section\">\n\t\t\t\t\t\t<div class=\"elementor-container elementor-column-gap-default\">\n\t\t\t\t\t<div class=\"elementor-column elementor-col-100 elementor-top-column elementor-element elementor-element-9ed5e05\" data-id=\"9ed5e05\" data-element_type=\"column\" data-e-type=\"column\">\n\t\t\t<div class=\"elementor-widget-wrap elementor-element-populated\">\n\t\t\t\t\t\t<div class=\"elementor-element elementor-element-27418b5 elementor-widget elementor-widget-spacer\" data-id=\"27418b5\" data-element_type=\"widget\" data-e-type=\"widget\" data-widget_type=\"spacer.default\">\n\t\t\t\t<div class=\"elementor-widget-container\">\n\t\t\t\t\t\t\t<div class=\"elementor-spacer\">\n\t\t\t<div class=\"elementor-spacer-inner\"><\/div>\n\t\t<\/div>\n\t\t\t\t\t\t<\/div>\n\t\t\t\t<\/div>\n\t\t\t\t\t<\/div>\n\t\t<\/div>\n\t\t\t\t\t<\/div>\n\t\t<\/section>\n\t\t\t\t<section class=\"elementor-section elementor-top-section elementor-element elementor-element-656b2a9 elementor-section-boxed elementor-section-height-default elementor-section-height-default\" data-id=\"656b2a9\" data-element_type=\"section\" data-e-type=\"section\">\n\t\t\t\t\t\t<div class=\"elementor-container elementor-column-gap-default\">\n\t\t\t\t\t<div class=\"elementor-column elementor-col-100 elementor-top-column elementor-element elementor-element-36a89ef\" data-id=\"36a89ef\" data-element_type=\"column\" data-e-type=\"column\">\n\t\t\t<div class=\"elementor-widget-wrap elementor-element-populated\">\n\t\t\t\t\t\t<div class=\"elementor-element elementor-element-22265ae elementor-widget elementor-widget-heading\" data-id=\"22265ae\" data-element_type=\"widget\" data-e-type=\"widget\" data-widget_type=\"heading.default\">\n\t\t\t\t<div class=\"elementor-widget-container\">\n\t\t\t\t\t<h4 class=\"elementor-heading-title elementor-size-default\">E\u011fitime Kat\u0131lmak \u0130\u00e7in \u0130leti\u015fime Ge\u00e7iniz. <\/h4>\t\t\t\t<\/div>\n\t\t\t\t<\/div>\n\t\t\t\t\t<\/div>\n\t\t<\/div>\n\t\t\t\t\t<\/div>\n\t\t<\/section>\n\t\t\t\t<section class=\"elementor-section elementor-top-section elementor-element elementor-element-d98585f elementor-section-boxed elementor-section-height-default elementor-section-height-default\" data-id=\"d98585f\" data-element_type=\"section\" data-e-type=\"section\">\n\t\t\t\t\t\t<div class=\"elementor-container elementor-column-gap-default\">\n\t\t\t\t\t<div class=\"elementor-column elementor-col-100 elementor-top-column elementor-element elementor-element-991cd94\" data-id=\"991cd94\" data-element_type=\"column\" data-e-type=\"column\">\n\t\t\t<div class=\"elementor-widget-wrap elementor-element-populated\">\n\t\t\t\t\t\t<div class=\"elementor-element elementor-element-5985b29 elementor-widget elementor-widget-text-editor\" data-id=\"5985b29\" data-element_type=\"widget\" data-e-type=\"widget\" data-widget_type=\"text-editor.default\">\n\t\t\t\t<div class=\"elementor-widget-container\">\n\t\t\t\t\t\t\t\t\t<p>Toplam <strong>16 g\u00fcn<\/strong> boyunca <strong>16 e\u011fitmenle<\/strong> ger\u00e7ekle\u015ftirece\u011fimiz, <strong>30 saatlik<\/strong> \u00f6zel program\u0131m\u0131z\u0131n kat\u0131l\u0131m \u00fccreti <strong>4.500 TL<\/strong>&#8216;dir.<br \/>Ancak <strong>\u00fcyelerimize \u00f6zel fiyat\u0131m\u0131z sadece 2.500 TL<br \/><\/strong><br \/>\u00d6demeler i\u00e7in kullanabilece\u011finiz banka hesab\u0131m\u0131z;<br \/><strong>\u0130ban:<\/strong> TR56 0001 5001 5800 7308 4783 87 <br \/>\u0130NSAN KAYNAKLARI MESLEK\u0130 \u0130\u015eB\u0130RL\u0130\u011e\u0130 DERNE\u011e\u0130<\/p><p><span style=\"color: #404040; font-family: Inter, system-ui, -apple-system, 'system-ui', 'Segoe UI', Roboto, 'Noto Sans', Ubuntu, Cantarell, 'Helvetica Neue', Oxygen, 'Open Sans', sans-serif; font-size: 16.002px;\"><strong>NOT:<\/strong> Dekontu forma y\u00fcklerken veya g\u00f6nderirken herhangi bir sorun ya\u015farsan\u0131z, l\u00fctfen <strong>0530 939 11 42<\/strong> numaral\u0131 telefondan bizimle ileti\u015fime ge\u00e7in.<\/span><\/p>\t\t\t\t\t\t\t\t<\/div>\n\t\t\t\t<\/div>\n\t\t\t\t\t<\/div>\n\t\t<\/div>\n\t\t\t\t\t<\/div>\n\t\t<\/section>\n\t\t\t\t<section class=\"elementor-section elementor-top-section elementor-element elementor-element-0148101 elementor-section-boxed elementor-section-height-default elementor-section-height-default\" data-id=\"0148101\" data-element_type=\"section\" data-e-type=\"section\">\n\t\t\t\t\t\t<div class=\"elementor-container elementor-column-gap-default\">\n\t\t\t\t\t<div class=\"elementor-column elementor-col-100 elementor-top-column elementor-element elementor-element-6a28627\" data-id=\"6a28627\" data-element_type=\"column\" data-e-type=\"column\">\n\t\t\t<div class=\"elementor-widget-wrap elementor-element-populated\">\n\t\t\t\t\t\t<div class=\"elementor-element elementor-element-c228df6 elementor-button-align-stretch elementor-widget elementor-widget-form\" data-id=\"c228df6\" data-element_type=\"widget\" data-e-type=\"widget\" data-settings=\"{&quot;step_next_label&quot;:&quot;Next&quot;,&quot;step_previous_label&quot;:&quot;Previous&quot;,&quot;button_width&quot;:&quot;100&quot;,&quot;step_type&quot;:&quot;number_text&quot;,&quot;step_icon_shape&quot;:&quot;circle&quot;}\" data-widget_type=\"form.default\">\n\t\t\t\t<div class=\"elementor-widget-container\">\n\t\t\t\t\t\t\t<form class=\"elementor-form\" method=\"post\" name=\"New Form\" aria-label=\"New Form\">\n\t\t\t<input type=\"hidden\" name=\"post_id\" value=\"2095\"\/>\n\t\t\t<input type=\"hidden\" name=\"form_id\" value=\"c228df6\"\/>\n\t\t\t<input type=\"hidden\" name=\"referer_title\" value=\"Erman Kavlak \u2013 Head Hunter Gibi \u0130\u015fe Al\u0131m Yapabilmenin Form\u00fcl\u00fc Konulu E\u011fitim\" \/>\n\n\t\t\t\t\t\t\t<input type=\"hidden\" name=\"queried_id\" value=\"2095\"\/>\n\t\t\t\n\t\t\t<div class=\"elementor-form-fields-wrapper elementor-labels-above\">\n\t\t\t\t\t\t\t\t<div class=\"elementor-field-type-text elementor-field-group elementor-column elementor-field-group-name elementor-col-100\">\n\t\t\t\t\t\t\t\t\t\t\t\t\t<input size=\"1\" type=\"text\" name=\"form_fields[name]\" id=\"form-field-name\" class=\"elementor-field elementor-size-md  elementor-field-textual\" placeholder=\"Ad Soyad\">\n\t\t\t\t\t\t\t\t\t\t\t<\/div>\n\t\t\t\t\t\t\t\t<div class=\"elementor-field-type-email elementor-field-group elementor-column elementor-field-group-email elementor-col-100 elementor-field-required\">\n\t\t\t\t\t\t\t\t\t\t\t\t\t<input size=\"1\" type=\"email\" name=\"form_fields[email]\" id=\"form-field-email\" class=\"elementor-field elementor-size-md  elementor-field-textual\" placeholder=\"E-Posta\" required=\"required\">\n\t\t\t\t\t\t\t\t\t\t\t<\/div>\n\t\t\t\t\t\t\t\t<div class=\"elementor-field-type-tel elementor-field-group elementor-column elementor-field-group-field_013e419 elementor-col-100\">\n\t\t\t\t\t\t\t<input size=\"1\" type=\"tel\" name=\"form_fields[field_013e419]\" id=\"form-field-field_013e419\" class=\"elementor-field elementor-size-md  elementor-field-textual\" placeholder=\"Telefon\" pattern=\"[0-9()#&amp;+*-=.]+\" title=\"Only numbers and phone characters (#, -, *, etc) are accepted.\">\n\n\t\t\t\t\t\t<\/div>\n\t\t\t\t\t\t\t\t<div class=\"elementor-field-type-select elementor-field-group elementor-column elementor-field-group-field_7f1ac88 elementor-col-100 elementor-field-required\">\n\t\t\t\t\t\t\t<div class=\"elementor-field elementor-select-wrapper remove-before \">\n\t\t\t<div class=\"select-caret-down-wrapper\">\n\t\t\t\t<i aria-hidden=\"true\" class=\"eicon-caret-down\"><\/i>\t\t\t<\/div>\n\t\t\t<select name=\"form_fields[field_7f1ac88]\" id=\"form-field-field_7f1ac88\" class=\"elementor-field-textual elementor-size-md\" required=\"required\">\n\t\t\t\t\t\t\t\t\t<option value=\"16 G\u00fcn 16 E\u011fitmen 30 Saatlik Sertifika Program\u0131\">16 G\u00fcn 16 E\u011fitmen 30 Saatlik Sertifika Program\u0131<\/option>\n\t\t\t\t\t\t\t<\/select>\n\t\t<\/div>\n\t\t\t\t\t\t<\/div>\n\t\t\t\t\t\t\t\t<div class=\"elementor-field-type-upload elementor-field-group elementor-column elementor-field-group-field_ca0543a elementor-col-100 elementor-field-required\">\n\t\t\t\t\t\t\t\t\t\t\t\t<label for=\"form-field-field_ca0543a\" class=\"elementor-field-label\">\n\t\t\t\t\t\t\t\tDekont*\t\t\t\t\t\t\t<\/label>\n\t\t\t\t\t\t\t\t<input type=\"file\" name=\"form_fields[field_ca0543a]\" id=\"form-field-field_ca0543a\" class=\"elementor-field elementor-size-md  elementor-upload-field\" required=\"required\" data-maxsize=\"10\" data-maxsize-message=\"This file exceeds the maximum allowed size.\">\n\n\t\t\t\t\t\t<\/div>\n\t\t\t\t\t\t\t\t<div class=\"elementor-field-group elementor-column elementor-field-type-submit elementor-col-100 e-form__buttons\">\n\t\t\t\t\t<button class=\"elementor-button elementor-size-sm\" type=\"submit\">\n\t\t\t\t\t\t<span class=\"elementor-button-content-wrapper\">\n\t\t\t\t\t\t\t\t\t\t\t\t\t\t\t\t\t\t\t\t\t\t<span class=\"elementor-button-text\">G\u00f6nder<\/span>\n\t\t\t\t\t\t\t\t\t\t\t\t\t<\/span>\n\t\t\t\t\t<\/button>\n\t\t\t\t<\/div>\n\t\t\t<\/div>\n\t\t<\/form>\n\t\t\t\t\t\t<\/div>\n\t\t\t\t<\/div>\n\t\t\t\t\t<\/div>\n\t\t<\/div>\n\t\t\t\t\t<\/div>\n\t\t<\/section>\n\t\t\t\t<\/div>\n\t\t","protected":false},"excerpt":{"rendered":"<p>Head Hunter Gibi \u0130\u015fe Al\u0131m Yapabilmenin Form\u00fcl\u00fc Konulu E\u011fitim E\u011fitmen: Erman KavlakEtkinlik Tarihi:\u00a014.04.2025Etkinlik Saati: 20:00 &#8211; 21:30Lokasyon:Google Meets E\u011fitim \u0130\u00e7eri\u011fi T\u00fcm headhunterlar ayn\u0131 zamanda i\u015fe al\u0131mc\u0131s\u0131d\u0131r, ancak t\u00fcm i\u015fe al\u0131mc\u0131lar Head hunter de\u011fildir.\u00a0 Nas\u0131l headhunter gibi g\u00f6r\u00fcnmeyen pasif adaylara eri\u015fir ve m\u00fckemmel e\u015fle\u015fmeye sahip adaylara ula\u015f\u0131rs\u0131n\u0131z? bunlar\u0131n s\u0131rlar\u0131n\u0131 \u00f6\u011frendi\u011finiz e\u011fitimimiz i\u015fe al\u0131m uzmanlar\u0131nda fark yaratmay\u0131 [&hellip;]<\/p>\n","protected":false},"author":3,"featured_media":0,"parent":1987,"menu_order":0,"comment_status":"closed","ping_status":"closed","template":"elementor_header_footer","meta":{"footnotes":""},"class_list":["post-2095","page","type-page","status-publish","hentry"],"_links":{"self":[{"href":"https:\/\/ikamid.org\/index.php?rest_route=\/wp\/v2\/pages\/2095","targetHints":{"allow":["GET"]}}],"collection":[{"href":"https:\/\/ikamid.org\/index.php?rest_route=\/wp\/v2\/pages"}],"about":[{"href":"https:\/\/ikamid.org\/index.php?rest_route=\/wp\/v2\/types\/page"}],"author":[{"embeddable":true,"href":"https:\/\/ikamid.org\/index.php?rest_route=\/wp\/v2\/users\/3"}],"replies":[{"embeddable":true,"href":"https:\/\/ikamid.org\/index.php?rest_route=%2Fwp%2Fv2%2Fcomments&post=2095"}],"version-history":[{"count":62,"href":"https:\/\/ikamid.org\/index.php?rest_route=\/wp\/v2\/pages\/2095\/revisions"}],"predecessor-version":[{"id":2785,"href":"https:\/\/ikamid.org\/index.php?rest_route=\/wp\/v2\/pages\/2095\/revisions\/2785"}],"up":[{"embeddable":true,"href":"https:\/\/ikamid.org\/index.php?rest_route=\/wp\/v2\/pages\/1987"}],"wp:attachment":[{"href":"https:\/\/ikamid.org\/index.php?rest_route=%2Fwp%2Fv2%2Fmedia&parent=2095"}],"curies":[{"name":"wp","href":"https:\/\/api.w.org\/{rel}","templated":true}]}}